{"id":879,"date":"2021-03-31T00:26:28","date_gmt":"2021-03-31T00:26:28","guid":{"rendered":"https:\/\/martind.ca\/?page_id=879"},"modified":"2025-11-05T15:39:00","modified_gmt":"2025-11-05T20:39:00","slug":"daich-coatings","status":"publish","type":"page","link":"https:\/\/martind.ca\/fr\/products\/daich-coatings\/","title":{"rendered":"Daich Coatings"},"content":{"rendered":"\n<h2 class=\"wp-block-heading\"><strong><strong><strong>Daich Coatings<\/strong><\/strong><\/strong><\/h2>\n\n\n\n<div class=\"wp-block-group\"><div class=\"wp-block-group__inner-container is-layout-flow wp-block-group-is-layout-flow\">\n<div class=\"wp-block-columns alignfull is-layout-flex wp-container-core-columns-is-layout-9d6595d7 wp-block-columns-is-layout-flex\">\n<div class=\"wp-block-column is-layout-flow wp-block-column-is-layout-flow\">\n<div class=\"wp-block-getwid-images-slider has-arrows-inside has-dots-inside has-images-center has-fitted-images has-fixed-height\"><div class=\"wp-block-getwid-images-slider__wrapper\" data-effect=\"slide\" data-slides-show=\"1\" data-slides-show-laptop=\"1\" data-slides-show-tablet=\"1\" data-slides-show-mobile=\"1\" data-slides-scroll=\"1\" data-autoplay=\"true\" data-pause-hover=\"false\" data-autoplay-speed=\"6000\" data-infinite=\"true\" data-animation-speed=\"500\" data-center-mode=\"false\" data-variable-width=\"false\" data-arrows=\"inside\" data-dots=\"inside\" data-spacing=\"none\"><div class=\"wp-block-getwid-images-slider__item\" style=\"height:600px\"><figure><img loading=\"lazy\" decoding=\"async\" width=\"1000\" height=\"1000\" src=\"https:\/\/martind.ca\/wp-content\/uploads\/2021\/03\/TracSafe.jpg\" data-id=\"765\" data-link=\"https:\/\/martind.ca\/fr\/products\/daich-coatings\/tracsafe-2\/\" data-original-link=\"https:\/\/martind.ca\/wp-content\/uploads\/2021\/03\/TracSafe.jpg\" class=\"wp-block-getwid-images-slider__image wp-image-765\" srcset=\"https:\/\/martind.ca\/wp-content\/uploads\/2021\/03\/TracSafe.jpg 1000w, https:\/\/martind.ca\/wp-content\/uploads\/2021\/03\/TracSafe-300x300.jpg 300w, https:\/\/martind.ca\/wp-content\/uploads\/2021\/03\/TracSafe-150x150.jpg 150w, https:\/\/martind.ca\/wp-content\/uploads\/2021\/03\/TracSafe-768x768.jpg 768w\" sizes=\"auto, (max-width: 1000px) 100vw, 1000px\" \/><\/figure><\/div><div class=\"wp-block-getwid-images-slider__item\" style=\"height:600px\"><figure><img loading=\"lazy\" decoding=\"async\" width=\"1000\" height=\"1000\" src=\"https:\/\/martind.ca\/wp-content\/uploads\/2021\/03\/Spreadstone.jpg\" data-id=\"767\" data-link=\"https:\/\/martind.ca\/fr\/products\/daich-coatings\/spreadstone-2\/\" data-original-link=\"https:\/\/martind.ca\/wp-content\/uploads\/2021\/03\/Spreadstone.jpg\" class=\"wp-block-getwid-images-slider__image wp-image-767\" srcset=\"https:\/\/martind.ca\/wp-content\/uploads\/2021\/03\/Spreadstone.jpg 1000w, https:\/\/martind.ca\/wp-content\/uploads\/2021\/03\/Spreadstone-300x300.jpg 300w, https:\/\/martind.ca\/wp-content\/uploads\/2021\/03\/Spreadstone-150x150.jpg 150w, https:\/\/martind.ca\/wp-content\/uploads\/2021\/03\/Spreadstone-768x768.jpg 768w\" sizes=\"auto, (max-width: 1000px) 100vw, 1000px\" \/><\/figure><\/div><div class=\"wp-block-getwid-images-slider__item\" style=\"height:600px\"><figure><img loading=\"lazy\" decoding=\"async\" width=\"1000\" height=\"1000\" src=\"https:\/\/martind.ca\/wp-content\/uploads\/2021\/03\/SpreadstoneOyster.jpg\" data-id=\"769\" data-link=\"https:\/\/martind.ca\/fr\/products\/daich-coatings\/spreadstoneoyster-2\/\" data-original-link=\"https:\/\/martind.ca\/wp-content\/uploads\/2021\/03\/SpreadstoneOyster.jpg\" class=\"wp-block-getwid-images-slider__image wp-image-769\" srcset=\"https:\/\/martind.ca\/wp-content\/uploads\/2021\/03\/SpreadstoneOyster.jpg 1000w, https:\/\/martind.ca\/wp-content\/uploads\/2021\/03\/SpreadstoneOyster-300x300.jpg 300w, https:\/\/martind.ca\/wp-content\/uploads\/2021\/03\/SpreadstoneOyster-150x150.jpg 150w, https:\/\/martind.ca\/wp-content\/uploads\/2021\/03\/SpreadstoneOyster-768x768.jpg 768w\" sizes=\"auto, (max-width: 1000px) 100vw, 1000px\" \/><\/figure><\/div><div class=\"wp-block-getwid-images-slider__item\" style=\"height:600px\"><figure><img loading=\"lazy\" decoding=\"async\" width=\"1000\" height=\"1000\" src=\"https:\/\/martind.ca\/wp-content\/uploads\/2021\/03\/Spreadstone-OnyxFOg.jpg\" data-id=\"771\" data-link=\"https:\/\/martind.ca\/fr\/products\/daich-coatings\/spreadstone-onyxfog-2\/\" data-original-link=\"https:\/\/martind.ca\/wp-content\/uploads\/2021\/03\/Spreadstone-OnyxFOg.jpg\" class=\"wp-block-getwid-images-slider__image wp-image-771\" srcset=\"https:\/\/martind.ca\/wp-content\/uploads\/2021\/03\/Spreadstone-OnyxFOg.jpg 1000w, https:\/\/martind.ca\/wp-content\/uploads\/2021\/03\/Spreadstone-OnyxFOg-300x300.jpg 300w, https:\/\/martind.ca\/wp-content\/uploads\/2021\/03\/Spreadstone-OnyxFOg-150x150.jpg 150w, https:\/\/martind.ca\/wp-content\/uploads\/2021\/03\/Spreadstone-OnyxFOg-768x768.jpg 768w\" sizes=\"auto, (max-width: 1000px) 100vw, 1000px\" \/><\/figure><\/div><div class=\"wp-block-getwid-images-slider__item\" style=\"height:600px\"><figure><img loading=\"lazy\" decoding=\"async\" width=\"1000\" height=\"1000\" src=\"https:\/\/martind.ca\/wp-content\/uploads\/2021\/03\/Spreadstone-VolcanicBlack.jpg\" data-id=\"773\" data-link=\"https:\/\/martind.ca\/fr\/products\/daich-coatings\/spreadstone-volcanicblack-2\/\" data-original-link=\"https:\/\/martind.ca\/wp-content\/uploads\/2021\/03\/Spreadstone-VolcanicBlack.jpg\" class=\"wp-block-getwid-images-slider__image wp-image-773\" srcset=\"https:\/\/martind.ca\/wp-content\/uploads\/2021\/03\/Spreadstone-VolcanicBlack.jpg 1000w, https:\/\/martind.ca\/wp-content\/uploads\/2021\/03\/Spreadstone-VolcanicBlack-300x300.jpg 300w, https:\/\/martind.ca\/wp-content\/uploads\/2021\/03\/Spreadstone-VolcanicBlack-150x150.jpg 150w, https:\/\/martind.ca\/wp-content\/uploads\/2021\/03\/Spreadstone-VolcanicBlack-768x768.jpg 768w\" sizes=\"auto, (max-width: 1000px) 100vw, 1000px\" \/><\/figure><\/div><div class=\"wp-block-getwid-images-slider__item\" style=\"height:600px\"><figure><img loading=\"lazy\" decoding=\"async\" width=\"1000\" height=\"1000\" src=\"https:\/\/martind.ca\/wp-content\/uploads\/2021\/03\/Spreadstone-NaturalWhite.jpg\" data-id=\"775\" data-link=\"https:\/\/martind.ca\/fr\/products\/daich-coatings\/spreadstone-naturalwhite-2\/\" data-original-link=\"https:\/\/martind.ca\/wp-content\/uploads\/2021\/03\/Spreadstone-NaturalWhite.jpg\" class=\"wp-block-getwid-images-slider__image wp-image-775\" srcset=\"https:\/\/martind.ca\/wp-content\/uploads\/2021\/03\/Spreadstone-NaturalWhite.jpg 1000w, https:\/\/martind.ca\/wp-content\/uploads\/2021\/03\/Spreadstone-NaturalWhite-300x300.jpg 300w, https:\/\/martind.ca\/wp-content\/uploads\/2021\/03\/Spreadstone-NaturalWhite-150x150.jpg 150w, https:\/\/martind.ca\/wp-content\/uploads\/2021\/03\/Spreadstone-NaturalWhite-768x768.jpg 768w\" sizes=\"auto, (max-width: 1000px) 100vw, 1000px\" \/><\/figure><\/div><div class=\"wp-block-getwid-images-slider__item\" style=\"height:600px\"><figure><img loading=\"lazy\" decoding=\"async\" width=\"1000\" height=\"1000\" src=\"https:\/\/martind.ca\/wp-content\/uploads\/2021\/03\/SpreadstoneCanyonGold.jpg\" data-id=\"777\" data-link=\"https:\/\/martind.ca\/fr\/products\/daich-coatings\/spreadstonecanyongold-2\/\" data-original-link=\"https:\/\/martind.ca\/wp-content\/uploads\/2021\/03\/SpreadstoneCanyonGold.jpg\" class=\"wp-block-getwid-images-slider__image wp-image-777\" srcset=\"https:\/\/martind.ca\/wp-content\/uploads\/2021\/03\/SpreadstoneCanyonGold.jpg 1000w, https:\/\/martind.ca\/wp-content\/uploads\/2021\/03\/SpreadstoneCanyonGold-300x300.jpg 300w, https:\/\/martind.ca\/wp-content\/uploads\/2021\/03\/SpreadstoneCanyonGold-150x150.jpg 150w, https:\/\/martind.ca\/wp-content\/uploads\/2021\/03\/SpreadstoneCanyonGold-768x768.jpg 768w\" sizes=\"auto, (max-width: 1000px) 100vw, 1000px\" \/><\/figure><\/div><div class=\"wp-block-getwid-images-slider__item\" style=\"height:600px\"><figure><img loading=\"lazy\" decoding=\"async\" width=\"1000\" height=\"1005\" src=\"https:\/\/martind.ca\/wp-content\/uploads\/2021\/11\/Terrazzo_Web.jpg\" data-id=\"2768\" data-link=\"https:\/\/martind.ca\/fr\/products\/daich-coatings\/terrazzo_web-2\/\" data-original-link=\"https:\/\/martind.ca\/wp-content\/uploads\/2021\/11\/Terrazzo_Web.jpg\" class=\"wp-block-getwid-images-slider__image wp-image-2768\" srcset=\"https:\/\/martind.ca\/wp-content\/uploads\/2021\/11\/Terrazzo_Web.jpg 1000w, https:\/\/martind.ca\/wp-content\/uploads\/2021\/11\/Terrazzo_Web-150x150.jpg 150w, https:\/\/martind.ca\/wp-content\/uploads\/2021\/11\/Terrazzo_Web-768x772.jpg 768w, https:\/\/martind.ca\/wp-content\/uploads\/2021\/11\/Terrazzo_Web-24x24.jpg 24w, https:\/\/martind.ca\/wp-content\/uploads\/2021\/11\/Terrazzo_Web-36x36.jpg 36w, https:\/\/martind.ca\/wp-content\/uploads\/2021\/11\/Terrazzo_Web-48x48.jpg 48w\" sizes=\"auto, (max-width: 1000px) 100vw, 1000px\" \/><\/figure><\/div><div class=\"wp-block-getwid-images-slider__item\" style=\"height:600px\"><figure><img loading=\"lazy\" decoding=\"async\" width=\"500\" height=\"500\" src=\"https:\/\/martind.ca\/wp-content\/uploads\/2021\/11\/Terrazzo_Cafe.jpg\" data-id=\"2783\" data-link=\"https:\/\/martind.ca\/fr\/products\/daich-coatings\/terrazzo_cafe-2\/\" data-original-link=\"https:\/\/martind.ca\/wp-content\/uploads\/2021\/11\/Terrazzo_Cafe.jpg\" class=\"wp-block-getwid-images-slider__image wp-image-2783\" srcset=\"https:\/\/martind.ca\/wp-content\/uploads\/2021\/11\/Terrazzo_Cafe.jpg 500w, https:\/\/martind.ca\/wp-content\/uploads\/2021\/11\/Terrazzo_Cafe-300x300.jpg 300w, https:\/\/martind.ca\/wp-content\/uploads\/2021\/11\/Terrazzo_Cafe-150x150.jpg 150w, https:\/\/martind.ca\/wp-content\/uploads\/2021\/11\/Terrazzo_Cafe-24x24.jpg 24w, https:\/\/martind.ca\/wp-content\/uploads\/2021\/11\/Terrazzo_Cafe-36x36.jpg 36w, https:\/\/martind.ca\/wp-content\/uploads\/2021\/11\/Terrazzo_Cafe-48x48.jpg 48w\" sizes=\"auto, (max-width: 500px) 100vw, 500px\" \/><\/figure><\/div><div class=\"wp-block-getwid-images-slider__item\" style=\"height:600px\"><figure><img loading=\"lazy\" decoding=\"async\" width=\"500\" height=\"500\" src=\"https:\/\/martind.ca\/wp-content\/uploads\/2021\/11\/Terrazzo_Glacier-1.jpg\" data-id=\"2781\" data-link=\"https:\/\/martind.ca\/fr\/products\/daich-coatings\/terrazzo_glacier-1-2\/\" data-original-link=\"https:\/\/martind.ca\/wp-content\/uploads\/2021\/11\/Terrazzo_Glacier-1.jpg\" class=\"wp-block-getwid-images-slider__image wp-image-2781\" srcset=\"https:\/\/martind.ca\/wp-content\/uploads\/2021\/11\/Terrazzo_Glacier-1.jpg 500w, https:\/\/martind.ca\/wp-content\/uploads\/2021\/11\/Terrazzo_Glacier-1-300x300.jpg 300w, https:\/\/martind.ca\/wp-content\/uploads\/2021\/11\/Terrazzo_Glacier-1-150x150.jpg 150w, https:\/\/martind.ca\/wp-content\/uploads\/2021\/11\/Terrazzo_Glacier-1-24x24.jpg 24w, https:\/\/martind.ca\/wp-content\/uploads\/2021\/11\/Terrazzo_Glacier-1-36x36.jpg 36w, https:\/\/martind.ca\/wp-content\/uploads\/2021\/11\/Terrazzo_Glacier-1-48x48.jpg 48w\" sizes=\"auto, (max-width: 500px) 100vw, 500px\" \/><\/figure><\/div><div class=\"wp-block-getwid-images-slider__item\" style=\"height:600px\"><figure><img loading=\"lazy\" decoding=\"async\" width=\"500\" height=\"500\" src=\"https:\/\/martind.ca\/wp-content\/uploads\/2021\/11\/Terrazzo_Moonscape.jpg\" data-id=\"2777\" data-link=\"https:\/\/martind.ca\/fr\/products\/daich-coatings\/terrazzo_moonscape-2\/\" data-original-link=\"https:\/\/martind.ca\/wp-content\/uploads\/2021\/11\/Terrazzo_Moonscape.jpg\" class=\"wp-block-getwid-images-slider__image wp-image-2777\" srcset=\"https:\/\/martind.ca\/wp-content\/uploads\/2021\/11\/Terrazzo_Moonscape.jpg 500w, https:\/\/martind.ca\/wp-content\/uploads\/2021\/11\/Terrazzo_Moonscape-300x300.jpg 300w, https:\/\/martind.ca\/wp-content\/uploads\/2021\/11\/Terrazzo_Moonscape-150x150.jpg 150w, https:\/\/martind.ca\/wp-content\/uploads\/2021\/11\/Terrazzo_Moonscape-24x24.jpg 24w, https:\/\/martind.ca\/wp-content\/uploads\/2021\/11\/Terrazzo_Moonscape-36x36.jpg 36w, https:\/\/martind.ca\/wp-content\/uploads\/2021\/11\/Terrazzo_Moonscape-48x48.jpg 48w\" sizes=\"auto, (max-width: 500px) 100vw, 500px\" \/><\/figure><\/div><div class=\"wp-block-getwid-images-slider__item\" style=\"height:600px\"><figure><img loading=\"lazy\" decoding=\"async\" width=\"500\" height=\"500\" src=\"https:\/\/martind.ca\/wp-content\/uploads\/2021\/11\/Terrazzo_Silverado.jpg\" data-id=\"2775\" data-link=\"https:\/\/martind.ca\/fr\/products\/daich-coatings\/terrazzo_silverado-2\/\" data-original-link=\"https:\/\/martind.ca\/wp-content\/uploads\/2021\/11\/Terrazzo_Silverado.jpg\" class=\"wp-block-getwid-images-slider__image wp-image-2775\" srcset=\"https:\/\/martind.ca\/wp-content\/uploads\/2021\/11\/Terrazzo_Silverado.jpg 500w, https:\/\/martind.ca\/wp-content\/uploads\/2021\/11\/Terrazzo_Silverado-300x300.jpg 300w, https:\/\/martind.ca\/wp-content\/uploads\/2021\/11\/Terrazzo_Silverado-150x150.jpg 150w, https:\/\/martind.ca\/wp-content\/uploads\/2021\/11\/Terrazzo_Silverado-24x24.jpg 24w, https:\/\/martind.ca\/wp-content\/uploads\/2021\/11\/Terrazzo_Silverado-36x36.jpg 36w, https:\/\/martind.ca\/wp-content\/uploads\/2021\/11\/Terrazzo_Silverado-48x48.jpg 48w\" sizes=\"auto, (max-width: 500px) 100vw, 500px\" \/><\/figure><\/div><div class=\"wp-block-getwid-images-slider__item\" style=\"height:600px\"><figure><img loading=\"lazy\" decoding=\"async\" width=\"500\" height=\"500\" src=\"https:\/\/martind.ca\/wp-content\/uploads\/2021\/11\/Terrazzo_Tangiers.jpg\" data-id=\"2773\" data-link=\"https:\/\/martind.ca\/fr\/products\/daich-coatings\/terrazzo_tangiers-2\/\" data-original-link=\"https:\/\/martind.ca\/wp-content\/uploads\/2021\/11\/Terrazzo_Tangiers.jpg\" class=\"wp-block-getwid-images-slider__image wp-image-2773\" srcset=\"https:\/\/martind.ca\/wp-content\/uploads\/2021\/11\/Terrazzo_Tangiers.jpg 500w, https:\/\/martind.ca\/wp-content\/uploads\/2021\/11\/Terrazzo_Tangiers-300x300.jpg 300w, https:\/\/martind.ca\/wp-content\/uploads\/2021\/11\/Terrazzo_Tangiers-150x150.jpg 150w, https:\/\/martind.ca\/wp-content\/uploads\/2021\/11\/Terrazzo_Tangiers-24x24.jpg 24w, https:\/\/martind.ca\/wp-content\/uploads\/2021\/11\/Terrazzo_Tangiers-36x36.jpg 36w, https:\/\/martind.ca\/wp-content\/uploads\/2021\/11\/Terrazzo_Tangiers-48x48.jpg 48w\" sizes=\"auto, (max-width: 500px) 100vw, 500px\" \/><\/figure><\/div><div class=\"wp-block-getwid-images-slider__item\" style=\"height:600px\"><figure><img loading=\"lazy\" decoding=\"async\" width=\"500\" height=\"500\" src=\"https:\/\/martind.ca\/wp-content\/uploads\/2021\/11\/Terrazzo_Pearl-Grey.jpg\" data-id=\"2771\" data-link=\"https:\/\/martind.ca\/fr\/products\/daich-coatings\/terrazzo_pearl-grey-2\/\" data-original-link=\"https:\/\/martind.ca\/wp-content\/uploads\/2021\/11\/Terrazzo_Pearl-Grey.jpg\" class=\"wp-block-getwid-images-slider__image wp-image-2771\" srcset=\"https:\/\/martind.ca\/wp-content\/uploads\/2021\/11\/Terrazzo_Pearl-Grey.jpg 500w, https:\/\/martind.ca\/wp-content\/uploads\/2021\/11\/Terrazzo_Pearl-Grey-300x300.jpg 300w, https:\/\/martind.ca\/wp-content\/uploads\/2021\/11\/Terrazzo_Pearl-Grey-150x150.jpg 150w, https:\/\/martind.ca\/wp-content\/uploads\/2021\/11\/Terrazzo_Pearl-Grey-24x24.jpg 24w, https:\/\/martind.ca\/wp-content\/uploads\/2021\/11\/Terrazzo_Pearl-Grey-36x36.jpg 36w, https:\/\/martind.ca\/wp-content\/uploads\/2021\/11\/Terrazzo_Pearl-Grey-48x48.jpg 48w\" sizes=\"auto, (max-width: 500px) 100vw, 500px\" \/><\/figure><\/div><\/div><\/div>\n<\/div>\n\n\n\n<div class=\"wp-block-column is-layout-flow wp-block-column-is-layout-flow\"><div class=\"wp-block-image\">\n<figure class=\"aligncenter size-large\"><img loading=\"lazy\" decoding=\"async\" width=\"900\" height=\"550\" src=\"https:\/\/martind.ca\/wp-content\/uploads\/2021\/03\/Daich-coatings-logo.jpg\" alt=\"\" class=\"wp-image-763\" srcset=\"https:\/\/martind.ca\/wp-content\/uploads\/2021\/03\/Daich-coatings-logo.jpg 900w, https:\/\/martind.ca\/wp-content\/uploads\/2021\/03\/Daich-coatings-logo-300x183.jpg 300w, https:\/\/martind.ca\/wp-content\/uploads\/2021\/03\/Daich-coatings-logo-768x469.jpg 768w\" sizes=\"auto, (max-width: 900px) 100vw, 900px\" \/><\/figure>\n<\/div>\n\n\n<p>Daich Coatings est un chef de file mondial dans le d\u00e9veloppement et la fabrication de rev\u00eatements d\u00e9coratifs de pierre, de peintures \u00e0 haut rendement et de produits d\u2019entretien architectural. Nous combinons notre expertise dans le domaine de la chimie des rev\u00eatements en polym\u00e8res avec la mati\u00e8re premi\u00e8re la plus durable de la nature &#8211; la PIERRE &#8211; et l\u2019utilisons pour cr\u00e9er une gamme de finis exclusifs qui rendent les surfaces magnifiques &#8211; et les dotent d\u2019avantages cl\u00e9s en termes de rendement.<\/p>\n\n\n\n<p>Chaque contenant de produit qui sort de notre usine est fabriqu\u00e9 pour offrir une fonctionnalit\u00e9 \u00e0 valeur ajout\u00e9e significative &#8211; de la r\u00e9duction des co\u00fbts d\u2019entretien et d\u2019application de nouvelles couches de peinture, en passant par des surfaces plus s\u00e9curitaires et plus antid\u00e9rapantes, sans oublier l\u2019imperm\u00e9abilit\u00e9, l\u2019extr\u00eame durabilit\u00e9 et la beaut\u00e9 durable &#8211; \u00e0 l\u2019int\u00e9rieur comme \u00e0 l\u2019ext\u00e9rieur.<\/p>\n\n\n\n<p>Nous nous soucions \u00e9galement de l\u2019environnement. Aujourd\u2019hui, nous sommes fiers d\u2019annoncer que nous formulions et fabriquions des produits \u00ab\u202fverts\u202f\u00bb \u00e0 faible teneur en COV bien avant que cela ne soit \u00e0 la mode.<\/p>\n\n\n\n<p>Que vous soyez un bricoleur ou un professionnel &#8211; r\u00e9sidentiel ou commercial &#8211; Daich Coatings r\u00e9pond \u00e0 vos d\u00e9fis quotidiens de finition de surfaces avec de nouvelles solutions passionnantes.<\/p>\n\n\n\n<div class=\"wp-block-buttons alignwide is-horizontal is-content-justification-center is-layout-flex wp-container-core-buttons-is-layout-499968f5 wp-block-buttons-is-layout-flex\">\n<div class=\"wp-block-button martbutt\"><a class=\"wp-block-button__link has-white-color has-text-color has-background wp-element-button\" href=\"https:\/\/martind.ca\/wp-content\/uploads\/2021\/03\/DaichBrochureEN.pdf\" style=\"border-radius:14px;background-color:#469b9b\" rel=\"#\">BROCHURE<\/a><\/div>\n<\/div>\n\n\n\n<div class=\"wp-block-buttons is-horizontal is-content-justification-center is-layout-flex wp-container-core-buttons-is-layout-499968f5 wp-block-buttons-is-layout-flex\">\n<div class=\"wp-block-button\"><a class=\"wp-block-button__link has-white-color has-text-color has-background wp-element-button\" href=\"https:\/\/martind.ca\/fr\/fds\/\" style=\"border-radius:14px;background-color:#469b9b\">FICHES SIGNAL\u00c8TIQUES<\/a><\/div>\n<\/div>\n\n\n\n<div class=\"wp-block-buttons is-horizontal is-content-justification-center is-layout-flex wp-container-core-buttons-is-layout-499968f5 wp-block-buttons-is-layout-flex\">\n<div class=\"wp-block-button\"><a class=\"wp-block-button__link has-white-color has-text-color has-background wp-element-button\" href=\"https:\/\/martind.ca\/wp-content\/uploads\/2025\/11\/Daich_Price-List-RETAIL_Nov_05_2025.pdf\" style=\"border-radius:14px;background-color:#469b9b\">LISTE COMPLETE DES PRODUITS<\/a><\/div>\n<\/div>\n\n\n\n\n<\/div>\n<\/div>\n<\/div><\/div>\n\n\n\n<p><\/p>\n\n\n\n<div class=\"wp-block-columns is-layout-flex wp-container-core-columns-is-layout-9d6595d7 wp-block-columns-is-layout-flex\">\n<div class=\"wp-block-column is-layout-flow wp-block-column-is-layout-flow\" style=\"flex-basis:25%\"><\/div>\n\n\n\n<div class=\"wp-block-column is-layout-flow wp-block-column-is-layout-flow\" style=\"flex-basis:50%\">\n<figure class=\"wp-block-embed is-type-video is-provider-youtube wp-block-embed-youtube wp-embed-aspect-4-3 wp-has-aspect-ratio\"><div class=\"wp-block-embed__wrapper\">\n<iframe loading=\"lazy\" title=\"SpreadStone\u2122 Countertop Finishing Kit - Instructional Video\" width=\"900\" height=\"675\" src=\"https:\/\/www.youtube.com\/embed\/K8SIbb77b_E?feature=oembed\" frameborder=\"0\" allow=\"accelerometer; autoplay; clipboard-write; encrypted-media; gyroscope; picture-in-picture\" allowfullscreen><\/iframe>\n<\/div><\/figure>\n<\/div>\n\n\n\n<div class=\"wp-block-column is-layout-flow wp-block-column-is-layout-flow\" style=\"flex-basis:25%\"><\/div>\n<\/div>\n","protected":false},"excerpt":{"rendered":"<p>Daich Coatings Daich Coatings est un chef de file mondial dans le d\u00e9veloppement et la fabrication de rev\u00eatements d\u00e9coratifs de pierre, de peintures \u00e0 haut rendement et de produits d\u2019entretien architectural. Nous combinons notre expertise dans le domaine de la chimie des rev\u00eatements en polym\u00e8res avec la mati\u00e8re premi\u00e8re la plus durable de la nature [&hellip;]<\/p>\n","protected":false},"author":3,"featured_media":0,"parent":120,"menu_order":0,"comment_status":"closed","ping_status":"closed","template":"template-full-width.php","meta":{"footnotes":""},"class_list":["post-879","page","type-page","status-publish","hentry"],"_links":{"self":[{"href":"https:\/\/martind.ca\/fr\/wp-json\/wp\/v2\/pages\/879","targetHints":{"allow":["GET"]}}],"collection":[{"href":"https:\/\/martind.ca\/fr\/wp-json\/wp\/v2\/pages"}],"about":[{"href":"https:\/\/martind.ca\/fr\/wp-json\/wp\/v2\/types\/page"}],"author":[{"embeddable":true,"href":"https:\/\/martind.ca\/fr\/wp-json\/wp\/v2\/users\/3"}],"replies":[{"embeddable":true,"href":"https:\/\/martind.ca\/fr\/wp-json\/wp\/v2\/comments?post=879"}],"version-history":[{"count":25,"href":"https:\/\/martind.ca\/fr\/wp-json\/wp\/v2\/pages\/879\/revisions"}],"predecessor-version":[{"id":23992,"href":"https:\/\/martind.ca\/fr\/wp-json\/wp\/v2\/pages\/879\/revisions\/23992"}],"up":[{"embeddable":true,"href":"https:\/\/martind.ca\/fr\/wp-json\/wp\/v2\/pages\/120"}],"wp:attachment":[{"href":"https:\/\/martind.ca\/fr\/wp-json\/wp\/v2\/media?parent=879"}],"curies":[{"name":"wp","href":"https:\/\/api.w.org\/{rel}","templated":true}]}}