{"id":852,"date":"2021-03-31T00:16:36","date_gmt":"2021-03-31T00:16:36","guid":{"rendered":"https:\/\/martind.ca\/?page_id=852"},"modified":"2022-02-28T18:41:25","modified_gmt":"2022-02-28T23:41:25","slug":"hold-up-system","status":"publish","type":"page","link":"https:\/\/martind.ca\/fr\/products\/hold-up-system\/","title":{"rendered":"Hold-Up System"},"content":{"rendered":"\n<h2 class=\"wp-block-heading\"><strong><strong><strong>Hold-Up System<\/strong><\/strong><\/strong><\/h2>\n\n\n\n<div class=\"wp-block-group\"><div class=\"wp-block-group__inner-container is-layout-flow wp-block-group-is-layout-flow\">\n<div class=\"wp-block-columns alignfull is-layout-flex wp-container-core-columns-is-layout-9d6595d7 wp-block-columns-is-layout-flex\">\n<div class=\"wp-block-column is-layout-flow wp-block-column-is-layout-flow\">\n<div class=\"wp-block-getwid-images-slider has-arrows-inside has-dots-inside has-images-center has-fitted-images has-fixed-height\"><div class=\"wp-block-getwid-images-slider__wrapper\" data-effect=\"slide\" data-slides-show=\"1\" data-slides-show-laptop=\"1\" data-slides-show-tablet=\"1\" data-slides-show-mobile=\"1\" data-slides-scroll=\"1\" data-autoplay=\"true\" data-autoplay-speed=\"6000\" data-infinite=\"true\" data-animation-speed=\"500\" data-center-mode=\"false\" data-variable-width=\"false\" data-arrows=\"inside\" data-dots=\"inside\" data-spacing=\"none\"><div class=\"wp-block-getwid-images-slider__item\" style=\"height:600px\"><figure><img loading=\"lazy\" decoding=\"async\" width=\"1200\" height=\"1200\" src=\"https:\/\/martind.ca\/wp-content\/uploads\/2021\/03\/holdup1.jpg\" data-id=\"855\" data-link=\"https:\/\/martind.ca\/fr\/?attachment_id=855\" data-original-link=\"https:\/\/martind.ca\/wp-content\/uploads\/2021\/03\/holdup1.jpg\" class=\"wp-block-getwid-images-slider__image wp-image-855\" srcset=\"https:\/\/martind.ca\/wp-content\/uploads\/2021\/03\/holdup1.jpg 1200w, https:\/\/martind.ca\/wp-content\/uploads\/2021\/03\/holdup1-300x300.jpg 300w, https:\/\/martind.ca\/wp-content\/uploads\/2021\/03\/holdup1-1024x1024.jpg 1024w, https:\/\/martind.ca\/wp-content\/uploads\/2021\/03\/holdup1-150x150.jpg 150w, https:\/\/martind.ca\/wp-content\/uploads\/2021\/03\/holdup1-768x768.jpg 768w, https:\/\/martind.ca\/wp-content\/uploads\/2021\/03\/holdup1-24x24.jpg 24w, https:\/\/martind.ca\/wp-content\/uploads\/2021\/03\/holdup1-36x36.jpg 36w, https:\/\/martind.ca\/wp-content\/uploads\/2021\/03\/holdup1-48x48.jpg 48w\" sizes=\"auto, (max-width: 1200px) 100vw, 1200px\" \/><\/figure><\/div><div class=\"wp-block-getwid-images-slider__item\" style=\"height:600px\"><figure><img loading=\"lazy\" decoding=\"async\" width=\"680\" height=\"680\" src=\"https:\/\/martind.ca\/wp-content\/uploads\/2021\/03\/holdup5.jpg\" data-id=\"861\" data-link=\"https:\/\/martind.ca\/fr\/?attachment_id=861\" data-original-link=\"https:\/\/martind.ca\/wp-content\/uploads\/2021\/03\/holdup5.jpg\" class=\"wp-block-getwid-images-slider__image wp-image-861\" srcset=\"https:\/\/martind.ca\/wp-content\/uploads\/2021\/03\/holdup5.jpg 680w, https:\/\/martind.ca\/wp-content\/uploads\/2021\/03\/holdup5-300x300.jpg 300w, https:\/\/martind.ca\/wp-content\/uploads\/2021\/03\/holdup5-150x150.jpg 150w, https:\/\/martind.ca\/wp-content\/uploads\/2021\/03\/holdup5-24x24.jpg 24w, https:\/\/martind.ca\/wp-content\/uploads\/2021\/03\/holdup5-36x36.jpg 36w, https:\/\/martind.ca\/wp-content\/uploads\/2021\/03\/holdup5-48x48.jpg 48w\" sizes=\"auto, (max-width: 680px) 100vw, 680px\" \/><\/figure><\/div><div class=\"wp-block-getwid-images-slider__item\" style=\"height:600px\"><figure><img loading=\"lazy\" decoding=\"async\" width=\"680\" height=\"680\" src=\"https:\/\/martind.ca\/wp-content\/uploads\/2021\/03\/holdup6.jpg\" data-id=\"859\" data-link=\"https:\/\/martind.ca\/fr\/?attachment_id=859\" data-original-link=\"https:\/\/martind.ca\/wp-content\/uploads\/2021\/03\/holdup6.jpg\" class=\"wp-block-getwid-images-slider__image wp-image-859\" srcset=\"https:\/\/martind.ca\/wp-content\/uploads\/2021\/03\/holdup6.jpg 680w, https:\/\/martind.ca\/wp-content\/uploads\/2021\/03\/holdup6-300x300.jpg 300w, https:\/\/martind.ca\/wp-content\/uploads\/2021\/03\/holdup6-150x150.jpg 150w, https:\/\/martind.ca\/wp-content\/uploads\/2021\/03\/holdup6-24x24.jpg 24w, https:\/\/martind.ca\/wp-content\/uploads\/2021\/03\/holdup6-36x36.jpg 36w, https:\/\/martind.ca\/wp-content\/uploads\/2021\/03\/holdup6-48x48.jpg 48w\" sizes=\"auto, (max-width: 680px) 100vw, 680px\" \/><\/figure><\/div><div class=\"wp-block-getwid-images-slider__item\" style=\"height:600px\"><figure><img loading=\"lazy\" decoding=\"async\" width=\"1200\" height=\"1200\" src=\"https:\/\/martind.ca\/wp-content\/uploads\/2021\/03\/holdup2.jpg\" data-id=\"857\" data-link=\"https:\/\/martind.ca\/fr\/?attachment_id=857\" data-original-link=\"https:\/\/martind.ca\/wp-content\/uploads\/2021\/03\/holdup2.jpg\" class=\"wp-block-getwid-images-slider__image wp-image-857\" srcset=\"https:\/\/martind.ca\/wp-content\/uploads\/2021\/03\/holdup2.jpg 1200w, https:\/\/martind.ca\/wp-content\/uploads\/2021\/03\/holdup2-300x300.jpg 300w, https:\/\/martind.ca\/wp-content\/uploads\/2021\/03\/holdup2-1024x1024.jpg 1024w, https:\/\/martind.ca\/wp-content\/uploads\/2021\/03\/holdup2-150x150.jpg 150w, https:\/\/martind.ca\/wp-content\/uploads\/2021\/03\/holdup2-768x768.jpg 768w, https:\/\/martind.ca\/wp-content\/uploads\/2021\/03\/holdup2-24x24.jpg 24w, https:\/\/martind.ca\/wp-content\/uploads\/2021\/03\/holdup2-36x36.jpg 36w, https:\/\/martind.ca\/wp-content\/uploads\/2021\/03\/holdup2-48x48.jpg 48w\" sizes=\"auto, (max-width: 1200px) 100vw, 1200px\" \/><\/figure><\/div><div class=\"wp-block-getwid-images-slider__item\" style=\"height:600px\"><figure><img loading=\"lazy\" decoding=\"async\" width=\"1200\" height=\"1200\" src=\"https:\/\/martind.ca\/wp-content\/uploads\/2021\/03\/holdup4.jpg\" data-id=\"863\" data-link=\"https:\/\/martind.ca\/fr\/?attachment_id=863\" data-original-link=\"https:\/\/martind.ca\/wp-content\/uploads\/2021\/03\/holdup4.jpg\" class=\"wp-block-getwid-images-slider__image wp-image-863\" srcset=\"https:\/\/martind.ca\/wp-content\/uploads\/2021\/03\/holdup4.jpg 1200w, https:\/\/martind.ca\/wp-content\/uploads\/2021\/03\/holdup4-300x300.jpg 300w, https:\/\/martind.ca\/wp-content\/uploads\/2021\/03\/holdup4-1024x1024.jpg 1024w, https:\/\/martind.ca\/wp-content\/uploads\/2021\/03\/holdup4-150x150.jpg 150w, https:\/\/martind.ca\/wp-content\/uploads\/2021\/03\/holdup4-768x768.jpg 768w, https:\/\/martind.ca\/wp-content\/uploads\/2021\/03\/holdup4-24x24.jpg 24w, https:\/\/martind.ca\/wp-content\/uploads\/2021\/03\/holdup4-36x36.jpg 36w, https:\/\/martind.ca\/wp-content\/uploads\/2021\/03\/holdup4-48x48.jpg 48w\" sizes=\"auto, (max-width: 1200px) 100vw, 1200px\" \/><\/figure><\/div><div class=\"wp-block-getwid-images-slider__item\" style=\"height:600px\"><figure><img loading=\"lazy\" decoding=\"async\" width=\"1200\" height=\"1200\" src=\"https:\/\/martind.ca\/wp-content\/uploads\/2021\/03\/holdup3.jpg\" data-id=\"865\" data-link=\"https:\/\/martind.ca\/fr\/?attachment_id=865\" data-original-link=\"https:\/\/martind.ca\/wp-content\/uploads\/2021\/03\/holdup3.jpg\" class=\"wp-block-getwid-images-slider__image wp-image-865\" srcset=\"https:\/\/martind.ca\/wp-content\/uploads\/2021\/03\/holdup3.jpg 1200w, https:\/\/martind.ca\/wp-content\/uploads\/2021\/03\/holdup3-300x300.jpg 300w, https:\/\/martind.ca\/wp-content\/uploads\/2021\/03\/holdup3-1024x1024.jpg 1024w, https:\/\/martind.ca\/wp-content\/uploads\/2021\/03\/holdup3-150x150.jpg 150w, https:\/\/martind.ca\/wp-content\/uploads\/2021\/03\/holdup3-768x768.jpg 768w, https:\/\/martind.ca\/wp-content\/uploads\/2021\/03\/holdup3-24x24.jpg 24w, https:\/\/martind.ca\/wp-content\/uploads\/2021\/03\/holdup3-36x36.jpg 36w, https:\/\/martind.ca\/wp-content\/uploads\/2021\/03\/holdup3-48x48.jpg 48w\" sizes=\"auto, (max-width: 1200px) 100vw, 1200px\" \/><\/figure><\/div><\/div><\/div>\n<\/div>\n\n\n\n<div class=\"wp-block-column is-layout-flow wp-block-column-is-layout-flow\">\n<div class=\"wp-block-image\"><figure class=\"aligncenter size-large\"><img loading=\"lazy\" decoding=\"async\" width=\"286\" height=\"86\" src=\"https:\/\/martind.ca\/wp-content\/uploads\/2021\/03\/holdup-logo_final-2.png\" alt=\"\" class=\"wp-image-853\" srcset=\"https:\/\/martind.ca\/wp-content\/uploads\/2021\/03\/holdup-logo_final-2.png 286w, https:\/\/martind.ca\/wp-content\/uploads\/2021\/03\/holdup-logo_final-2-24x7.png 24w, https:\/\/martind.ca\/wp-content\/uploads\/2021\/03\/holdup-logo_final-2-36x11.png 36w, https:\/\/martind.ca\/wp-content\/uploads\/2021\/03\/holdup-logo_final-2-48x14.png 48w\" sizes=\"auto, (max-width: 286px) 100vw, 286px\" \/><\/figure><\/div>\n\n\n\n<p class=\"has-text-align-center\" id=\"u3923-2\">UN OUTIL G\u00c9NIAL \u00c0 GARDER DANS VOTRE V\u00c9HICULE<\/p>\n\n\n\n<p class=\"has-text-align-center\" id=\"u3923-4\"><strong>EXCELLENTE ID\u00c9E CADEAU, <\/strong><br><strong>UN PRODUIT UNIQUE EN SON GENRE<\/strong><\/p>\n\n\n\n<p id=\"u294-2\">Vous en avez assez des \u00e9lastiques et des cordes qui sont non s\u00e9curitaires et qui risquent d&rsquo;endommager votre v\u00e9hicule et la marchandise que vous transportez?<\/p>\n\n\n\n<p id=\"u294-5\">Essayez notre syst\u00e8me HOLD-UP r\u00e9volutionnaire. Le Hold-up est un outil pratique et simple \u00e0 utiliser. Visonnez notre vid\u00e9o pour voir \u00e0 quel point il vous sera facile d\u00e9sormais de faire le transport de mat\u00e9riel qui d\u00e9passe la longueur en capacit\u00e9 de votre v\u00e9hicule.<\/p>\n\n\n\n<ul class=\"wp-block-list\" id=\"u294-21\"><li>S\u00e9curitaire<\/li><li>Solide<\/li><li>Sans danger pour votre automobile<\/li><li>S&rsquo;adapte \u00e0 la majorit\u00e9 des v\u00e9hicules<\/li><li>Un produit abordable<\/li><\/ul>\n\n\n\n<div class=\"wp-block-buttons alignwide is-horizontal is-content-justification-center is-layout-flex wp-container-core-buttons-is-layout-499968f5 wp-block-buttons-is-layout-flex\">\n<div class=\"wp-block-button martbutt\"><a class=\"wp-block-button__link has-white-color has-text-color has-background\" href=\"https:\/\/martind.ca\/wp-content\/uploads\/2021\/05\/HoldUp-System-National-Sell-Sheet_070819.pdf\" style=\"border-radius:14px;background-color:#469b9b\">BROCHURE<\/a><\/div>\n<\/div>\n\n\n\n<div class=\"wp-block-buttons is-horizontal is-content-justification-center is-layout-flex wp-container-core-buttons-is-layout-499968f5 wp-block-buttons-is-layout-flex\"><\/div>\n\n\n\n<div class=\"wp-block-buttons is-horizontal is-content-justification-center is-layout-flex wp-container-core-buttons-is-layout-499968f5 wp-block-buttons-is-layout-flex\">\n<div class=\"wp-block-button\"><a class=\"wp-block-button__link has-white-color has-text-color has-background\" href=\"https:\/\/martind.ca\/wp-content\/uploads\/2021\/10\/Holdup_Price-List-RETAIL_Nov-1-2021.pdf\" style=\"border-radius:14px;background-color:#469b9b\">LISTE COMPL\u00c8TE DES PRODUITS<\/a><\/div>\n<\/div>\n\n\n\n\n<\/div>\n<\/div>\n<\/div><\/div>\n\n\n\n<p><\/p>\n\n\n\n<div class=\"wp-block-columns is-layout-flex wp-container-core-columns-is-layout-9d6595d7 wp-block-columns-is-layout-flex\">\n<div class=\"wp-block-column is-layout-flow wp-block-column-is-layout-flow\" style=\"flex-basis:25%\"><\/div>\n\n\n\n<div class=\"wp-block-column is-layout-flow wp-block-column-is-layout-flow\" style=\"flex-basis:50%\">\n<figure class=\"wp-block-embed is-type-video is-provider-youtube wp-block-embed-youtube wp-embed-aspect-16-9 wp-has-aspect-ratio\"><div class=\"wp-block-embed__wrapper\">\n<iframe loading=\"lazy\" title=\"LE SYST\u00c8ME HOLD-UP POUR COFFRE AUTOMOBILE\" width=\"900\" height=\"506\" src=\"https:\/\/www.youtube.com\/embed\/2JlZIiOxCSo?feature=oembed\" frameborder=\"0\" allow=\"accelerometer; autoplay; clipboard-write; encrypted-media; gyroscope; picture-in-picture\" allowfullscreen><\/iframe>\n<\/div><\/figure>\n<\/div>\n\n\n\n<div class=\"wp-block-column is-layout-flow wp-block-column-is-layout-flow\" style=\"flex-basis:25%\"><\/div>\n<\/div>\n","protected":false},"excerpt":{"rendered":"<p>Hold-Up System UN OUTIL G\u00c9NIAL \u00c0 GARDER DANS VOTRE V\u00c9HICULE EXCELLENTE ID\u00c9E CADEAU, UN PRODUIT UNIQUE EN SON GENRE Vous en avez assez des \u00e9lastiques et des cordes qui sont non s\u00e9curitaires et qui risquent d&rsquo;endommager votre v\u00e9hicule et la marchandise que vous transportez? Essayez notre syst\u00e8me HOLD-UP r\u00e9volutionnaire. Le Hold-up est un outil pratique [&hellip;]<\/p>\n","protected":false},"author":3,"featured_media":0,"parent":120,"menu_order":0,"comment_status":"closed","ping_status":"closed","template":"template-full-width.php","meta":{"footnotes":""},"class_list":["post-852","page","type-page","status-publish","hentry"],"_links":{"self":[{"href":"https:\/\/martind.ca\/fr\/wp-json\/wp\/v2\/pages\/852","targetHints":{"allow":["GET"]}}],"collection":[{"href":"https:\/\/martind.ca\/fr\/wp-json\/wp\/v2\/pages"}],"about":[{"href":"https:\/\/martind.ca\/fr\/wp-json\/wp\/v2\/types\/page"}],"author":[{"embeddable":true,"href":"https:\/\/martind.ca\/fr\/wp-json\/wp\/v2\/users\/3"}],"replies":[{"embeddable":true,"href":"https:\/\/martind.ca\/fr\/wp-json\/wp\/v2\/comments?post=852"}],"version-history":[{"count":5,"href":"https:\/\/martind.ca\/fr\/wp-json\/wp\/v2\/pages\/852\/revisions"}],"predecessor-version":[{"id":3357,"href":"https:\/\/martind.ca\/fr\/wp-json\/wp\/v2\/pages\/852\/revisions\/3357"}],"up":[{"embeddable":true,"href":"https:\/\/martind.ca\/fr\/wp-json\/wp\/v2\/pages\/120"}],"wp:attachment":[{"href":"https:\/\/martind.ca\/fr\/wp-json\/wp\/v2\/media?parent=852"}],"curies":[{"name":"wp","href":"https:\/\/api.w.org\/{rel}","templated":true}]}}