{"id":850,"date":"2021-03-30T23:58:10","date_gmt":"2021-03-30T23:58:10","guid":{"rendered":"https:\/\/martind.ca\/?page_id=850"},"modified":"2025-04-14T15:06:49","modified_gmt":"2025-04-14T19:06:49","slug":"likwid-concepts","status":"publish","type":"page","link":"https:\/\/martind.ca\/fr\/products\/likwid-concepts\/","title":{"rendered":"Likwid Concepts"},"content":{"rendered":"\n<h2 class=\"wp-block-heading\"><strong><strong><strong>Likwid Concepts<\/strong><\/strong><\/strong><\/h2>\n\n\n\n<div class=\"wp-block-group\"><div class=\"wp-block-group__inner-container is-layout-flow wp-block-group-is-layout-flow\">\n<div class=\"wp-block-columns alignfull is-layout-flex wp-container-core-columns-is-layout-9d6595d7 wp-block-columns-is-layout-flex\">\n<div class=\"wp-block-column is-layout-flow wp-block-column-is-layout-flow\">\n<div class=\"wp-block-getwid-images-slider has-arrows-inside has-dots-inside has-images-center has-fitted-images has-fixed-height\"><div class=\"wp-block-getwid-images-slider__wrapper\" data-effect=\"slide\" data-slides-show=\"1\" data-slides-show-laptop=\"1\" data-slides-show-tablet=\"1\" data-slides-show-mobile=\"1\" data-slides-scroll=\"1\" data-autoplay=\"true\" data-pause-hover=\"false\" data-autoplay-speed=\"6000\" data-infinite=\"true\" data-animation-speed=\"500\" data-center-mode=\"false\" data-variable-width=\"false\" data-arrows=\"inside\" data-dots=\"inside\" data-spacing=\"none\"><div class=\"wp-block-getwid-images-slider__item\" style=\"height:600px\"><figure><img loading=\"lazy\" decoding=\"async\" width=\"522\" height=\"1000\" src=\"https:\/\/martind.ca\/wp-content\/uploads\/2021\/03\/Angled_Web_1024x1024.jpg\" data-id=\"830\" data-link=\"https:\/\/martind.ca\/?attachment_id=830\" data-original-link=\"https:\/\/martind.ca\/wp-content\/uploads\/2021\/03\/Angled_Web_1024x1024.jpg\" class=\"wp-block-getwid-images-slider__image wp-image-830\" srcset=\"https:\/\/martind.ca\/wp-content\/uploads\/2021\/03\/Angled_Web_1024x1024.jpg 522w, https:\/\/martind.ca\/wp-content\/uploads\/2021\/03\/Angled_Web_1024x1024-157x300.jpg 157w, https:\/\/martind.ca\/wp-content\/uploads\/2021\/03\/Angled_Web_1024x1024-13x24.jpg 13w, https:\/\/martind.ca\/wp-content\/uploads\/2021\/03\/Angled_Web_1024x1024-19x36.jpg 19w, https:\/\/martind.ca\/wp-content\/uploads\/2021\/03\/Angled_Web_1024x1024-25x48.jpg 25w\" sizes=\"auto, (max-width: 522px) 100vw, 522px\" \/><\/figure><\/div><div class=\"wp-block-getwid-images-slider__item\" style=\"height:600px\"><figure><img loading=\"lazy\" decoding=\"async\" width=\"659\" height=\"1000\" src=\"https:\/\/martind.ca\/wp-content\/uploads\/2021\/03\/Angled_OpenedShot_1024x1024.jpg\" data-id=\"832\" data-link=\"https:\/\/martind.ca\/?attachment_id=832\" data-original-link=\"https:\/\/martind.ca\/wp-content\/uploads\/2021\/03\/Angled_OpenedShot_1024x1024.jpg\" class=\"wp-block-getwid-images-slider__image wp-image-832\" srcset=\"https:\/\/martind.ca\/wp-content\/uploads\/2021\/03\/Angled_OpenedShot_1024x1024.jpg 659w, https:\/\/martind.ca\/wp-content\/uploads\/2021\/03\/Angled_OpenedShot_1024x1024-198x300.jpg 198w, https:\/\/martind.ca\/wp-content\/uploads\/2021\/03\/Angled_OpenedShot_1024x1024-16x24.jpg 16w, https:\/\/martind.ca\/wp-content\/uploads\/2021\/03\/Angled_OpenedShot_1024x1024-24x36.jpg 24w, https:\/\/martind.ca\/wp-content\/uploads\/2021\/03\/Angled_OpenedShot_1024x1024-32x48.jpg 32w\" sizes=\"auto, (max-width: 659px) 100vw, 659px\" \/><\/figure><\/div><div class=\"wp-block-getwid-images-slider__item\" style=\"height:600px\"><figure><img loading=\"lazy\" decoding=\"async\" width=\"1024\" height=\"329\" src=\"https:\/\/martind.ca\/wp-content\/uploads\/2021\/03\/RC_Single_41c9acad-fc07-4c84-bbf4-ad0411f48d37_1024x1024.jpg\" data-id=\"834\" data-link=\"https:\/\/martind.ca\/?attachment_id=834\" data-original-link=\"https:\/\/martind.ca\/wp-content\/uploads\/2021\/03\/RC_Single_41c9acad-fc07-4c84-bbf4-ad0411f48d37_1024x1024.jpg\" class=\"wp-block-getwid-images-slider__image wp-image-834\" srcset=\"https:\/\/martind.ca\/wp-content\/uploads\/2021\/03\/RC_Single_41c9acad-fc07-4c84-bbf4-ad0411f48d37_1024x1024.jpg 1024w, https:\/\/martind.ca\/wp-content\/uploads\/2021\/03\/RC_Single_41c9acad-fc07-4c84-bbf4-ad0411f48d37_1024x1024-300x96.jpg 300w, https:\/\/martind.ca\/wp-content\/uploads\/2021\/03\/RC_Single_41c9acad-fc07-4c84-bbf4-ad0411f48d37_1024x1024-768x247.jpg 768w, https:\/\/martind.ca\/wp-content\/uploads\/2021\/03\/RC_Single_41c9acad-fc07-4c84-bbf4-ad0411f48d37_1024x1024-24x8.jpg 24w, https:\/\/martind.ca\/wp-content\/uploads\/2021\/03\/RC_Single_41c9acad-fc07-4c84-bbf4-ad0411f48d37_1024x1024-36x12.jpg 36w, https:\/\/martind.ca\/wp-content\/uploads\/2021\/03\/RC_Single_41c9acad-fc07-4c84-bbf4-ad0411f48d37_1024x1024-48x15.jpg 48w\" sizes=\"auto, (max-width: 1024px) 100vw, 1024px\" \/><\/figure><\/div><div class=\"wp-block-getwid-images-slider__item\" style=\"height:600px\"><figure><img loading=\"lazy\" decoding=\"async\" width=\"450\" height=\"417\" src=\"https:\/\/martind.ca\/wp-content\/uploads\/2021\/03\/rc-1_open_1024x1024.jpg\" data-id=\"836\" data-link=\"https:\/\/martind.ca\/?attachment_id=836\" data-original-link=\"https:\/\/martind.ca\/wp-content\/uploads\/2021\/03\/rc-1_open_1024x1024.jpg\" class=\"wp-block-getwid-images-slider__image wp-image-836\" srcset=\"https:\/\/martind.ca\/wp-content\/uploads\/2021\/03\/rc-1_open_1024x1024.jpg 450w, https:\/\/martind.ca\/wp-content\/uploads\/2021\/03\/rc-1_open_1024x1024-300x278.jpg 300w, https:\/\/martind.ca\/wp-content\/uploads\/2021\/03\/rc-1_open_1024x1024-24x22.jpg 24w, https:\/\/martind.ca\/wp-content\/uploads\/2021\/03\/rc-1_open_1024x1024-36x33.jpg 36w, https:\/\/martind.ca\/wp-content\/uploads\/2021\/03\/rc-1_open_1024x1024-48x44.jpg 48w\" sizes=\"auto, (max-width: 450px) 100vw, 450px\" \/><\/figure><\/div><div class=\"wp-block-getwid-images-slider__item\" style=\"height:600px\"><figure><img loading=\"lazy\" decoding=\"async\" width=\"450\" height=\"417\" src=\"https:\/\/martind.ca\/wp-content\/uploads\/2021\/03\/RollerCover.jpg\" data-id=\"838\" data-link=\"https:\/\/martind.ca\/?attachment_id=838\" data-original-link=\"https:\/\/martind.ca\/wp-content\/uploads\/2021\/03\/RollerCover.jpg\" class=\"wp-block-getwid-images-slider__image wp-image-838\" srcset=\"https:\/\/martind.ca\/wp-content\/uploads\/2021\/03\/RollerCover.jpg 450w, https:\/\/martind.ca\/wp-content\/uploads\/2021\/03\/RollerCover-300x278.jpg 300w, https:\/\/martind.ca\/wp-content\/uploads\/2021\/03\/RollerCover-24x22.jpg 24w, https:\/\/martind.ca\/wp-content\/uploads\/2021\/03\/RollerCover-36x33.jpg 36w, https:\/\/martind.ca\/wp-content\/uploads\/2021\/03\/RollerCover-48x44.jpg 48w\" sizes=\"auto, (max-width: 450px) 100vw, 450px\" \/><\/figure><\/div><div class=\"wp-block-getwid-images-slider__item\" style=\"height:600px\"><figure><img loading=\"lazy\" decoding=\"async\" width=\"450\" height=\"417\" src=\"https:\/\/martind.ca\/wp-content\/uploads\/2021\/03\/RollerCover_grande.jpg\" data-id=\"840\" data-link=\"https:\/\/martind.ca\/?attachment_id=840\" data-original-link=\"https:\/\/martind.ca\/wp-content\/uploads\/2021\/03\/RollerCover_grande.jpg\" class=\"wp-block-getwid-images-slider__image wp-image-840\" srcset=\"https:\/\/martind.ca\/wp-content\/uploads\/2021\/03\/RollerCover_grande.jpg 450w, https:\/\/martind.ca\/wp-content\/uploads\/2021\/03\/RollerCover_grande-300x278.jpg 300w, https:\/\/martind.ca\/wp-content\/uploads\/2021\/03\/RollerCover_grande-24x22.jpg 24w, https:\/\/martind.ca\/wp-content\/uploads\/2021\/03\/RollerCover_grande-36x33.jpg 36w, https:\/\/martind.ca\/wp-content\/uploads\/2021\/03\/RollerCover_grande-48x44.jpg 48w\" sizes=\"auto, (max-width: 450px) 100vw, 450px\" \/><\/figure><\/div><div class=\"wp-block-getwid-images-slider__item\" style=\"height:600px\"><figure><img loading=\"lazy\" decoding=\"async\" width=\"837\" height=\"1024\" src=\"https:\/\/martind.ca\/wp-content\/uploads\/2021\/03\/TheDripClip_Lg_1024x1024.jpg\" data-id=\"842\" data-link=\"https:\/\/martind.ca\/?attachment_id=842\" data-original-link=\"https:\/\/martind.ca\/wp-content\/uploads\/2021\/03\/TheDripClip_Lg_1024x1024.jpg\" class=\"wp-block-getwid-images-slider__image wp-image-842\" srcset=\"https:\/\/martind.ca\/wp-content\/uploads\/2021\/03\/TheDripClip_Lg_1024x1024.jpg 837w, https:\/\/martind.ca\/wp-content\/uploads\/2021\/03\/TheDripClip_Lg_1024x1024-245x300.jpg 245w, https:\/\/martind.ca\/wp-content\/uploads\/2021\/03\/TheDripClip_Lg_1024x1024-768x940.jpg 768w, https:\/\/martind.ca\/wp-content\/uploads\/2021\/03\/TheDripClip_Lg_1024x1024-20x24.jpg 20w, https:\/\/martind.ca\/wp-content\/uploads\/2021\/03\/TheDripClip_Lg_1024x1024-29x36.jpg 29w, https:\/\/martind.ca\/wp-content\/uploads\/2021\/03\/TheDripClip_Lg_1024x1024-39x48.jpg 39w\" sizes=\"auto, (max-width: 837px) 100vw, 837px\" \/><\/figure><\/div><div class=\"wp-block-getwid-images-slider__item\" style=\"height:600px\"><figure><img loading=\"lazy\" decoding=\"async\" width=\"864\" height=\"576\" src=\"https:\/\/martind.ca\/wp-content\/uploads\/2021\/03\/SpindlePackage_Front2_1024x1024.jpg\" data-id=\"844\" data-link=\"https:\/\/martind.ca\/?attachment_id=844\" data-original-link=\"https:\/\/martind.ca\/wp-content\/uploads\/2021\/03\/SpindlePackage_Front2_1024x1024.jpg\" class=\"wp-block-getwid-images-slider__image wp-image-844\" srcset=\"https:\/\/martind.ca\/wp-content\/uploads\/2021\/03\/SpindlePackage_Front2_1024x1024.jpg 864w, https:\/\/martind.ca\/wp-content\/uploads\/2021\/03\/SpindlePackage_Front2_1024x1024-300x200.jpg 300w, https:\/\/martind.ca\/wp-content\/uploads\/2021\/03\/SpindlePackage_Front2_1024x1024-768x512.jpg 768w, https:\/\/martind.ca\/wp-content\/uploads\/2021\/03\/SpindlePackage_Front2_1024x1024-24x16.jpg 24w, https:\/\/martind.ca\/wp-content\/uploads\/2021\/03\/SpindlePackage_Front2_1024x1024-36x24.jpg 36w, https:\/\/martind.ca\/wp-content\/uploads\/2021\/03\/SpindlePackage_Front2_1024x1024-48x32.jpg 48w\" sizes=\"auto, (max-width: 864px) 100vw, 864px\" \/><\/figure><\/div><div class=\"wp-block-getwid-images-slider__item\" style=\"height:600px\"><figure><img loading=\"lazy\" decoding=\"async\" width=\"643\" height=\"1024\" src=\"https:\/\/martind.ca\/wp-content\/uploads\/2021\/03\/Spindle2_1024x1024.png\" data-id=\"846\" data-link=\"https:\/\/martind.ca\/?attachment_id=846\" data-original-link=\"https:\/\/martind.ca\/wp-content\/uploads\/2021\/03\/Spindle2_1024x1024.png\" class=\"wp-block-getwid-images-slider__image wp-image-846\" srcset=\"https:\/\/martind.ca\/wp-content\/uploads\/2021\/03\/Spindle2_1024x1024.png 643w, https:\/\/martind.ca\/wp-content\/uploads\/2021\/03\/Spindle2_1024x1024-188x300.png 188w, https:\/\/martind.ca\/wp-content\/uploads\/2021\/03\/Spindle2_1024x1024-15x24.png 15w, https:\/\/martind.ca\/wp-content\/uploads\/2021\/03\/Spindle2_1024x1024-23x36.png 23w, https:\/\/martind.ca\/wp-content\/uploads\/2021\/03\/Spindle2_1024x1024-30x48.png 30w\" sizes=\"auto, (max-width: 643px) 100vw, 643px\" \/><\/figure><\/div><\/div><\/div>\n<\/div>\n\n\n\n<div class=\"wp-block-column is-layout-flow wp-block-column-is-layout-flow\"><div class=\"wp-block-image\">\n<figure class=\"aligncenter size-large\"><img loading=\"lazy\" decoding=\"async\" width=\"560\" height=\"161\" src=\"https:\/\/martind.ca\/wp-content\/uploads\/2021\/03\/asseenonsharktank.png\" alt=\"\" class=\"wp-image-829\" srcset=\"https:\/\/martind.ca\/wp-content\/uploads\/2021\/03\/asseenonsharktank.png 560w, https:\/\/martind.ca\/wp-content\/uploads\/2021\/03\/asseenonsharktank-300x86.png 300w, https:\/\/martind.ca\/wp-content\/uploads\/2021\/03\/asseenonsharktank-24x7.png 24w, https:\/\/martind.ca\/wp-content\/uploads\/2021\/03\/asseenonsharktank-36x10.png 36w, https:\/\/martind.ca\/wp-content\/uploads\/2021\/03\/asseenonsharktank-48x14.png 48w\" sizes=\"auto, (max-width: 560px) 100vw, 560px\" \/><\/figure>\n<\/div>\n\n\n<p>Des accessoires de peinture uniques qui vous permettront d&rsquo;\u00e9conomiser de l&rsquo;argent et d&rsquo;\u00e9conomiser vos pinceaux, rouleaux et plus encore. Regardez la vid\u00e9o ci-dessous et laissez-vous surprendre!<\/p>\n\n\n\n<div class=\"wp-block-buttons is-horizontal is-content-justification-center is-layout-flex wp-container-core-buttons-is-layout-499968f5 wp-block-buttons-is-layout-flex\">\n<div class=\"wp-block-button\"><a class=\"wp-block-button__link has-white-color has-text-color has-background wp-element-button\" href=\"https:\/\/martind.ca\/wp-content\/uploads\/2025\/04\/Paint-Sundry_Price-List-RETAIL_April-1-2025.pdf\" style=\"border-radius:14px;background-color:#469b9b\">LISTE COMPLETE DES PRODUITS<\/a><\/div>\n<\/div>\n\n\n\n\n<\/div>\n<\/div>\n<\/div><\/div>\n\n\n\n<p><\/p>\n\n\n\n<div class=\"wp-block-columns is-layout-flex wp-container-core-columns-is-layout-9d6595d7 wp-block-columns-is-layout-flex\">\n<div class=\"wp-block-column is-layout-flow wp-block-column-is-layout-flow\" style=\"flex-basis:25%\"><\/div>\n\n\n\n<div class=\"wp-block-column is-layout-flow wp-block-column-is-layout-flow\" style=\"flex-basis:50%\">\n<figure class=\"wp-block-embed is-type-video is-provider-youtube wp-block-embed-youtube wp-embed-aspect-16-9 wp-has-aspect-ratio\"><div class=\"wp-block-embed__wrapper\">\n<iframe loading=\"lazy\" title=\"Shark Tank Season 5 Episode 22 Paint Brush Cover\" width=\"900\" height=\"506\" src=\"https:\/\/www.youtube.com\/embed\/Gcy02Z9m5l0?feature=oembed\" frameborder=\"0\" allow=\"accelerometer; autoplay; clipboard-write; encrypted-media; gyroscope; picture-in-picture; web-share\" referrerpolicy=\"strict-origin-when-cross-origin\" allowfullscreen><\/iframe>\n<\/div><\/figure>\n<\/div>\n\n\n\n<div class=\"wp-block-column is-layout-flow wp-block-column-is-layout-flow\" style=\"flex-basis:25%\"><\/div>\n<\/div>\n","protected":false},"excerpt":{"rendered":"<p>Likwid Concepts Des accessoires de peinture uniques qui vous permettront d&rsquo;\u00e9conomiser de l&rsquo;argent et d&rsquo;\u00e9conomiser vos pinceaux, rouleaux et plus encore. Regardez la vid\u00e9o ci-dessous et laissez-vous surprendre!<\/p>\n","protected":false},"author":3,"featured_media":0,"parent":120,"menu_order":0,"comment_status":"closed","ping_status":"closed","template":"template-full-width.php","meta":{"footnotes":""},"class_list":["post-850","page","type-page","status-publish","hentry"],"_links":{"self":[{"href":"https:\/\/martind.ca\/fr\/wp-json\/wp\/v2\/pages\/850","targetHints":{"allow":["GET"]}}],"collection":[{"href":"https:\/\/martind.ca\/fr\/wp-json\/wp\/v2\/pages"}],"about":[{"href":"https:\/\/martind.ca\/fr\/wp-json\/wp\/v2\/types\/page"}],"author":[{"embeddable":true,"href":"https:\/\/martind.ca\/fr\/wp-json\/wp\/v2\/users\/3"}],"replies":[{"embeddable":true,"href":"https:\/\/martind.ca\/fr\/wp-json\/wp\/v2\/comments?post=850"}],"version-history":[{"count":20,"href":"https:\/\/martind.ca\/fr\/wp-json\/wp\/v2\/pages\/850\/revisions"}],"predecessor-version":[{"id":23657,"href":"https:\/\/martind.ca\/fr\/wp-json\/wp\/v2\/pages\/850\/revisions\/23657"}],"up":[{"embeddable":true,"href":"https:\/\/martind.ca\/fr\/wp-json\/wp\/v2\/pages\/120"}],"wp:attachment":[{"href":"https:\/\/martind.ca\/fr\/wp-json\/wp\/v2\/media?parent=850"}],"curies":[{"name":"wp","href":"https:\/\/api.w.org\/{rel}","templated":true}]}}