{"id":593,"date":"2021-03-30T01:03:33","date_gmt":"2021-03-30T01:03:33","guid":{"rendered":"https:\/\/martind.ca\/?page_id=593"},"modified":"2023-01-17T11:44:45","modified_gmt":"2023-01-17T16:44:45","slug":"produits-faux-finis","status":"publish","type":"page","link":"https:\/\/martind.ca\/fr\/products\/produits-faux-finis\/","title":{"rendered":"Produits Faux Finis"},"content":{"rendered":"\n<h2 class=\"wp-block-heading\"><strong><strong><strong><strong><strong>Produits Faux Finis<\/strong><\/strong><\/strong><\/strong><\/strong><\/h2>\n\n\n\n<div class=\"wp-block-group\"><div class=\"wp-block-group__inner-container is-layout-flow wp-block-group-is-layout-flow\">\n<div class=\"wp-block-columns alignfull is-layout-flex wp-container-core-columns-is-layout-9d6595d7 wp-block-columns-is-layout-flex\">\n<div class=\"wp-block-column is-layout-flow wp-block-column-is-layout-flow\">\n<div class=\"wp-block-getwid-images-slider has-arrows-inside has-dots-inside has-images-center has-fitted-images has-fixed-height\"><div class=\"wp-block-getwid-images-slider__wrapper\" data-effect=\"slide\" data-slides-show=\"1\" data-slides-show-laptop=\"1\" data-slides-show-tablet=\"1\" data-slides-show-mobile=\"1\" data-slides-scroll=\"1\" data-autoplay=\"true\" data-autoplay-speed=\"6000\" data-infinite=\"true\" data-animation-speed=\"500\" data-center-mode=\"false\" data-variable-width=\"false\" data-arrows=\"inside\" data-dots=\"inside\" data-spacing=\"none\"><div class=\"wp-block-getwid-images-slider__item\" style=\"height:600px\"><figure><img loading=\"lazy\" decoding=\"async\" width=\"460\" height=\"276\" src=\"https:\/\/martind.ca\/wp-content\/uploads\/2021\/03\/FF1.jpg\" data-id=\"570\" data-link=\"https:\/\/martind.ca\/?attachment_id=570\" data-original-link=\"https:\/\/martind.ca\/wp-content\/uploads\/2021\/03\/FF1.jpg\" class=\"wp-block-getwid-images-slider__image wp-image-570\" srcset=\"https:\/\/martind.ca\/wp-content\/uploads\/2021\/03\/FF1.jpg 460w, https:\/\/martind.ca\/wp-content\/uploads\/2021\/03\/FF1-300x180.jpg 300w\" sizes=\"auto, (max-width: 460px) 100vw, 460px\" \/><\/figure><\/div><div class=\"wp-block-getwid-images-slider__item\" style=\"height:600px\"><figure><img loading=\"lazy\" decoding=\"async\" width=\"436\" height=\"505\" src=\"https:\/\/martind.ca\/wp-content\/uploads\/2021\/03\/FF2.jpg\" data-id=\"572\" data-link=\"https:\/\/martind.ca\/?attachment_id=572\" data-original-link=\"https:\/\/martind.ca\/wp-content\/uploads\/2021\/03\/FF2.jpg\" class=\"wp-block-getwid-images-slider__image wp-image-572\" srcset=\"https:\/\/martind.ca\/wp-content\/uploads\/2021\/03\/FF2.jpg 436w, https:\/\/martind.ca\/wp-content\/uploads\/2021\/03\/FF2-259x300.jpg 259w\" sizes=\"auto, (max-width: 436px) 100vw, 436px\" \/><\/figure><\/div><div class=\"wp-block-getwid-images-slider__item\" style=\"height:600px\"><figure><img loading=\"lazy\" decoding=\"async\" width=\"426\" height=\"505\" src=\"https:\/\/martind.ca\/wp-content\/uploads\/2021\/03\/FF3.jpg\" data-id=\"574\" data-link=\"https:\/\/martind.ca\/?attachment_id=574\" data-original-link=\"https:\/\/martind.ca\/wp-content\/uploads\/2021\/03\/FF3.jpg\" class=\"wp-block-getwid-images-slider__image wp-image-574\" srcset=\"https:\/\/martind.ca\/wp-content\/uploads\/2021\/03\/FF3.jpg 426w, https:\/\/martind.ca\/wp-content\/uploads\/2021\/03\/FF3-253x300.jpg 253w\" sizes=\"auto, (max-width: 426px) 100vw, 426px\" \/><\/figure><\/div><div class=\"wp-block-getwid-images-slider__item\" style=\"height:600px\"><figure><img loading=\"lazy\" decoding=\"async\" width=\"460\" height=\"460\" src=\"https:\/\/martind.ca\/wp-content\/uploads\/2021\/03\/FF4.jpg\" data-id=\"576\" data-link=\"https:\/\/martind.ca\/?attachment_id=576\" data-original-link=\"https:\/\/martind.ca\/wp-content\/uploads\/2021\/03\/FF4.jpg\" class=\"wp-block-getwid-images-slider__image wp-image-576\" srcset=\"https:\/\/martind.ca\/wp-content\/uploads\/2021\/03\/FF4.jpg 460w, https:\/\/martind.ca\/wp-content\/uploads\/2021\/03\/FF4-300x300.jpg 300w, https:\/\/martind.ca\/wp-content\/uploads\/2021\/03\/FF4-150x150.jpg 150w\" sizes=\"auto, (max-width: 460px) 100vw, 460px\" \/><\/figure><\/div><div class=\"wp-block-getwid-images-slider__item\" style=\"height:600px\"><figure><img loading=\"lazy\" decoding=\"async\" width=\"460\" height=\"460\" src=\"https:\/\/martind.ca\/wp-content\/uploads\/2021\/03\/FF5.jpg\" data-id=\"578\" data-link=\"https:\/\/martind.ca\/?attachment_id=578\" data-original-link=\"https:\/\/martind.ca\/wp-content\/uploads\/2021\/03\/FF5.jpg\" class=\"wp-block-getwid-images-slider__image wp-image-578\" srcset=\"https:\/\/martind.ca\/wp-content\/uploads\/2021\/03\/FF5.jpg 460w, https:\/\/martind.ca\/wp-content\/uploads\/2021\/03\/FF5-300x300.jpg 300w, https:\/\/martind.ca\/wp-content\/uploads\/2021\/03\/FF5-150x150.jpg 150w\" sizes=\"auto, (max-width: 460px) 100vw, 460px\" \/><\/figure><\/div><div class=\"wp-block-getwid-images-slider__item\" style=\"height:600px\"><figure><img loading=\"lazy\" decoding=\"async\" width=\"460\" height=\"460\" src=\"https:\/\/martind.ca\/wp-content\/uploads\/2021\/03\/FF6.jpg\" data-id=\"580\" data-link=\"https:\/\/martind.ca\/?attachment_id=580\" data-original-link=\"https:\/\/martind.ca\/wp-content\/uploads\/2021\/03\/FF6.jpg\" class=\"wp-block-getwid-images-slider__image wp-image-580\" srcset=\"https:\/\/martind.ca\/wp-content\/uploads\/2021\/03\/FF6.jpg 460w, https:\/\/martind.ca\/wp-content\/uploads\/2021\/03\/FF6-300x300.jpg 300w, https:\/\/martind.ca\/wp-content\/uploads\/2021\/03\/FF6-150x150.jpg 150w\" sizes=\"auto, (max-width: 460px) 100vw, 460px\" \/><\/figure><\/div><div class=\"wp-block-getwid-images-slider__item\" style=\"height:600px\"><figure><img loading=\"lazy\" decoding=\"async\" width=\"460\" height=\"460\" src=\"https:\/\/martind.ca\/wp-content\/uploads\/2021\/03\/FF7.jpg\" data-id=\"582\" data-link=\"https:\/\/martind.ca\/?attachment_id=582\" data-original-link=\"https:\/\/martind.ca\/wp-content\/uploads\/2021\/03\/FF7.jpg\" class=\"wp-block-getwid-images-slider__image wp-image-582\" srcset=\"https:\/\/martind.ca\/wp-content\/uploads\/2021\/03\/FF7.jpg 460w, https:\/\/martind.ca\/wp-content\/uploads\/2021\/03\/FF7-300x300.jpg 300w, https:\/\/martind.ca\/wp-content\/uploads\/2021\/03\/FF7-150x150.jpg 150w\" sizes=\"auto, (max-width: 460px) 100vw, 460px\" \/><\/figure><\/div><div class=\"wp-block-getwid-images-slider__item\" style=\"height:600px\"><figure><img loading=\"lazy\" decoding=\"async\" width=\"460\" height=\"460\" src=\"https:\/\/martind.ca\/wp-content\/uploads\/2021\/03\/FF8.jpg\" data-id=\"584\" data-link=\"https:\/\/martind.ca\/?attachment_id=584\" data-original-link=\"https:\/\/martind.ca\/wp-content\/uploads\/2021\/03\/FF8.jpg\" class=\"wp-block-getwid-images-slider__image wp-image-584\" srcset=\"https:\/\/martind.ca\/wp-content\/uploads\/2021\/03\/FF8.jpg 460w, https:\/\/martind.ca\/wp-content\/uploads\/2021\/03\/FF8-300x300.jpg 300w, https:\/\/martind.ca\/wp-content\/uploads\/2021\/03\/FF8-150x150.jpg 150w\" sizes=\"auto, (max-width: 460px) 100vw, 460px\" \/><\/figure><\/div><\/div><\/div>\n<\/div>\n\n\n\n<div class=\"wp-block-column is-layout-flow wp-block-column-is-layout-flow\"><div class=\"wp-block-image\">\n<figure class=\"aligncenter size-large\"><img loading=\"lazy\" decoding=\"async\" width=\"440\" height=\"85\" src=\"https:\/\/martind.ca\/wp-content\/uploads\/2021\/03\/FauxFinisLogo.jpg\" alt=\"\" class=\"wp-image-569\" srcset=\"https:\/\/martind.ca\/wp-content\/uploads\/2021\/03\/FauxFinisLogo.jpg 440w, https:\/\/martind.ca\/wp-content\/uploads\/2021\/03\/FauxFinisLogo-300x58.jpg 300w\" sizes=\"auto, (max-width: 440px) 100vw, 440px\" \/><\/figure>\n<\/div>\n\n\n<p>Cette section comprend les produits provenant d\u2019une vari\u00e9t\u00e9 de fabricants de finis d\u00e9coratifs, qui sauront compl\u00e9menter votre d\u00e9partement de peinture ou votre studio. La compagnie des Faux-Finis du Monde offre une ligne compl\u00e8te de finis textur\u00e9s, comme le pl\u00e2tre v\u00e9nitien, su\u00e8de, peintures craquel\u00e9es et en martel\u00e9 m\u00e9tallique. Faites bien le tour et d\u00e9couvrez ce que nous avons \u00e0 vous offrir!<\/p>\n\n\n\n<div class=\"wp-block-buttons alignwide is-horizontal is-content-justification-center is-layout-flex wp-container-core-buttons-is-layout-499968f5 wp-block-buttons-is-layout-flex\">\n<div class=\"wp-block-button martbutt\"><a class=\"wp-block-button__link has-white-color has-text-color has-background wp-element-button\" href=\"https:\/\/martind.ca\/wp-content\/uploads\/2021\/03\/FauxFiniBrochureFR.pdf\" style=\"border-radius:14px;background-color:#469b9b\" rel=\"#\">BROCHURE<\/a><\/div>\n<\/div>\n\n\n\n<div class=\"wp-block-buttons is-horizontal is-content-justification-center is-layout-flex wp-container-core-buttons-is-layout-499968f5 wp-block-buttons-is-layout-flex\"><\/div>\n\n\n\n<div class=\"wp-block-buttons is-horizontal is-content-justification-center is-layout-flex wp-container-core-buttons-is-layout-499968f5 wp-block-buttons-is-layout-flex\">\n<div class=\"wp-block-button\"><a class=\"wp-block-button__link has-white-color has-text-color has-background wp-element-button\" href=\"https:\/\/martind.ca\/wp-content\/uploads\/2023\/01\/FC-Art_Price-List-RETAIL_Jan-15-2023.pdf\" style=\"border-radius:14px;background-color:#469b9b\">LISTE COMPL\u00c8TE DES PRODUITS<\/a><\/div>\n<\/div>\n\n\n<\/div>\n<\/div>\n<\/div><\/div>\n\n\n\n<p><\/p>\n\n\n\n<div class=\"wp-block-columns is-layout-flex wp-container-core-columns-is-layout-9d6595d7 wp-block-columns-is-layout-flex\">\n<div class=\"wp-block-column is-layout-flow wp-block-column-is-layout-flow\" style=\"flex-basis:25%\"><\/div>\n\n\n\n<div class=\"wp-block-column is-layout-flow wp-block-column-is-layout-flow\" style=\"flex-basis:50%\"><\/div>\n\n\n\n<div class=\"wp-block-column is-layout-flow wp-block-column-is-layout-flow\" style=\"flex-basis:25%\"><\/div>\n<\/div>\n","protected":false},"excerpt":{"rendered":"<p>Produits Faux Finis Cette section comprend les produits provenant d\u2019une vari\u00e9t\u00e9 de fabricants de finis d\u00e9coratifs, qui sauront compl\u00e9menter votre d\u00e9partement de peinture ou votre studio. La compagnie des Faux-Finis du Monde offre une ligne compl\u00e8te de finis textur\u00e9s, comme le pl\u00e2tre v\u00e9nitien, su\u00e8de, peintures craquel\u00e9es et en martel\u00e9 m\u00e9tallique. Faites bien le tour et [&hellip;]<\/p>\n","protected":false},"author":3,"featured_media":0,"parent":120,"menu_order":0,"comment_status":"closed","ping_status":"closed","template":"template-full-width.php","meta":{"footnotes":""},"class_list":["post-593","page","type-page","status-publish","hentry"],"_links":{"self":[{"href":"https:\/\/martind.ca\/fr\/wp-json\/wp\/v2\/pages\/593","targetHints":{"allow":["GET"]}}],"collection":[{"href":"https:\/\/martind.ca\/fr\/wp-json\/wp\/v2\/pages"}],"about":[{"href":"https:\/\/martind.ca\/fr\/wp-json\/wp\/v2\/types\/page"}],"author":[{"embeddable":true,"href":"https:\/\/martind.ca\/fr\/wp-json\/wp\/v2\/users\/3"}],"replies":[{"embeddable":true,"href":"https:\/\/martind.ca\/fr\/wp-json\/wp\/v2\/comments?post=593"}],"version-history":[{"count":10,"href":"https:\/\/martind.ca\/fr\/wp-json\/wp\/v2\/pages\/593\/revisions"}],"predecessor-version":[{"id":7314,"href":"https:\/\/martind.ca\/fr\/wp-json\/wp\/v2\/pages\/593\/revisions\/7314"}],"up":[{"embeddable":true,"href":"https:\/\/martind.ca\/fr\/wp-json\/wp\/v2\/pages\/120"}],"wp:attachment":[{"href":"https:\/\/martind.ca\/fr\/wp-json\/wp\/v2\/media?parent=593"}],"curies":[{"name":"wp","href":"https:\/\/api.w.org\/{rel}","templated":true}]}}