{"id":5022,"date":"2022-07-18T16:06:22","date_gmt":"2022-07-18T20:06:22","guid":{"rendered":"https:\/\/martind.ca\/?page_id=5022"},"modified":"2025-05-13T15:00:10","modified_gmt":"2025-05-13T19:00:10","slug":"les-produits-de-finition-dover","status":"publish","type":"page","link":"https:\/\/martind.ca\/fr\/products\/les-produits-de-finition-dover\/","title":{"rendered":"Les produits de finition Dover"},"content":{"rendered":"\n<h2 class=\"wp-block-heading\"><strong><strong><strong>Les produits de finition Dover<\/strong><\/strong><\/strong><\/h2>\n\n\n\n<div class=\"wp-block-group\"><div class=\"wp-block-group__inner-container is-layout-flow wp-block-group-is-layout-flow\">\n<div class=\"wp-block-columns alignfull is-layout-flex wp-container-core-columns-is-layout-9d6595d7 wp-block-columns-is-layout-flex\">\n<div class=\"wp-block-column is-layout-flow wp-block-column-is-layout-flow\">\n<div class=\"wp-block-getwid-images-slider has-arrows-inside has-dots-inside has-images-center has-fitted-images has-fixed-height\"><div class=\"wp-block-getwid-images-slider__wrapper\" data-effect=\"slide\" data-slides-show=\"1\" data-slides-show-laptop=\"1\" data-slides-show-tablet=\"1\" data-slides-show-mobile=\"1\" data-slides-scroll=\"1\" data-autoplay=\"true\" data-pause-hover=\"false\" data-autoplay-speed=\"6000\" data-infinite=\"true\" data-animation-speed=\"500\" data-center-mode=\"false\" data-variable-width=\"false\" data-arrows=\"inside\" data-dots=\"inside\" data-spacing=\"none\"><div class=\"wp-block-getwid-images-slider__item\" style=\"height:600px\"><figure><img loading=\"lazy\" decoding=\"async\" width=\"1000\" height=\"1000\" src=\"https:\/\/martind.ca\/wp-content\/uploads\/2025\/03\/Pump-Markers-2023.jpg\" data-id=\"23500\" data-link=\"https:\/\/martind.ca\/fr\/products\/les-produits-de-finition-dover\/pump-markers-2023-2\/\" data-original-link=\"https:\/\/martind.ca\/wp-content\/uploads\/2025\/03\/Pump-Markers-2023.jpg\" class=\"wp-block-getwid-images-slider__image wp-image-23500\" srcset=\"https:\/\/martind.ca\/wp-content\/uploads\/2025\/03\/Pump-Markers-2023.jpg 1000w, https:\/\/martind.ca\/wp-content\/uploads\/2025\/03\/Pump-Markers-2023-300x300.jpg 300w, https:\/\/martind.ca\/wp-content\/uploads\/2025\/03\/Pump-Markers-2023-150x150.jpg 150w, https:\/\/martind.ca\/wp-content\/uploads\/2025\/03\/Pump-Markers-2023-768x768.jpg 768w, https:\/\/martind.ca\/wp-content\/uploads\/2025\/03\/Pump-Markers-2023-24x24.jpg 24w, https:\/\/martind.ca\/wp-content\/uploads\/2025\/03\/Pump-Markers-2023-36x36.jpg 36w, https:\/\/martind.ca\/wp-content\/uploads\/2025\/03\/Pump-Markers-2023-48x48.jpg 48w\" sizes=\"auto, (max-width: 1000px) 100vw, 1000px\" \/><\/figure><\/div><div class=\"wp-block-getwid-images-slider__item\" style=\"height:600px\"><figure><img loading=\"lazy\" decoding=\"async\" width=\"500\" height=\"500\" src=\"https:\/\/martind.ca\/wp-content\/uploads\/2025\/03\/QuickCure2024-500.jpg\" data-id=\"23498\" data-link=\"https:\/\/martind.ca\/fr\/products\/les-produits-de-finition-dover\/quickcure2024-500-2\/\" data-original-link=\"https:\/\/martind.ca\/wp-content\/uploads\/2025\/03\/QuickCure2024-500.jpg\" class=\"wp-block-getwid-images-slider__image wp-image-23498\" srcset=\"https:\/\/martind.ca\/wp-content\/uploads\/2025\/03\/QuickCure2024-500.jpg 500w, https:\/\/martind.ca\/wp-content\/uploads\/2025\/03\/QuickCure2024-500-300x300.jpg 300w, https:\/\/martind.ca\/wp-content\/uploads\/2025\/03\/QuickCure2024-500-150x150.jpg 150w, https:\/\/martind.ca\/wp-content\/uploads\/2025\/03\/QuickCure2024-500-24x24.jpg 24w, https:\/\/martind.ca\/wp-content\/uploads\/2025\/03\/QuickCure2024-500-36x36.jpg 36w, https:\/\/martind.ca\/wp-content\/uploads\/2025\/03\/QuickCure2024-500-48x48.jpg 48w\" sizes=\"auto, (max-width: 500px) 100vw, 500px\" \/><\/figure><\/div><div class=\"wp-block-getwid-images-slider__item\" style=\"height:600px\"><figure><img loading=\"lazy\" decoding=\"async\" width=\"1000\" height=\"1000\" src=\"https:\/\/martind.ca\/wp-content\/uploads\/2025\/03\/Aersols-Toners.jpg\" data-id=\"23494\" data-link=\"https:\/\/martind.ca\/fr\/products\/les-produits-de-finition-dover\/aersols-toners-2\/\" data-original-link=\"https:\/\/martind.ca\/wp-content\/uploads\/2025\/03\/Aersols-Toners.jpg\" class=\"wp-block-getwid-images-slider__image wp-image-23494\" srcset=\"https:\/\/martind.ca\/wp-content\/uploads\/2025\/03\/Aersols-Toners.jpg 1000w, https:\/\/martind.ca\/wp-content\/uploads\/2025\/03\/Aersols-Toners-300x300.jpg 300w, https:\/\/martind.ca\/wp-content\/uploads\/2025\/03\/Aersols-Toners-150x150.jpg 150w, https:\/\/martind.ca\/wp-content\/uploads\/2025\/03\/Aersols-Toners-768x768.jpg 768w, https:\/\/martind.ca\/wp-content\/uploads\/2025\/03\/Aersols-Toners-24x24.jpg 24w, https:\/\/martind.ca\/wp-content\/uploads\/2025\/03\/Aersols-Toners-36x36.jpg 36w, https:\/\/martind.ca\/wp-content\/uploads\/2025\/03\/Aersols-Toners-48x48.jpg 48w\" sizes=\"auto, (max-width: 1000px) 100vw, 1000px\" \/><\/figure><\/div><div class=\"wp-block-getwid-images-slider__item\" style=\"height:600px\"><figure><img loading=\"lazy\" decoding=\"async\" width=\"1000\" height=\"1000\" src=\"https:\/\/martind.ca\/wp-content\/uploads\/2025\/03\/fillsticks2024-2.jpg\" data-id=\"23492\" data-link=\"https:\/\/martind.ca\/fr\/products\/les-produits-de-finition-dover\/fillsticks2024-2-2\/\" data-original-link=\"https:\/\/martind.ca\/wp-content\/uploads\/2025\/03\/fillsticks2024-2.jpg\" class=\"wp-block-getwid-images-slider__image wp-image-23492\" srcset=\"https:\/\/martind.ca\/wp-content\/uploads\/2025\/03\/fillsticks2024-2.jpg 1000w, https:\/\/martind.ca\/wp-content\/uploads\/2025\/03\/fillsticks2024-2-300x300.jpg 300w, https:\/\/martind.ca\/wp-content\/uploads\/2025\/03\/fillsticks2024-2-150x150.jpg 150w, https:\/\/martind.ca\/wp-content\/uploads\/2025\/03\/fillsticks2024-2-768x768.jpg 768w, https:\/\/martind.ca\/wp-content\/uploads\/2025\/03\/fillsticks2024-2-24x24.jpg 24w, https:\/\/martind.ca\/wp-content\/uploads\/2025\/03\/fillsticks2024-2-36x36.jpg 36w, https:\/\/martind.ca\/wp-content\/uploads\/2025\/03\/fillsticks2024-2-48x48.jpg 48w\" sizes=\"auto, (max-width: 1000px) 100vw, 1000px\" \/><\/figure><\/div><div class=\"wp-block-getwid-images-slider__item\" style=\"height:600px\"><figure><img loading=\"lazy\" decoding=\"async\" width=\"1000\" height=\"1000\" src=\"https:\/\/martind.ca\/wp-content\/uploads\/2025\/03\/FactoryMarkers2024.jpg\" data-id=\"23490\" data-link=\"https:\/\/martind.ca\/fr\/products\/les-produits-de-finition-dover\/factorymarkers2024-2\/\" data-original-link=\"https:\/\/martind.ca\/wp-content\/uploads\/2025\/03\/FactoryMarkers2024.jpg\" class=\"wp-block-getwid-images-slider__image wp-image-23490\" srcset=\"https:\/\/martind.ca\/wp-content\/uploads\/2025\/03\/FactoryMarkers2024.jpg 1000w, https:\/\/martind.ca\/wp-content\/uploads\/2025\/03\/FactoryMarkers2024-300x300.jpg 300w, https:\/\/martind.ca\/wp-content\/uploads\/2025\/03\/FactoryMarkers2024-150x150.jpg 150w, https:\/\/martind.ca\/wp-content\/uploads\/2025\/03\/FactoryMarkers2024-768x768.jpg 768w, https:\/\/martind.ca\/wp-content\/uploads\/2025\/03\/FactoryMarkers2024-24x24.jpg 24w, https:\/\/martind.ca\/wp-content\/uploads\/2025\/03\/FactoryMarkers2024-36x36.jpg 36w, https:\/\/martind.ca\/wp-content\/uploads\/2025\/03\/FactoryMarkers2024-48x48.jpg 48w\" sizes=\"auto, (max-width: 1000px) 100vw, 1000px\" \/><\/figure><\/div><\/div><\/div>\n<\/div>\n\n\n\n<div class=\"wp-block-column is-layout-flow wp-block-column-is-layout-flow\"><div class=\"wp-block-image\">\n<figure class=\"aligncenter size-full\"><img loading=\"lazy\" decoding=\"async\" width=\"600\" height=\"270\" src=\"https:\/\/martind.ca\/wp-content\/uploads\/2022\/07\/dfp-slim-logo.jpg\" alt=\"\" class=\"wp-image-5019\" srcset=\"https:\/\/martind.ca\/wp-content\/uploads\/2022\/07\/dfp-slim-logo.jpg 600w, https:\/\/martind.ca\/wp-content\/uploads\/2022\/07\/dfp-slim-logo-300x135.jpg 300w, https:\/\/martind.ca\/wp-content\/uploads\/2022\/07\/dfp-slim-logo-24x11.jpg 24w, https:\/\/martind.ca\/wp-content\/uploads\/2022\/07\/dfp-slim-logo-36x16.jpg 36w, https:\/\/martind.ca\/wp-content\/uploads\/2022\/07\/dfp-slim-logo-48x22.jpg 48w\" sizes=\"auto, (max-width: 600px) 100vw, 600px\" \/><\/figure>\n<\/div>\n\n\n<p>Les produits de finition Dover (Division du groupe Dover Martin) vous propose la meilleure s\u00e9lection de produits de retouche disponibles.<\/p>\n\n\n\n<p>Veuillez visitez notre site Internet pour consulter notre gamme compl\u00e8te de produits ainsi que les fiches signal\u00e9tiques.<\/p>\n\n\n\n<div class=\"wp-block-buttons alignwide is-horizontal is-content-justification-center is-layout-flex wp-container-core-buttons-is-layout-499968f5 wp-block-buttons-is-layout-flex\">\n<div class=\"wp-block-button martbutt\"><a class=\"wp-block-button__link has-white-color has-text-color has-background wp-element-button\" href=\"https:\/\/www.dfp.ca\/fr\/\" style=\"border-radius:14px;background-color:#469b9b\">SITE INTERNET<\/a><\/div>\n<\/div>\n\n\n\n<div class=\"wp-block-buttons is-horizontal is-content-justification-center is-layout-flex wp-container-core-buttons-is-layout-499968f5 wp-block-buttons-is-layout-flex\">\n<div class=\"wp-block-button\"><a class=\"wp-block-button__link has-white-color has-text-color has-background wp-element-button\" href=\"https:\/\/martind.ca\/wp-content\/uploads\/2025\/05\/DFP-Price-List-OEM_Mar_26_2025.pdf\" style=\"border-radius:14px;background-color:#469b9b\">LISTE COMPLETE DE PRODUITS<\/a><\/div>\n<\/div>\n\n\n\n\n<\/div>\n<\/div>\n<\/div><\/div>\n\n\n\n<div class=\"wp-block-columns is-layout-flex wp-container-core-columns-is-layout-9d6595d7 wp-block-columns-is-layout-flex\">\n<div class=\"wp-block-column is-layout-flow wp-block-column-is-layout-flow\"><\/div>\n\n\n\n<div class=\"wp-block-column is-layout-flow wp-block-column-is-layout-flow\"><div class=\"_df_thumb \" id=\"df_23502\"  _slug=\"dfp-catalogue-french\" data-title=\"catalogue-dfp-en-francais\" wpoptions=\"true\" thumb=\"https:\/\/martind.ca\/wp-content\/uploads\/2025\/03\/DFP-Catalogue-FR-Cover.png\" thumbtype=\"\" >Catalogue DFP en fran\u00e7ais<\/div><script class=\"df-shortcode-script\" nowprocket type=\"application\/javascript\">window.option_df_23502 = {\"outline\":[],\"autoEnableOutline\":\"false\",\"autoEnableThumbnail\":\"false\",\"overwritePDFOutline\":\"false\",\"direction\":\"1\",\"pageSize\":\"0\",\"source\":\"https:\\\/\\\/www.martind.ca\\\/wp-content\\\/uploads\\\/catalogues2024\\\/DFP-Catalogue-2024-Rev-Jan_21_2024-FR.pdf\",\"wpOptions\":\"true\"}; if(window.DFLIP && window.DFLIP.parseBooks){window.DFLIP.parseBooks();}<\/script>\n<\/div>\n\n\n\n<div class=\"wp-block-column is-layout-flow wp-block-column-is-layout-flow\"><\/div>\n<\/div>\n\n\n\n<div class=\"wp-block-columns is-layout-flex wp-container-core-columns-is-layout-9d6595d7 wp-block-columns-is-layout-flex\">\n<div class=\"wp-block-column is-layout-flow wp-block-column-is-layout-flow\" style=\"flex-basis:25%\"><\/div>\n\n\n\n<div class=\"wp-block-column is-layout-flow wp-block-column-is-layout-flow\" style=\"flex-basis:50%\"><\/div>\n\n\n\n<div class=\"wp-block-column is-layout-flow wp-block-column-is-layout-flow\" style=\"flex-basis:25%\"><\/div>\n<\/div>\n","protected":false},"excerpt":{"rendered":"<p>Les produits de finition Dover Les produits de finition Dover (Division du groupe Dover Martin) vous propose la meilleure s\u00e9lection de produits de retouche disponibles. Veuillez visitez notre site Internet pour consulter notre gamme compl\u00e8te de produits ainsi que les fiches signal\u00e9tiques.<\/p>\n","protected":false},"author":3,"featured_media":0,"parent":120,"menu_order":0,"comment_status":"closed","ping_status":"closed","template":"template-full-width.php","meta":{"footnotes":""},"class_list":["post-5022","page","type-page","status-publish","hentry"],"_links":{"self":[{"href":"https:\/\/martind.ca\/fr\/wp-json\/wp\/v2\/pages\/5022","targetHints":{"allow":["GET"]}}],"collection":[{"href":"https:\/\/martind.ca\/fr\/wp-json\/wp\/v2\/pages"}],"about":[{"href":"https:\/\/martind.ca\/fr\/wp-json\/wp\/v2\/types\/page"}],"author":[{"embeddable":true,"href":"https:\/\/martind.ca\/fr\/wp-json\/wp\/v2\/users\/3"}],"replies":[{"embeddable":true,"href":"https:\/\/martind.ca\/fr\/wp-json\/wp\/v2\/comments?post=5022"}],"version-history":[{"count":32,"href":"https:\/\/martind.ca\/fr\/wp-json\/wp\/v2\/pages\/5022\/revisions"}],"predecessor-version":[{"id":23757,"href":"https:\/\/martind.ca\/fr\/wp-json\/wp\/v2\/pages\/5022\/revisions\/23757"}],"up":[{"embeddable":true,"href":"https:\/\/martind.ca\/fr\/wp-json\/wp\/v2\/pages\/120"}],"wp:attachment":[{"href":"https:\/\/martind.ca\/fr\/wp-json\/wp\/v2\/media?parent=5022"}],"curies":[{"name":"wp","href":"https:\/\/api.w.org\/{rel}","templated":true}]}}