{"id":429,"date":"2021-03-29T20:52:55","date_gmt":"2021-03-29T20:52:55","guid":{"rendered":"https:\/\/martind.ca\/?page_id=429"},"modified":"2025-11-10T12:07:18","modified_gmt":"2025-11-10T17:07:18","slug":"trade-secret","status":"publish","type":"page","link":"https:\/\/martind.ca\/fr\/products\/trade-secret\/","title":{"rendered":"Trade Secret"},"content":{"rendered":"\n<h2 class=\"wp-block-heading\">Trade Secret<\/h2>\n\n\n\n<div class=\"wp-block-group\"><div class=\"wp-block-group__inner-container is-layout-flow wp-block-group-is-layout-flow\">\n<div class=\"wp-block-columns alignfull is-layout-flex wp-container-core-columns-is-layout-9d6595d7 wp-block-columns-is-layout-flex\">\n<div class=\"wp-block-column is-layout-flow wp-block-column-is-layout-flow\">\n<div class=\"wp-block-getwid-images-slider has-arrows-inside has-dots-inside has-images-center has-fitted-images has-fixed-height\"><div class=\"wp-block-getwid-images-slider__wrapper\" data-effect=\"slide\" data-slides-show=\"1\" data-slides-show-laptop=\"1\" data-slides-show-tablet=\"1\" data-slides-show-mobile=\"1\" data-slides-scroll=\"1\" data-autoplay=\"true\" data-pause-hover=\"false\" data-autoplay-speed=\"6000\" data-infinite=\"true\" data-animation-speed=\"500\" data-center-mode=\"false\" data-variable-width=\"false\" data-arrows=\"inside\" data-dots=\"inside\" data-spacing=\"none\"><div class=\"wp-block-getwid-images-slider__item\" style=\"height:600px\"><figure><img loading=\"lazy\" decoding=\"async\" width=\"432\" height=\"750\" src=\"https:\/\/martind.ca\/wp-content\/uploads\/2021\/03\/686234-Scratch-Light-En.png\" data-id=\"421\" data-link=\"https:\/\/martind.ca\/fr\/products\/trade-secret\/686234-scratch-light-en-2\/\" data-original-link=\"https:\/\/martind.ca\/wp-content\/uploads\/2021\/03\/686234-Scratch-Light-En.png\" class=\"wp-block-getwid-images-slider__image wp-image-421\" srcset=\"https:\/\/martind.ca\/wp-content\/uploads\/2021\/03\/686234-Scratch-Light-En.png 432w, https:\/\/martind.ca\/wp-content\/uploads\/2021\/03\/686234-Scratch-Light-En-173x300.png 173w\" sizes=\"auto, (max-width: 432px) 100vw, 432px\" \/><\/figure><\/div><div class=\"wp-block-getwid-images-slider__item\" style=\"height:600px\"><figure><img loading=\"lazy\" decoding=\"async\" width=\"432\" height=\"750\" src=\"https:\/\/martind.ca\/wp-content\/uploads\/2021\/03\/686233-Scratch-Dark-En.png\" data-id=\"423\" data-link=\"https:\/\/martind.ca\/fr\/products\/trade-secret\/686233-scratch-dark-en-2\/\" data-original-link=\"https:\/\/martind.ca\/wp-content\/uploads\/2021\/03\/686233-Scratch-Dark-En.png\" class=\"wp-block-getwid-images-slider__image wp-image-423\" srcset=\"https:\/\/martind.ca\/wp-content\/uploads\/2021\/03\/686233-Scratch-Dark-En.png 432w, https:\/\/martind.ca\/wp-content\/uploads\/2021\/03\/686233-Scratch-Dark-En-173x300.png 173w\" sizes=\"auto, (max-width: 432px) 100vw, 432px\" \/><\/figure><\/div><div class=\"wp-block-getwid-images-slider__item\" style=\"height:600px\"><figure><img loading=\"lazy\" decoding=\"async\" width=\"1008\" height=\"2868\" src=\"https:\/\/martind.ca\/wp-content\/uploads\/2021\/03\/TS-Furniture-Polish-2021-EN.png\" data-id=\"419\" data-link=\"https:\/\/martind.ca\/fr\/products\/trade-secret\/ts-furniture-polish-2021-en-2\/\" data-original-link=\"https:\/\/martind.ca\/wp-content\/uploads\/2021\/03\/TS-Furniture-Polish-2021-EN.png\" class=\"wp-block-getwid-images-slider__image wp-image-419\" srcset=\"https:\/\/martind.ca\/wp-content\/uploads\/2021\/03\/TS-Furniture-Polish-2021-EN.png 1008w, https:\/\/martind.ca\/wp-content\/uploads\/2021\/03\/TS-Furniture-Polish-2021-EN-105x300.png 105w, https:\/\/martind.ca\/wp-content\/uploads\/2021\/03\/TS-Furniture-Polish-2021-EN-360x1024.png 360w, https:\/\/martind.ca\/wp-content\/uploads\/2021\/03\/TS-Furniture-Polish-2021-EN-768x2185.png 768w, https:\/\/martind.ca\/wp-content\/uploads\/2021\/03\/TS-Furniture-Polish-2021-EN-540x1536.png 540w, https:\/\/martind.ca\/wp-content\/uploads\/2021\/03\/TS-Furniture-Polish-2021-EN-720x2048.png 720w\" sizes=\"auto, (max-width: 1008px) 100vw, 1008px\" \/><\/figure><\/div><div class=\"wp-block-getwid-images-slider__item\" style=\"height:600px\"><figure><img loading=\"lazy\" decoding=\"async\" width=\"1000\" height=\"1849\" src=\"https:\/\/martind.ca\/wp-content\/uploads\/2021\/03\/687270-WhiteRingRemover.png\" data-id=\"425\" data-link=\"https:\/\/martind.ca\/fr\/products\/trade-secret\/687270-whiteringremover-2\/\" data-original-link=\"https:\/\/martind.ca\/wp-content\/uploads\/2021\/03\/687270-WhiteRingRemover.png\" class=\"wp-block-getwid-images-slider__image wp-image-425\" srcset=\"https:\/\/martind.ca\/wp-content\/uploads\/2021\/03\/687270-WhiteRingRemover.png 1000w, https:\/\/martind.ca\/wp-content\/uploads\/2021\/03\/687270-WhiteRingRemover-162x300.png 162w, https:\/\/martind.ca\/wp-content\/uploads\/2021\/03\/687270-WhiteRingRemover-554x1024.png 554w, https:\/\/martind.ca\/wp-content\/uploads\/2021\/03\/687270-WhiteRingRemover-768x1420.png 768w, https:\/\/martind.ca\/wp-content\/uploads\/2021\/03\/687270-WhiteRingRemover-831x1536.png 831w\" sizes=\"auto, (max-width: 1000px) 100vw, 1000px\" \/><\/figure><\/div><div class=\"wp-block-getwid-images-slider__item\" style=\"height:600px\"><figure><img loading=\"lazy\" decoding=\"async\" width=\"1000\" height=\"2208\" src=\"https:\/\/martind.ca\/wp-content\/uploads\/2021\/03\/ProLeatherRestore.png\" data-id=\"409\" data-link=\"https:\/\/martind.ca\/fr\/products\/trade-secret\/proleatherrestore-2\/\" data-original-link=\"https:\/\/martind.ca\/wp-content\/uploads\/2021\/03\/ProLeatherRestore.png\" class=\"wp-block-getwid-images-slider__image wp-image-409\" srcset=\"https:\/\/martind.ca\/wp-content\/uploads\/2021\/03\/ProLeatherRestore.png 1000w, https:\/\/martind.ca\/wp-content\/uploads\/2021\/03\/ProLeatherRestore-136x300.png 136w, https:\/\/martind.ca\/wp-content\/uploads\/2021\/03\/ProLeatherRestore-464x1024.png 464w, https:\/\/martind.ca\/wp-content\/uploads\/2021\/03\/ProLeatherRestore-768x1696.png 768w, https:\/\/martind.ca\/wp-content\/uploads\/2021\/03\/ProLeatherRestore-696x1536.png 696w, https:\/\/martind.ca\/wp-content\/uploads\/2021\/03\/ProLeatherRestore-928x2048.png 928w\" sizes=\"auto, (max-width: 1000px) 100vw, 1000px\" \/><\/figure><\/div><div class=\"wp-block-getwid-images-slider__item\" style=\"height:600px\"><figure><img loading=\"lazy\" decoding=\"async\" width=\"1500\" height=\"960\" src=\"https:\/\/martind.ca\/wp-content\/uploads\/2021\/03\/Leather-Care-System-AllItems-EN.png\" data-id=\"407\" data-link=\"https:\/\/martind.ca\/fr\/products\/trade-secret\/leather-care-system-allitems-en-2\/\" data-original-link=\"https:\/\/martind.ca\/wp-content\/uploads\/2021\/03\/Leather-Care-System-AllItems-EN.png\" class=\"wp-block-getwid-images-slider__image wp-image-407\" srcset=\"https:\/\/martind.ca\/wp-content\/uploads\/2021\/03\/Leather-Care-System-AllItems-EN.png 1500w, https:\/\/martind.ca\/wp-content\/uploads\/2021\/03\/Leather-Care-System-AllItems-EN-300x192.png 300w, https:\/\/martind.ca\/wp-content\/uploads\/2021\/03\/Leather-Care-System-AllItems-EN-1024x655.png 1024w, https:\/\/martind.ca\/wp-content\/uploads\/2021\/03\/Leather-Care-System-AllItems-EN-768x492.png 768w\" sizes=\"auto, (max-width: 1500px) 100vw, 1500px\" \/><\/figure><\/div><div class=\"wp-block-getwid-images-slider__item\" style=\"height:600px\"><figure><img loading=\"lazy\" decoding=\"async\" width=\"1374\" height=\"1000\" src=\"https:\/\/martind.ca\/wp-content\/uploads\/2021\/03\/686281-FurnitureRestorationSystem-BoxAllComponentsEnglish1000.png\" data-id=\"413\" data-link=\"https:\/\/martind.ca\/fr\/products\/trade-secret\/686281-furniturerestorationsystem-boxallcomponentsenglish1000-2\/\" data-original-link=\"https:\/\/martind.ca\/wp-content\/uploads\/2021\/03\/686281-FurnitureRestorationSystem-BoxAllComponentsEnglish1000.png\" class=\"wp-block-getwid-images-slider__image wp-image-413\" srcset=\"https:\/\/martind.ca\/wp-content\/uploads\/2021\/03\/686281-FurnitureRestorationSystem-BoxAllComponentsEnglish1000.png 1374w, https:\/\/martind.ca\/wp-content\/uploads\/2021\/03\/686281-FurnitureRestorationSystem-BoxAllComponentsEnglish1000-300x218.png 300w, https:\/\/martind.ca\/wp-content\/uploads\/2021\/03\/686281-FurnitureRestorationSystem-BoxAllComponentsEnglish1000-1024x745.png 1024w, https:\/\/martind.ca\/wp-content\/uploads\/2021\/03\/686281-FurnitureRestorationSystem-BoxAllComponentsEnglish1000-768x559.png 768w\" sizes=\"auto, (max-width: 1374px) 100vw, 1374px\" \/><\/figure><\/div><div class=\"wp-block-getwid-images-slider__item\" style=\"height:600px\"><figure><img loading=\"lazy\" decoding=\"async\" width=\"1097\" height=\"1969\" src=\"https:\/\/martind.ca\/wp-content\/uploads\/2021\/03\/CrystalClearProFinish2018.png\" data-id=\"411\" data-link=\"https:\/\/martind.ca\/fr\/products\/trade-secret\/crystalclearprofinish2018-2\/\" data-original-link=\"https:\/\/martind.ca\/wp-content\/uploads\/2021\/03\/CrystalClearProFinish2018.png\" class=\"wp-block-getwid-images-slider__image wp-image-411\" srcset=\"https:\/\/martind.ca\/wp-content\/uploads\/2021\/03\/CrystalClearProFinish2018.png 1097w, https:\/\/martind.ca\/wp-content\/uploads\/2021\/03\/CrystalClearProFinish2018-167x300.png 167w, https:\/\/martind.ca\/wp-content\/uploads\/2021\/03\/CrystalClearProFinish2018-571x1024.png 571w, https:\/\/martind.ca\/wp-content\/uploads\/2021\/03\/CrystalClearProFinish2018-768x1378.png 768w, https:\/\/martind.ca\/wp-content\/uploads\/2021\/03\/CrystalClearProFinish2018-856x1536.png 856w\" sizes=\"auto, (max-width: 1097px) 100vw, 1097px\" \/><\/figure><\/div><div class=\"wp-block-getwid-images-slider__item\" style=\"height:600px\"><figure><img loading=\"lazy\" decoding=\"async\" width=\"1000\" height=\"1858\" src=\"https:\/\/martind.ca\/wp-content\/uploads\/2021\/03\/687254.png\" data-id=\"415\" data-link=\"https:\/\/martind.ca\/fr\/products\/trade-secret\/687254-2\/\" data-original-link=\"https:\/\/martind.ca\/wp-content\/uploads\/2021\/03\/687254.png\" class=\"wp-block-getwid-images-slider__image wp-image-415\" srcset=\"https:\/\/martind.ca\/wp-content\/uploads\/2021\/03\/687254.png 1000w, https:\/\/martind.ca\/wp-content\/uploads\/2021\/03\/687254-161x300.png 161w, https:\/\/martind.ca\/wp-content\/uploads\/2021\/03\/687254-551x1024.png 551w, https:\/\/martind.ca\/wp-content\/uploads\/2021\/03\/687254-768x1427.png 768w, https:\/\/martind.ca\/wp-content\/uploads\/2021\/03\/687254-827x1536.png 827w\" sizes=\"auto, (max-width: 1000px) 100vw, 1000px\" \/><\/figure><\/div><div class=\"wp-block-getwid-images-slider__item\" style=\"height:600px\"><figure><img loading=\"lazy\" decoding=\"async\" width=\"2251\" height=\"3815\" src=\"https:\/\/martind.ca\/wp-content\/uploads\/2021\/03\/687269.png\" data-id=\"417\" data-link=\"https:\/\/martind.ca\/fr\/products\/trade-secret\/687269-2\/\" data-original-link=\"https:\/\/martind.ca\/wp-content\/uploads\/2021\/03\/687269.png\" class=\"wp-block-getwid-images-slider__image wp-image-417\" srcset=\"https:\/\/martind.ca\/wp-content\/uploads\/2021\/03\/687269.png 2251w, https:\/\/martind.ca\/wp-content\/uploads\/2021\/03\/687269-177x300.png 177w, https:\/\/martind.ca\/wp-content\/uploads\/2021\/03\/687269-604x1024.png 604w, https:\/\/martind.ca\/wp-content\/uploads\/2021\/03\/687269-768x1302.png 768w, https:\/\/martind.ca\/wp-content\/uploads\/2021\/03\/687269-906x1536.png 906w, https:\/\/martind.ca\/wp-content\/uploads\/2021\/03\/687269-1208x2048.png 1208w\" sizes=\"auto, (max-width: 2251px) 100vw, 2251px\" \/><\/figure><\/div><\/div><\/div>\n<\/div>\n\n\n\n<div class=\"wp-block-column is-layout-flow wp-block-column-is-layout-flow\"><div class=\"wp-block-image\">\n<figure class=\"aligncenter size-large is-resized\"><img loading=\"lazy\" decoding=\"async\" width=\"1024\" height=\"607\" src=\"https:\/\/martind.ca\/wp-content\/uploads\/2025\/11\/TradeSecret-GoldenLogo-Bilingual-Final-Jul_07_2025-1024x607.png\" alt=\"\" class=\"wp-image-24035\" style=\"width:300px\" srcset=\"https:\/\/martind.ca\/wp-content\/uploads\/2025\/11\/TradeSecret-GoldenLogo-Bilingual-Final-Jul_07_2025-1024x607.png 1024w, https:\/\/martind.ca\/wp-content\/uploads\/2025\/11\/TradeSecret-GoldenLogo-Bilingual-Final-Jul_07_2025-300x178.png 300w, https:\/\/martind.ca\/wp-content\/uploads\/2025\/11\/TradeSecret-GoldenLogo-Bilingual-Final-Jul_07_2025-768x455.png 768w, https:\/\/martind.ca\/wp-content\/uploads\/2025\/11\/TradeSecret-GoldenLogo-Bilingual-Final-Jul_07_2025-1536x911.png 1536w, https:\/\/martind.ca\/wp-content\/uploads\/2025\/11\/TradeSecret-GoldenLogo-Bilingual-Final-Jul_07_2025-2048x1215.png 2048w, https:\/\/martind.ca\/wp-content\/uploads\/2025\/11\/TradeSecret-GoldenLogo-Bilingual-Final-Jul_07_2025-24x14.png 24w, https:\/\/martind.ca\/wp-content\/uploads\/2025\/11\/TradeSecret-GoldenLogo-Bilingual-Final-Jul_07_2025-36x21.png 36w, https:\/\/martind.ca\/wp-content\/uploads\/2025\/11\/TradeSecret-GoldenLogo-Bilingual-Final-Jul_07_2025-48x28.png 48w\" sizes=\"auto, (max-width: 1024px) 100vw, 1024px\" \/><\/figure>\n<\/div>\n\n\n<p>Secret du M\u00e9tier s&rsquo;efforce de cr\u00e9er des produits qui r\u00e9pondent aux besoins exigeants en mati\u00e8re d&rsquo;entretien et de r\u00e9paration des surfaces de votre maison.. Du bois au cuir, et des stratifi\u00e9s &#8230; s&rsquo;il y a une surface, nous faisons de notre mieux pour vous fournir des produits de qualit\u00e9 professionnelle, qui sont faciles \u00e0 utiliser tout en offrant des r\u00e9sultats exceptionnels<\/p>\n\n\n\n<p>Secret du M\u00e9tier est une marque de les Produits de finition Dover.<\/p>\n\n\n\n<div class=\"wp-block-buttons alignwide is-horizontal is-content-justification-center is-layout-flex wp-container-core-buttons-is-layout-499968f5 wp-block-buttons-is-layout-flex\">\n<div class=\"wp-block-button martbutt\"><a class=\"wp-block-button__link has-white-color has-text-color has-background wp-element-button\" href=\"https:\/\/www.tradesecret.ca\" style=\"border-radius:14px;background-color:#469b9b\" rel=\"#\">SITE WEB<\/a><\/div>\n<\/div>\n\n\n\n<div class=\"wp-block-buttons is-horizontal is-content-justification-center is-layout-flex wp-container-core-buttons-is-layout-499968f5 wp-block-buttons-is-layout-flex\">\n<div class=\"wp-block-button\"><a class=\"wp-block-button__link has-white-color has-text-color has-background wp-element-button\" href=\"https:\/\/martind.ca\/fr\/fds\/\" style=\"border-radius:14px;background-color:#469b9b\">FICHES SIGNAL\u00c8TIQUES<\/a><\/div>\n<\/div>\n\n\n\n<div class=\"wp-block-buttons is-horizontal is-content-justification-center is-layout-flex wp-container-core-buttons-is-layout-499968f5 wp-block-buttons-is-layout-flex\">\n<div class=\"wp-block-button\"><a class=\"wp-block-button__link has-white-color has-text-color has-background wp-element-button\" href=\"https:\/\/martind.ca\/wp-content\/uploads\/2025\/03\/TradeSecret-Price-List-RETAIL_Rev-Jan_31_2025.pdf\" style=\"border-radius:14px;background-color:#469b9b\">LISTE COMPL\u00c8TE DES PRODUITS<\/a><\/div>\n<\/div>\n\n\n\n\n<\/div>\n<\/div>\n<\/div><\/div>\n\n\n\n<p><\/p>\n\n\n\n<div class=\"wp-block-columns is-layout-flex wp-container-core-columns-is-layout-9d6595d7 wp-block-columns-is-layout-flex\">\n<div class=\"wp-block-column is-layout-flow wp-block-column-is-layout-flow\" style=\"flex-basis:25%\"><\/div>\n\n\n\n<div class=\"wp-block-column is-layout-flow wp-block-column-is-layout-flow\" style=\"flex-basis:50%\">\n<figure class=\"wp-block-image size-large\"><a href=\"https:\/\/www.youtube.com\/channel\/UCKobfN0ZaoWAmJc9keP_jJg\"><img loading=\"lazy\" decoding=\"async\" width=\"1024\" height=\"703\" src=\"https:\/\/martind.ca\/wp-content\/uploads\/2021\/03\/Screen-Shot-2021-03-29-at-4.34.12-PM-1024x703.png\" alt=\"\" class=\"wp-image-397\" srcset=\"https:\/\/martind.ca\/wp-content\/uploads\/2021\/03\/Screen-Shot-2021-03-29-at-4.34.12-PM-1024x703.png 1024w, https:\/\/martind.ca\/wp-content\/uploads\/2021\/03\/Screen-Shot-2021-03-29-at-4.34.12-PM-300x206.png 300w, https:\/\/martind.ca\/wp-content\/uploads\/2021\/03\/Screen-Shot-2021-03-29-at-4.34.12-PM-768x527.png 768w, https:\/\/martind.ca\/wp-content\/uploads\/2021\/03\/Screen-Shot-2021-03-29-at-4.34.12-PM.png 1316w\" sizes=\"auto, (max-width: 1024px) 100vw, 1024px\" \/><\/a><figcaption class=\"wp-element-caption\"><a href=\"https:\/\/www.youtube.com\/channel\/UCKobfN0ZaoWAmJc9keP_jJg\">D\u00e9couvrez de nombreuses vid\u00e9os de Secret du M\u00e9tier<\/a><\/figcaption><\/figure>\n<\/div>\n\n\n\n<div class=\"wp-block-column is-layout-flow wp-block-column-is-layout-flow\" style=\"flex-basis:25%\"><\/div>\n<\/div>\n","protected":false},"excerpt":{"rendered":"<p>Trade Secret Secret du M\u00e9tier s&rsquo;efforce de cr\u00e9er des produits qui r\u00e9pondent aux besoins exigeants en mati\u00e8re d&rsquo;entretien et de r\u00e9paration des surfaces de votre maison.. Du bois au cuir, et des stratifi\u00e9s &#8230; s&rsquo;il y a une surface, nous faisons de notre mieux pour vous fournir des produits de qualit\u00e9 professionnelle, qui sont faciles [&hellip;]<\/p>\n","protected":false},"author":3,"featured_media":0,"parent":120,"menu_order":0,"comment_status":"closed","ping_status":"closed","template":"template-full-width.php","meta":{"footnotes":""},"class_list":["post-429","page","type-page","status-publish","hentry"],"_links":{"self":[{"href":"https:\/\/martind.ca\/fr\/wp-json\/wp\/v2\/pages\/429","targetHints":{"allow":["GET"]}}],"collection":[{"href":"https:\/\/martind.ca\/fr\/wp-json\/wp\/v2\/pages"}],"about":[{"href":"https:\/\/martind.ca\/fr\/wp-json\/wp\/v2\/types\/page"}],"author":[{"embeddable":true,"href":"https:\/\/martind.ca\/fr\/wp-json\/wp\/v2\/users\/3"}],"replies":[{"embeddable":true,"href":"https:\/\/martind.ca\/fr\/wp-json\/wp\/v2\/comments?post=429"}],"version-history":[{"count":25,"href":"https:\/\/martind.ca\/fr\/wp-json\/wp\/v2\/pages\/429\/revisions"}],"predecessor-version":[{"id":24039,"href":"https:\/\/martind.ca\/fr\/wp-json\/wp\/v2\/pages\/429\/revisions\/24039"}],"up":[{"embeddable":true,"href":"https:\/\/martind.ca\/fr\/wp-json\/wp\/v2\/pages\/120"}],"wp:attachment":[{"href":"https:\/\/martind.ca\/fr\/wp-json\/wp\/v2\/media?parent=429"}],"curies":[{"name":"wp","href":"https:\/\/api.w.org\/{rel}","templated":true}]}}