{"id":3163,"date":"2022-02-18T10:53:11","date_gmt":"2022-02-18T15:53:11","guid":{"rendered":"https:\/\/martind.ca\/?page_id=3163"},"modified":"2025-03-11T10:19:34","modified_gmt":"2025-03-11T14:19:34","slug":"click-n-strain","status":"publish","type":"page","link":"https:\/\/martind.ca\/fr\/products\/click-n-strain\/","title":{"rendered":"Click N Strain"},"content":{"rendered":"\n<h2 class=\"wp-block-heading\" id=\"click-n-strain\"><strong><strong><strong>Click N Strain<\/strong><\/strong><\/strong><\/h2>\n\n\n\n<div class=\"wp-block-group\"><div class=\"wp-block-group__inner-container is-layout-flow wp-block-group-is-layout-flow\">\n<div class=\"wp-block-columns alignfull is-layout-flex wp-container-core-columns-is-layout-9d6595d7 wp-block-columns-is-layout-flex\">\n<div class=\"wp-block-column is-layout-flow wp-block-column-is-layout-flow\">\n<div class=\"wp-block-getwid-images-slider has-arrows-inside has-dots-inside has-images-center has-fitted-images has-fixed-height\"><div class=\"wp-block-getwid-images-slider__wrapper\" data-effect=\"slide\" data-slides-show=\"1\" data-slides-show-laptop=\"1\" data-slides-show-tablet=\"1\" data-slides-show-mobile=\"1\" data-slides-scroll=\"1\" data-autoplay=\"true\" data-pause-hover=\"false\" data-autoplay-speed=\"6000\" data-infinite=\"true\" data-animation-speed=\"500\" data-center-mode=\"false\" data-variable-width=\"false\" data-arrows=\"inside\" data-dots=\"inside\" data-spacing=\"none\"><div class=\"wp-block-getwid-images-slider__item\" style=\"height:600px\"><figure><img loading=\"lazy\" decoding=\"async\" width=\"1083\" height=\"650\" src=\"https:\/\/martind.ca\/wp-content\/uploads\/2022\/02\/3333444.jpg\" data-id=\"3153\" data-link=\"https:\/\/martind.ca\/fr\/3333444-2\/\" data-original-link=\"https:\/\/martind.ca\/wp-content\/uploads\/2022\/02\/3333444.jpg\" class=\"wp-block-getwid-images-slider__image wp-image-3153\" srcset=\"https:\/\/martind.ca\/wp-content\/uploads\/2022\/02\/3333444.jpg 1083w, https:\/\/martind.ca\/wp-content\/uploads\/2022\/02\/3333444-300x180.jpg 300w, https:\/\/martind.ca\/wp-content\/uploads\/2022\/02\/3333444-1024x615.jpg 1024w, https:\/\/martind.ca\/wp-content\/uploads\/2022\/02\/3333444-768x461.jpg 768w, https:\/\/martind.ca\/wp-content\/uploads\/2022\/02\/3333444-24x14.jpg 24w, https:\/\/martind.ca\/wp-content\/uploads\/2022\/02\/3333444-36x22.jpg 36w, https:\/\/martind.ca\/wp-content\/uploads\/2022\/02\/3333444-48x29.jpg 48w\" sizes=\"auto, (max-width: 1083px) 100vw, 1083px\" \/><\/figure><\/div><div class=\"wp-block-getwid-images-slider__item\" style=\"height:600px\"><figure><img loading=\"lazy\" decoding=\"async\" width=\"900\" height=\"1350\" src=\"https:\/\/martind.ca\/wp-content\/uploads\/2022\/02\/222.jpg\" data-id=\"3155\" data-link=\"https:\/\/martind.ca\/fr\/222-2\/\" data-original-link=\"https:\/\/martind.ca\/wp-content\/uploads\/2022\/02\/222.jpg\" class=\"wp-block-getwid-images-slider__image wp-image-3155\" srcset=\"https:\/\/martind.ca\/wp-content\/uploads\/2022\/02\/222.jpg 900w, https:\/\/martind.ca\/wp-content\/uploads\/2022\/02\/222-200x300.jpg 200w, https:\/\/martind.ca\/wp-content\/uploads\/2022\/02\/222-683x1024.jpg 683w, https:\/\/martind.ca\/wp-content\/uploads\/2022\/02\/222-768x1152.jpg 768w, https:\/\/martind.ca\/wp-content\/uploads\/2022\/02\/222-16x24.jpg 16w, https:\/\/martind.ca\/wp-content\/uploads\/2022\/02\/222-24x36.jpg 24w, https:\/\/martind.ca\/wp-content\/uploads\/2022\/02\/222-32x48.jpg 32w\" sizes=\"auto, (max-width: 900px) 100vw, 900px\" \/><\/figure><\/div><div class=\"wp-block-getwid-images-slider__item\" style=\"height:600px\"><figure><img loading=\"lazy\" decoding=\"async\" width=\"640\" height=\"960\" src=\"https:\/\/martind.ca\/wp-content\/uploads\/2022\/02\/CLICK-N-STRAIN-LEFT-CAN-middle.jpg\" data-id=\"3157\" data-link=\"https:\/\/martind.ca\/fr\/click-n-strain-left-can-middle-2\/\" data-original-link=\"https:\/\/martind.ca\/wp-content\/uploads\/2022\/02\/CLICK-N-STRAIN-LEFT-CAN-middle.jpg\" class=\"wp-block-getwid-images-slider__image wp-image-3157\" srcset=\"https:\/\/martind.ca\/wp-content\/uploads\/2022\/02\/CLICK-N-STRAIN-LEFT-CAN-middle.jpg 640w, https:\/\/martind.ca\/wp-content\/uploads\/2022\/02\/CLICK-N-STRAIN-LEFT-CAN-middle-200x300.jpg 200w, https:\/\/martind.ca\/wp-content\/uploads\/2022\/02\/CLICK-N-STRAIN-LEFT-CAN-middle-16x24.jpg 16w, https:\/\/martind.ca\/wp-content\/uploads\/2022\/02\/CLICK-N-STRAIN-LEFT-CAN-middle-24x36.jpg 24w, https:\/\/martind.ca\/wp-content\/uploads\/2022\/02\/CLICK-N-STRAIN-LEFT-CAN-middle-32x48.jpg 32w\" sizes=\"auto, (max-width: 640px) 100vw, 640px\" \/><\/figure><\/div><div class=\"wp-block-getwid-images-slider__item\" style=\"height:600px\"><figure><img loading=\"lazy\" decoding=\"async\" width=\"640\" height=\"960\" src=\"https:\/\/martind.ca\/wp-content\/uploads\/2022\/02\/CLICK-N-STRAIN-LEFT-CAN-right.jpg\" data-id=\"3159\" data-link=\"https:\/\/martind.ca\/fr\/click-n-strain-left-can-right-2\/\" data-original-link=\"https:\/\/martind.ca\/wp-content\/uploads\/2022\/02\/CLICK-N-STRAIN-LEFT-CAN-right.jpg\" class=\"wp-block-getwid-images-slider__image wp-image-3159\" srcset=\"https:\/\/martind.ca\/wp-content\/uploads\/2022\/02\/CLICK-N-STRAIN-LEFT-CAN-right.jpg 640w, https:\/\/martind.ca\/wp-content\/uploads\/2022\/02\/CLICK-N-STRAIN-LEFT-CAN-right-200x300.jpg 200w, https:\/\/martind.ca\/wp-content\/uploads\/2022\/02\/CLICK-N-STRAIN-LEFT-CAN-right-16x24.jpg 16w, https:\/\/martind.ca\/wp-content\/uploads\/2022\/02\/CLICK-N-STRAIN-LEFT-CAN-right-24x36.jpg 24w, https:\/\/martind.ca\/wp-content\/uploads\/2022\/02\/CLICK-N-STRAIN-LEFT-CAN-right-32x48.jpg 32w\" sizes=\"auto, (max-width: 640px) 100vw, 640px\" \/><\/figure><\/div><div class=\"wp-block-getwid-images-slider__item\" style=\"height:600px\"><figure><img loading=\"lazy\" decoding=\"async\" width=\"501\" height=\"632\" src=\"https:\/\/martind.ca\/wp-content\/uploads\/2022\/02\/CANS-2-1-fr.jpg\" data-id=\"3164\" data-link=\"https:\/\/martind.ca\/fr\/?attachment_id=3164\" data-original-link=\"https:\/\/martind.ca\/wp-content\/uploads\/2022\/02\/CANS-2-1-fr.jpg\" class=\"wp-block-getwid-images-slider__image wp-image-3164\" srcset=\"https:\/\/martind.ca\/wp-content\/uploads\/2022\/02\/CANS-2-1-fr.jpg 501w, https:\/\/martind.ca\/wp-content\/uploads\/2022\/02\/CANS-2-1-fr-238x300.jpg 238w, https:\/\/martind.ca\/wp-content\/uploads\/2022\/02\/CANS-2-1-fr-19x24.jpg 19w, https:\/\/martind.ca\/wp-content\/uploads\/2022\/02\/CANS-2-1-fr-29x36.jpg 29w, https:\/\/martind.ca\/wp-content\/uploads\/2022\/02\/CANS-2-1-fr-38x48.jpg 38w\" sizes=\"auto, (max-width: 501px) 100vw, 501px\" \/><\/figure><\/div><\/div><\/div>\n<\/div>\n\n\n\n<div class=\"wp-block-column is-layout-flow wp-block-column-is-layout-flow\"><div class=\"wp-block-image\">\n<figure class=\"aligncenter size-full\"><img loading=\"lazy\" decoding=\"async\" width=\"777\" height=\"138\" src=\"https:\/\/martind.ca\/wp-content\/uploads\/2022\/02\/LOGO.jpg\" alt=\"\" class=\"wp-image-3149\" srcset=\"https:\/\/martind.ca\/wp-content\/uploads\/2022\/02\/LOGO.jpg 777w, https:\/\/martind.ca\/wp-content\/uploads\/2022\/02\/LOGO-300x53.jpg 300w, https:\/\/martind.ca\/wp-content\/uploads\/2022\/02\/LOGO-768x136.jpg 768w, https:\/\/martind.ca\/wp-content\/uploads\/2022\/02\/LOGO-24x4.jpg 24w, https:\/\/martind.ca\/wp-content\/uploads\/2022\/02\/LOGO-36x6.jpg 36w, https:\/\/martind.ca\/wp-content\/uploads\/2022\/02\/LOGO-48x9.jpg 48w\" sizes=\"auto, (max-width: 777px) 100vw, 777px\" \/><\/figure>\n<\/div>\n\n\n<p>Utilisez le Click N Strain pour filtrer les flocons de peinture lors du versement. La l\u00e8vre dirige la peinture facilement et la languette lat\u00e9rale offre une surface propre lorsque le filtre doit \u00eatre retir\u00e9. Couvre la moiti\u00e9 d\u2019un pot de peinture pour un versement fluide et permettre \u00e0 un pinceau d&rsquo;\u00eatre tremp\u00e9 dans le c\u00f4t\u00e9 ouvert. Le profil du filtre emp\u00eache la peinture de p\u00e9n\u00e9trer dans la rainure du pot de peinture.<\/p>\n\n\n\n<div class=\"wp-block-buttons is-horizontal is-content-justification-center is-layout-flex wp-container-core-buttons-is-layout-499968f5 wp-block-buttons-is-layout-flex\">\n<div class=\"wp-block-button\"><a class=\"wp-block-button__link has-white-color has-text-color has-background wp-element-button\" href=\"https:\/\/martind.ca\/wp-content\/uploads\/2022\/03\/ClickNStrain-Price-List-RETAIL_Feb_15_2022.pdf\" style=\"border-radius:14px;background-color:#469b9b\">LISTE COMPLETE DES PRODUITS<\/a><\/div>\n<\/div>\n\n\n\n\n\n<div class=\"wp-block-buttons alignwide is-content-justification-center is-layout-flex wp-container-core-buttons-is-layout-16018d1d wp-block-buttons-is-layout-flex\">\n<div class=\"wp-block-button\"><a class=\"wp-block-button__link has-background wp-element-button\" href=\"https:\/\/martind.ca\/?gfid=41\" style=\"border-radius:15px;background-color:#469b9b\">FICHE DE PRODUIT VEDETTE<\/a><\/div>\n<\/div>\n<\/div>\n<\/div>\n<\/div><\/div>\n\n\n\n<p><\/p>\n\n\n\n<div class=\"wp-block-columns is-layout-flex wp-container-core-columns-is-layout-9d6595d7 wp-block-columns-is-layout-flex\">\n<div class=\"wp-block-column is-layout-flow wp-block-column-is-layout-flow\" style=\"flex-basis:25%\"><\/div>\n\n\n\n<div class=\"wp-block-column is-layout-flow wp-block-column-is-layout-flow\" style=\"flex-basis:50%\">\n<figure class=\"wp-block-embed is-type-video is-provider-youtube wp-block-embed-youtube wp-embed-aspect-16-9 wp-has-aspect-ratio\"><div class=\"wp-block-embed__wrapper\">\n<iframe loading=\"lazy\" title=\"Click N Strain 5 gallon strainer test\" width=\"900\" height=\"506\" src=\"https:\/\/www.youtube.com\/embed\/oU4rd8Z52Jk?feature=oembed\" frameborder=\"0\" allow=\"accelerometer; autoplay; clipboard-write; encrypted-media; gyroscope; picture-in-picture\" allowfullscreen><\/iframe>\n<\/div><\/figure>\n<\/div>\n\n\n\n<div class=\"wp-block-column is-layout-flow wp-block-column-is-layout-flow\" style=\"flex-basis:25%\"><\/div>\n<\/div>\n","protected":false},"excerpt":{"rendered":"<p>Click N Strain Utilisez le Click N Strain pour filtrer les flocons de peinture lors du versement. La l\u00e8vre dirige la peinture facilement et la languette lat\u00e9rale offre une surface propre lorsque le filtre doit \u00eatre retir\u00e9. Couvre la moiti\u00e9 d\u2019un pot de peinture pour un versement fluide et permettre \u00e0 un pinceau d&rsquo;\u00eatre tremp\u00e9 [&hellip;]<\/p>\n","protected":false},"author":3,"featured_media":0,"parent":120,"menu_order":0,"comment_status":"closed","ping_status":"closed","template":"template-full-width.php","meta":{"footnotes":""},"class_list":["post-3163","page","type-page","status-publish","hentry"],"_links":{"self":[{"href":"https:\/\/martind.ca\/fr\/wp-json\/wp\/v2\/pages\/3163","targetHints":{"allow":["GET"]}}],"collection":[{"href":"https:\/\/martind.ca\/fr\/wp-json\/wp\/v2\/pages"}],"about":[{"href":"https:\/\/martind.ca\/fr\/wp-json\/wp\/v2\/types\/page"}],"author":[{"embeddable":true,"href":"https:\/\/martind.ca\/fr\/wp-json\/wp\/v2\/users\/3"}],"replies":[{"embeddable":true,"href":"https:\/\/martind.ca\/fr\/wp-json\/wp\/v2\/comments?post=3163"}],"version-history":[{"count":6,"href":"https:\/\/martind.ca\/fr\/wp-json\/wp\/v2\/pages\/3163\/revisions"}],"predecessor-version":[{"id":23383,"href":"https:\/\/martind.ca\/fr\/wp-json\/wp\/v2\/pages\/3163\/revisions\/23383"}],"up":[{"embeddable":true,"href":"https:\/\/martind.ca\/fr\/wp-json\/wp\/v2\/pages\/120"}],"wp:attachment":[{"href":"https:\/\/martind.ca\/fr\/wp-json\/wp\/v2\/media?parent=3163"}],"curies":[{"name":"wp","href":"https:\/\/api.w.org\/{rel}","templated":true}]}}