{"id":300,"date":"2021-03-29T18:49:36","date_gmt":"2021-03-29T18:49:36","guid":{"rendered":"https:\/\/martind.ca\/?page_id=300"},"modified":"2023-01-23T12:09:51","modified_gmt":"2023-01-23T17:09:51","slug":"concrobium","status":"publish","type":"page","link":"https:\/\/martind.ca\/fr\/products\/concrobium\/","title":{"rendered":"Concrobium"},"content":{"rendered":"\n<h2 class=\"wp-block-heading\"><strong><strong><strong>Concrobium<\/strong><\/strong><\/strong><\/h2>\n\n\n\n<div class=\"wp-block-group\"><div class=\"wp-block-group__inner-container is-layout-flow wp-block-group-is-layout-flow\">\n<div class=\"wp-block-columns alignfull is-layout-flex wp-container-core-columns-is-layout-9d6595d7 wp-block-columns-is-layout-flex\">\n<div class=\"wp-block-column is-layout-flow wp-block-column-is-layout-flow\">\n<div class=\"wp-block-getwid-images-slider has-arrows-inside has-dots-inside has-images-center has-fitted-images\"><div class=\"wp-block-getwid-images-slider__wrapper\" data-effect=\"slide\" data-slides-show=\"1\" data-slides-show-laptop=\"1\" data-slides-show-tablet=\"1\" data-slides-show-mobile=\"1\" data-slides-scroll=\"1\" data-autoplay=\"true\" data-autoplay-speed=\"6000\" data-infinite=\"true\" data-animation-speed=\"500\" data-center-mode=\"false\" data-variable-width=\"false\" data-arrows=\"inside\" data-dots=\"inside\" data-spacing=\"none\"><div class=\"wp-block-getwid-images-slider__item\"><figure><img loading=\"lazy\" decoding=\"async\" width=\"246\" height=\"505\" src=\"https:\/\/martind.ca\/wp-content\/uploads\/2021\/03\/MoldControl.jpg\" data-id=\"281\" data-link=\"https:\/\/martind.ca\/?attachment_id=281\" data-original-link=\"https:\/\/martind.ca\/wp-content\/uploads\/2021\/03\/MoldControl.jpg\" class=\"wp-block-getwid-images-slider__image wp-image-281\" srcset=\"https:\/\/martind.ca\/wp-content\/uploads\/2021\/03\/MoldControl.jpg 246w, https:\/\/martind.ca\/wp-content\/uploads\/2021\/03\/MoldControl-146x300.jpg 146w\" sizes=\"auto, (max-width: 246px) 100vw, 246px\" \/><\/figure><\/div><div class=\"wp-block-getwid-images-slider__item\"><figure><img loading=\"lazy\" decoding=\"async\" width=\"387\" height=\"505\" src=\"https:\/\/martind.ca\/wp-content\/uploads\/2021\/03\/MoldStainEraser.png\" data-id=\"283\" data-link=\"https:\/\/martind.ca\/?attachment_id=283\" data-original-link=\"https:\/\/martind.ca\/wp-content\/uploads\/2021\/03\/MoldStainEraser.png\" class=\"wp-block-getwid-images-slider__image wp-image-283\" srcset=\"https:\/\/martind.ca\/wp-content\/uploads\/2021\/03\/MoldStainEraser.png 387w, https:\/\/martind.ca\/wp-content\/uploads\/2021\/03\/MoldStainEraser-230x300.png 230w\" sizes=\"auto, (max-width: 387px) 100vw, 387px\" \/><\/figure><\/div><div class=\"wp-block-getwid-images-slider__item\"><figure><img loading=\"lazy\" decoding=\"async\" width=\"344\" height=\"505\" src=\"https:\/\/martind.ca\/wp-content\/uploads\/2021\/03\/HouseAndDeckWash2L.png\" data-id=\"285\" data-link=\"https:\/\/martind.ca\/?attachment_id=285\" data-original-link=\"https:\/\/martind.ca\/wp-content\/uploads\/2021\/03\/HouseAndDeckWash2L.png\" class=\"wp-block-getwid-images-slider__image wp-image-285\" srcset=\"https:\/\/martind.ca\/wp-content\/uploads\/2021\/03\/HouseAndDeckWash2L.png 344w, https:\/\/martind.ca\/wp-content\/uploads\/2021\/03\/HouseAndDeckWash2L-204x300.png 204w\" sizes=\"auto, (max-width: 344px) 100vw, 344px\" \/><\/figure><\/div><div class=\"wp-block-getwid-images-slider__item\"><figure><img loading=\"lazy\" decoding=\"async\" width=\"386\" height=\"505\" src=\"https:\/\/martind.ca\/wp-content\/uploads\/2021\/03\/Concrobium.jpg\" data-id=\"279\" data-link=\"https:\/\/martind.ca\/?attachment_id=279\" data-original-link=\"https:\/\/martind.ca\/wp-content\/uploads\/2021\/03\/Concrobium.jpg\" class=\"wp-block-getwid-images-slider__image wp-image-279\" srcset=\"https:\/\/martind.ca\/wp-content\/uploads\/2021\/03\/Concrobium.jpg 386w, https:\/\/martind.ca\/wp-content\/uploads\/2021\/03\/Concrobium-229x300.jpg 229w\" sizes=\"auto, (max-width: 386px) 100vw, 386px\" \/><\/figure><\/div><\/div><\/div>\n<\/div>\n\n\n\n<div class=\"wp-block-column is-layout-flow wp-block-column-is-layout-flow\"><div class=\"wp-block-image\">\n<figure class=\"aligncenter size-large\"><img loading=\"lazy\" decoding=\"async\" width=\"240\" height=\"129\" src=\"https:\/\/martind.ca\/wp-content\/uploads\/2021\/03\/Concrobiumlogo.png\" alt=\"\" class=\"wp-image-278\"\/><\/figure>\n<\/div>\n\n\n<p>Siamons International a vu le jour en 2003 afin de mettre au point et de commercialiser \u00ab Concrobium \u00bb, une nouvelle technologie de nettoyage. Forts du succ\u00e8s de Concrobium Mold Control, nous avons ajout\u00e9 une s\u00e9rie de produits \u00e0 la gamme Concrobium, incluant notre plus r\u00e9cent, le Concrobium Mold Stain Eraser, une nouvelle solution nettoyante ultraperformante qui s\u2019attaque aux taches de moisissures les plus tenaces sur les terrasses de bois ou de pierre, le coulis et autres surfaces ext\u00e9rieures.<\/p>\n\n\n\n<div class=\"wp-block-buttons alignwide is-horizontal is-content-justification-center is-layout-flex wp-container-core-buttons-is-layout-499968f5 wp-block-buttons-is-layout-flex\">\n<div class=\"wp-block-button martbutt\"><a class=\"wp-block-button__link has-white-color has-text-color has-background wp-element-button\" href=\"https:\/\/martind.ca\/wp-content\/uploads\/2021\/03\/ConcrobiumBrochureFR.pdf\" style=\"border-radius:14px;background-color:#469b9b\" rel=\"#\">BROCHURE<\/a><\/div>\n<\/div>\n\n\n\n<div class=\"wp-block-buttons is-horizontal is-content-justification-center is-layout-flex wp-container-core-buttons-is-layout-499968f5 wp-block-buttons-is-layout-flex\">\n<div class=\"wp-block-button\"><a class=\"wp-block-button__link has-white-color has-text-color has-background wp-element-button\" href=\"https:\/\/martind.ca\/fr\/fds\/\" style=\"border-radius:14px;background-color:#469b9b\">FICHES SIGNAL\u00c8TIQUES<\/a><\/div>\n<\/div>\n\n\n\n<div class=\"wp-block-buttons is-horizontal is-content-justification-center is-layout-flex wp-container-core-buttons-is-layout-499968f5 wp-block-buttons-is-layout-flex\">\n<div class=\"wp-block-button\"><a class=\"wp-block-button__link has-white-color has-text-color has-background wp-element-button\" href=\"https:\/\/martind.ca\/wp-content\/uploads\/2023\/01\/Concrobium_Price-List-Retail_Jan_15_2023.pdf\" style=\"border-radius:14px;background-color:#469b9b\">LISTE COMPL\u00c8TE DES PRODUITS<\/a><\/div>\n<\/div>\n\n\n<\/div>\n<\/div>\n<\/div><\/div>\n\n\n\n<p><\/p>\n\n\n\n<div class=\"wp-block-columns is-layout-flex wp-container-core-columns-is-layout-9d6595d7 wp-block-columns-is-layout-flex\">\n<div class=\"wp-block-column is-layout-flow wp-block-column-is-layout-flow\" style=\"flex-basis:25%\"><\/div>\n\n\n\n<div class=\"wp-block-column is-layout-flow wp-block-column-is-layout-flow\" style=\"flex-basis:50%\">\n<figure class=\"wp-block-embed is-type-video is-provider-youtube wp-block-embed-youtube wp-embed-aspect-16-9 wp-has-aspect-ratio\"><div class=\"wp-block-embed__wrapper\">\n<iframe loading=\"lazy\" title=\"Concrobium Mold Control:  Indoor Mold Fighting Guide\" width=\"900\" height=\"506\" src=\"https:\/\/www.youtube.com\/embed\/9QJCYySqwiQ?feature=oembed\" frameborder=\"0\" allow=\"accelerometer; autoplay; clipboard-write; encrypted-media; gyroscope; picture-in-picture\" allowfullscreen><\/iframe>\n<\/div><\/figure>\n<\/div>\n\n\n\n<div class=\"wp-block-column is-layout-flow wp-block-column-is-layout-flow\" style=\"flex-basis:25%\"><\/div>\n<\/div>\n","protected":false},"excerpt":{"rendered":"<p>Concrobium Siamons International a vu le jour en 2003 afin de mettre au point et de commercialiser \u00ab Concrobium \u00bb, une nouvelle technologie de nettoyage. Forts du succ\u00e8s de Concrobium Mold Control, nous avons ajout\u00e9 une s\u00e9rie de produits \u00e0 la gamme Concrobium, incluant notre plus r\u00e9cent, le Concrobium Mold Stain Eraser, une nouvelle solution [&hellip;]<\/p>\n","protected":false},"author":3,"featured_media":0,"parent":120,"menu_order":0,"comment_status":"closed","ping_status":"closed","template":"template-full-width.php","meta":{"footnotes":""},"class_list":["post-300","page","type-page","status-publish","hentry"],"_links":{"self":[{"href":"https:\/\/martind.ca\/fr\/wp-json\/wp\/v2\/pages\/300","targetHints":{"allow":["GET"]}}],"collection":[{"href":"https:\/\/martind.ca\/fr\/wp-json\/wp\/v2\/pages"}],"about":[{"href":"https:\/\/martind.ca\/fr\/wp-json\/wp\/v2\/types\/page"}],"author":[{"embeddable":true,"href":"https:\/\/martind.ca\/fr\/wp-json\/wp\/v2\/users\/3"}],"replies":[{"embeddable":true,"href":"https:\/\/martind.ca\/fr\/wp-json\/wp\/v2\/comments?post=300"}],"version-history":[{"count":13,"href":"https:\/\/martind.ca\/fr\/wp-json\/wp\/v2\/pages\/300\/revisions"}],"predecessor-version":[{"id":7456,"href":"https:\/\/martind.ca\/fr\/wp-json\/wp\/v2\/pages\/300\/revisions\/7456"}],"up":[{"embeddable":true,"href":"https:\/\/martind.ca\/fr\/wp-json\/wp\/v2\/pages\/120"}],"wp:attachment":[{"href":"https:\/\/martind.ca\/fr\/wp-json\/wp\/v2\/media?parent=300"}],"curies":[{"name":"wp","href":"https:\/\/api.w.org\/{rel}","templated":true}]}}