{"id":2664,"date":"2021-10-05T11:26:31","date_gmt":"2021-10-05T15:26:31","guid":{"rendered":"https:\/\/martind.ca\/?page_id=2664"},"modified":"2023-01-16T05:31:04","modified_gmt":"2023-01-16T10:31:04","slug":"ecoselection","status":"publish","type":"page","link":"https:\/\/martind.ca\/fr\/products\/ecoselection\/","title":{"rendered":"\u00c9coS\u00e9lection"},"content":{"rendered":"\n<h2 class=\"wp-block-heading\"><strong><strong><strong>\u00c9coS\u00e9lection<\/strong><\/strong><\/strong><\/h2>\n\n\n\n<div class=\"wp-block-group\"><div class=\"wp-block-group__inner-container is-layout-flow wp-block-group-is-layout-flow\">\n<div class=\"wp-block-columns alignfull is-layout-flex wp-container-core-columns-is-layout-9d6595d7 wp-block-columns-is-layout-flex\">\n<div class=\"wp-block-column is-layout-flow wp-block-column-is-layout-flow\">\n<div class=\"wp-block-getwid-images-slider has-arrows-inside has-dots-inside has-images-center has-fitted-images has-fixed-height\"><div class=\"wp-block-getwid-images-slider__wrapper\" data-effect=\"slide\" data-slides-show=\"1\" data-slides-show-laptop=\"1\" data-slides-show-tablet=\"1\" data-slides-show-mobile=\"1\" data-slides-scroll=\"1\" data-autoplay=\"true\" data-autoplay-speed=\"6000\" data-infinite=\"true\" data-animation-speed=\"500\" data-center-mode=\"false\" data-variable-width=\"false\" data-arrows=\"inside\" data-dots=\"inside\" data-spacing=\"none\"><div class=\"wp-block-getwid-images-slider__item\" style=\"height:600px\"><figure><img loading=\"lazy\" decoding=\"async\" width=\"1920\" height=\"1282\" src=\"https:\/\/martind.ca\/wp-content\/uploads\/2021\/10\/cire-pate-400g.jpg\" data-id=\"2644\" data-link=\"https:\/\/martind.ca\/?attachment_id=2644\" data-original-link=\"https:\/\/martind.ca\/wp-content\/uploads\/2021\/10\/cire-pate-400g.jpg\" class=\"wp-block-getwid-images-slider__image wp-image-2644\" srcset=\"https:\/\/martind.ca\/wp-content\/uploads\/2021\/10\/cire-pate-400g.jpg 1920w, https:\/\/martind.ca\/wp-content\/uploads\/2021\/10\/cire-pate-400g-300x200.jpg 300w, https:\/\/martind.ca\/wp-content\/uploads\/2021\/10\/cire-pate-400g-1024x684.jpg 1024w, https:\/\/martind.ca\/wp-content\/uploads\/2021\/10\/cire-pate-400g-768x513.jpg 768w, https:\/\/martind.ca\/wp-content\/uploads\/2021\/10\/cire-pate-400g-1536x1026.jpg 1536w, https:\/\/martind.ca\/wp-content\/uploads\/2021\/10\/cire-pate-400g-24x16.jpg 24w, https:\/\/martind.ca\/wp-content\/uploads\/2021\/10\/cire-pate-400g-36x24.jpg 36w, https:\/\/martind.ca\/wp-content\/uploads\/2021\/10\/cire-pate-400g-48x32.jpg 48w\" sizes=\"auto, (max-width: 1920px) 100vw, 1920px\" \/><\/figure><\/div><div class=\"wp-block-getwid-images-slider__item\" style=\"height:600px\"><figure><img loading=\"lazy\" decoding=\"async\" width=\"1920\" height=\"1282\" src=\"https:\/\/martind.ca\/wp-content\/uploads\/2021\/10\/diluant-1l-Edit.jpg\" data-id=\"2646\" data-link=\"https:\/\/martind.ca\/?attachment_id=2646\" data-original-link=\"https:\/\/martind.ca\/wp-content\/uploads\/2021\/10\/diluant-1l-Edit.jpg\" class=\"wp-block-getwid-images-slider__image wp-image-2646\" srcset=\"https:\/\/martind.ca\/wp-content\/uploads\/2021\/10\/diluant-1l-Edit.jpg 1920w, https:\/\/martind.ca\/wp-content\/uploads\/2021\/10\/diluant-1l-Edit-300x200.jpg 300w, https:\/\/martind.ca\/wp-content\/uploads\/2021\/10\/diluant-1l-Edit-1024x684.jpg 1024w, https:\/\/martind.ca\/wp-content\/uploads\/2021\/10\/diluant-1l-Edit-768x513.jpg 768w, https:\/\/martind.ca\/wp-content\/uploads\/2021\/10\/diluant-1l-Edit-1536x1026.jpg 1536w, https:\/\/martind.ca\/wp-content\/uploads\/2021\/10\/diluant-1l-Edit-24x16.jpg 24w, https:\/\/martind.ca\/wp-content\/uploads\/2021\/10\/diluant-1l-Edit-36x24.jpg 36w, https:\/\/martind.ca\/wp-content\/uploads\/2021\/10\/diluant-1l-Edit-48x32.jpg 48w\" sizes=\"auto, (max-width: 1920px) 100vw, 1920px\" \/><\/figure><\/div><div class=\"wp-block-getwid-images-slider__item\" style=\"height:600px\"><figure><img loading=\"lazy\" decoding=\"async\" width=\"1920\" height=\"1282\" src=\"https:\/\/martind.ca\/wp-content\/uploads\/2021\/10\/huile-finition-125ml-Edit.jpg\" data-id=\"2648\" data-link=\"https:\/\/martind.ca\/?attachment_id=2648\" data-original-link=\"https:\/\/martind.ca\/wp-content\/uploads\/2021\/10\/huile-finition-125ml-Edit.jpg\" class=\"wp-block-getwid-images-slider__image wp-image-2648\" srcset=\"https:\/\/martind.ca\/wp-content\/uploads\/2021\/10\/huile-finition-125ml-Edit.jpg 1920w, https:\/\/martind.ca\/wp-content\/uploads\/2021\/10\/huile-finition-125ml-Edit-300x200.jpg 300w, https:\/\/martind.ca\/wp-content\/uploads\/2021\/10\/huile-finition-125ml-Edit-1024x684.jpg 1024w, https:\/\/martind.ca\/wp-content\/uploads\/2021\/10\/huile-finition-125ml-Edit-768x513.jpg 768w, https:\/\/martind.ca\/wp-content\/uploads\/2021\/10\/huile-finition-125ml-Edit-1536x1026.jpg 1536w, https:\/\/martind.ca\/wp-content\/uploads\/2021\/10\/huile-finition-125ml-Edit-24x16.jpg 24w, https:\/\/martind.ca\/wp-content\/uploads\/2021\/10\/huile-finition-125ml-Edit-36x24.jpg 36w, https:\/\/martind.ca\/wp-content\/uploads\/2021\/10\/huile-finition-125ml-Edit-48x32.jpg 48w\" sizes=\"auto, (max-width: 1920px) 100vw, 1920px\" \/><\/figure><\/div><div class=\"wp-block-getwid-images-slider__item\" style=\"height:600px\"><figure><img loading=\"lazy\" decoding=\"async\" width=\"1920\" height=\"1282\" src=\"https:\/\/martind.ca\/wp-content\/uploads\/2021\/10\/huile-finition-378l-Edit.jpg\" data-id=\"2650\" data-link=\"https:\/\/martind.ca\/?attachment_id=2650\" data-original-link=\"https:\/\/martind.ca\/wp-content\/uploads\/2021\/10\/huile-finition-378l-Edit.jpg\" class=\"wp-block-getwid-images-slider__image wp-image-2650\" srcset=\"https:\/\/martind.ca\/wp-content\/uploads\/2021\/10\/huile-finition-378l-Edit.jpg 1920w, https:\/\/martind.ca\/wp-content\/uploads\/2021\/10\/huile-finition-378l-Edit-300x200.jpg 300w, https:\/\/martind.ca\/wp-content\/uploads\/2021\/10\/huile-finition-378l-Edit-1024x684.jpg 1024w, https:\/\/martind.ca\/wp-content\/uploads\/2021\/10\/huile-finition-378l-Edit-768x513.jpg 768w, https:\/\/martind.ca\/wp-content\/uploads\/2021\/10\/huile-finition-378l-Edit-1536x1026.jpg 1536w, https:\/\/martind.ca\/wp-content\/uploads\/2021\/10\/huile-finition-378l-Edit-24x16.jpg 24w, https:\/\/martind.ca\/wp-content\/uploads\/2021\/10\/huile-finition-378l-Edit-36x24.jpg 36w, https:\/\/martind.ca\/wp-content\/uploads\/2021\/10\/huile-finition-378l-Edit-48x32.jpg 48w\" sizes=\"auto, (max-width: 1920px) 100vw, 1920px\" \/><\/figure><\/div><div class=\"wp-block-getwid-images-slider__item\" style=\"height:600px\"><figure><img loading=\"lazy\" decoding=\"async\" width=\"1920\" height=\"1282\" src=\"https:\/\/martind.ca\/wp-content\/uploads\/2021\/10\/savon-1l-Edit.jpg\" data-id=\"2652\" data-link=\"https:\/\/martind.ca\/?attachment_id=2652\" data-original-link=\"https:\/\/martind.ca\/wp-content\/uploads\/2021\/10\/savon-1l-Edit.jpg\" class=\"wp-block-getwid-images-slider__image wp-image-2652\" srcset=\"https:\/\/martind.ca\/wp-content\/uploads\/2021\/10\/savon-1l-Edit.jpg 1920w, https:\/\/martind.ca\/wp-content\/uploads\/2021\/10\/savon-1l-Edit-300x200.jpg 300w, https:\/\/martind.ca\/wp-content\/uploads\/2021\/10\/savon-1l-Edit-1024x684.jpg 1024w, https:\/\/martind.ca\/wp-content\/uploads\/2021\/10\/savon-1l-Edit-768x513.jpg 768w, https:\/\/martind.ca\/wp-content\/uploads\/2021\/10\/savon-1l-Edit-1536x1026.jpg 1536w, https:\/\/martind.ca\/wp-content\/uploads\/2021\/10\/savon-1l-Edit-24x16.jpg 24w, https:\/\/martind.ca\/wp-content\/uploads\/2021\/10\/savon-1l-Edit-36x24.jpg 36w, https:\/\/martind.ca\/wp-content\/uploads\/2021\/10\/savon-1l-Edit-48x32.jpg 48w\" sizes=\"auto, (max-width: 1920px) 100vw, 1920px\" \/><\/figure><\/div><div class=\"wp-block-getwid-images-slider__item\" style=\"height:600px\"><figure><img loading=\"lazy\" decoding=\"async\" width=\"1920\" height=\"1282\" src=\"https:\/\/martind.ca\/wp-content\/uploads\/2021\/10\/savon-250ml-Edit.jpg\" data-id=\"2654\" data-link=\"https:\/\/martind.ca\/?attachment_id=2654\" data-original-link=\"https:\/\/martind.ca\/wp-content\/uploads\/2021\/10\/savon-250ml-Edit.jpg\" class=\"wp-block-getwid-images-slider__image wp-image-2654\" srcset=\"https:\/\/martind.ca\/wp-content\/uploads\/2021\/10\/savon-250ml-Edit.jpg 1920w, https:\/\/martind.ca\/wp-content\/uploads\/2021\/10\/savon-250ml-Edit-300x200.jpg 300w, https:\/\/martind.ca\/wp-content\/uploads\/2021\/10\/savon-250ml-Edit-1024x684.jpg 1024w, https:\/\/martind.ca\/wp-content\/uploads\/2021\/10\/savon-250ml-Edit-768x513.jpg 768w, https:\/\/martind.ca\/wp-content\/uploads\/2021\/10\/savon-250ml-Edit-1536x1026.jpg 1536w, https:\/\/martind.ca\/wp-content\/uploads\/2021\/10\/savon-250ml-Edit-24x16.jpg 24w, https:\/\/martind.ca\/wp-content\/uploads\/2021\/10\/savon-250ml-Edit-36x24.jpg 36w, https:\/\/martind.ca\/wp-content\/uploads\/2021\/10\/savon-250ml-Edit-48x32.jpg 48w\" sizes=\"auto, (max-width: 1920px) 100vw, 1920px\" \/><\/figure><\/div><div class=\"wp-block-getwid-images-slider__item\" style=\"height:600px\"><figure><img loading=\"lazy\" decoding=\"async\" width=\"1920\" height=\"1282\" src=\"https:\/\/martind.ca\/wp-content\/uploads\/2021\/10\/huile-exterieur-appret-378l-Edit.jpg\" data-id=\"2656\" data-link=\"https:\/\/martind.ca\/?attachment_id=2656\" data-original-link=\"https:\/\/martind.ca\/wp-content\/uploads\/2021\/10\/huile-exterieur-appret-378l-Edit.jpg\" class=\"wp-block-getwid-images-slider__image wp-image-2656\" srcset=\"https:\/\/martind.ca\/wp-content\/uploads\/2021\/10\/huile-exterieur-appret-378l-Edit.jpg 1920w, https:\/\/martind.ca\/wp-content\/uploads\/2021\/10\/huile-exterieur-appret-378l-Edit-300x200.jpg 300w, https:\/\/martind.ca\/wp-content\/uploads\/2021\/10\/huile-exterieur-appret-378l-Edit-1024x684.jpg 1024w, https:\/\/martind.ca\/wp-content\/uploads\/2021\/10\/huile-exterieur-appret-378l-Edit-768x513.jpg 768w, https:\/\/martind.ca\/wp-content\/uploads\/2021\/10\/huile-exterieur-appret-378l-Edit-1536x1026.jpg 1536w, https:\/\/martind.ca\/wp-content\/uploads\/2021\/10\/huile-exterieur-appret-378l-Edit-24x16.jpg 24w, https:\/\/martind.ca\/wp-content\/uploads\/2021\/10\/huile-exterieur-appret-378l-Edit-36x24.jpg 36w, https:\/\/martind.ca\/wp-content\/uploads\/2021\/10\/huile-exterieur-appret-378l-Edit-48x32.jpg 48w\" sizes=\"auto, (max-width: 1920px) 100vw, 1920px\" \/><\/figure><\/div><div class=\"wp-block-getwid-images-slider__item\" style=\"height:600px\"><figure><img loading=\"lazy\" decoding=\"async\" width=\"1920\" height=\"1282\" src=\"https:\/\/martind.ca\/wp-content\/uploads\/2021\/10\/huile-exterieur-finition-378l-Edit.jpg\" data-id=\"2658\" data-link=\"https:\/\/martind.ca\/?attachment_id=2658\" data-original-link=\"https:\/\/martind.ca\/wp-content\/uploads\/2021\/10\/huile-exterieur-finition-378l-Edit.jpg\" class=\"wp-block-getwid-images-slider__image wp-image-2658\" srcset=\"https:\/\/martind.ca\/wp-content\/uploads\/2021\/10\/huile-exterieur-finition-378l-Edit.jpg 1920w, https:\/\/martind.ca\/wp-content\/uploads\/2021\/10\/huile-exterieur-finition-378l-Edit-300x200.jpg 300w, https:\/\/martind.ca\/wp-content\/uploads\/2021\/10\/huile-exterieur-finition-378l-Edit-1024x684.jpg 1024w, https:\/\/martind.ca\/wp-content\/uploads\/2021\/10\/huile-exterieur-finition-378l-Edit-768x513.jpg 768w, https:\/\/martind.ca\/wp-content\/uploads\/2021\/10\/huile-exterieur-finition-378l-Edit-1536x1026.jpg 1536w, https:\/\/martind.ca\/wp-content\/uploads\/2021\/10\/huile-exterieur-finition-378l-Edit-24x16.jpg 24w, https:\/\/martind.ca\/wp-content\/uploads\/2021\/10\/huile-exterieur-finition-378l-Edit-36x24.jpg 36w, https:\/\/martind.ca\/wp-content\/uploads\/2021\/10\/huile-exterieur-finition-378l-Edit-48x32.jpg 48w\" sizes=\"auto, (max-width: 1920px) 100vw, 1920px\" \/><\/figure><\/div><\/div><\/div>\n<\/div>\n\n\n\n<div class=\"wp-block-column is-layout-flow wp-block-column-is-layout-flow\"><div class=\"wp-block-image\">\n<figure class=\"aligncenter size-full\"><img loading=\"lazy\" decoding=\"async\" width=\"672\" height=\"276\" src=\"https:\/\/martind.ca\/wp-content\/uploads\/2021\/10\/Logo-EcoSelection.jpg\" alt=\"\" class=\"wp-image-2639\" srcset=\"https:\/\/martind.ca\/wp-content\/uploads\/2021\/10\/Logo-EcoSelection.jpg 672w, https:\/\/martind.ca\/wp-content\/uploads\/2021\/10\/Logo-EcoSelection-300x123.jpg 300w, https:\/\/martind.ca\/wp-content\/uploads\/2021\/10\/Logo-EcoSelection-24x10.jpg 24w, https:\/\/martind.ca\/wp-content\/uploads\/2021\/10\/Logo-EcoSelection-36x15.jpg 36w, https:\/\/martind.ca\/wp-content\/uploads\/2021\/10\/Logo-EcoSelection-48x20.jpg 48w\" sizes=\"auto, (max-width: 672px) 100vw, 672px\" \/><\/figure>\n<\/div>\n\n\n<p>Soucieux de l\u2019environnement,&nbsp;soucieux de l\u2019homme.&nbsp;<\/p>\n\n\n\n<p>C\u2019est tout d\u2019abord pour notre sant\u00e9, celle de nos semblables et celle de la plan\u00e8te que \u00c9coS\u00e9lection&nbsp;a&nbsp;d\u00e9velopp\u00e9 les meilleurs teintures et finis naturel, non toxique, facile d\u2019application et d\u2019entretien. Passionn\u00e9s du bois et du travail bien fait, \u00c9coS\u00e9lection&nbsp;a \u00e9laborer ces produitsafin de prot\u00e9ger ces merveilles faites de&nbsp;vos&nbsp;mains!<\/p>\n\n\n\n<p>Depuis 1993, c\u2019est avec beaucoup de fiert\u00e9 que \u00c9coS\u00e9lection cr\u00e9er ces&nbsp;formidables produits&nbsp;pour vous. La gamme \u00c9coS\u00e9lection comprend des huiles int\u00e9rieures, ext\u00e9rieures&nbsp;et&nbsp;pour planches \u00e0 d\u00e9couper, de la cire, du savon et du diluant doux.&nbsp;Ces produits sont offerts dans plusieurs formats.<\/p>\n\n\n\n<div class=\"wp-block-buttons alignwide is-horizontal is-content-justification-center is-layout-flex wp-container-core-buttons-is-layout-499968f5 wp-block-buttons-is-layout-flex\">\n<div class=\"wp-block-button martbutt\"><a class=\"wp-block-button__link has-white-color has-text-color has-background wp-element-button\" href=\"https:\/\/martind.ca\/wp-content\/uploads\/2021\/10\/Brochure-EcoSelection-FR.pdf\" style=\"border-radius:14px;background-color:#469b9b\">BROCHURE<\/a><\/div>\n<\/div>\n\n\n\n<div class=\"wp-block-buttons is-horizontal is-content-justification-center is-layout-flex wp-container-core-buttons-is-layout-499968f5 wp-block-buttons-is-layout-flex\">\n<div class=\"wp-block-button\"><a class=\"wp-block-button__link has-white-color has-text-color has-background wp-element-button\" href=\"https:\/\/martind.ca\/fr\/fds\/\" style=\"border-radius:14px;background-color:#469b9b\">FICHES SIGNAL\u00c8TIQUES<\/a><\/div>\n<\/div>\n\n\n\n<div class=\"wp-block-buttons is-horizontal is-content-justification-center is-layout-flex wp-container-core-buttons-is-layout-499968f5 wp-block-buttons-is-layout-flex\">\n<div class=\"wp-block-button\"><a class=\"wp-block-button__link has-white-color has-text-color has-background wp-element-button\" href=\"https:\/\/martind.ca\/wp-content\/uploads\/2023\/01\/Eco-Selections-Price-List-RETAILER_Dec_21_2022.pdf\" style=\"border-radius:14px;background-color:#469b9b\">LISTE COMPLETE DES PRODUITS<\/a><\/div>\n<\/div>\n\n\n\n\n<\/div>\n<\/div>\n<\/div><\/div>\n\n\n\n<p><\/p>\n\n\n\n<div class=\"wp-block-columns is-layout-flex wp-container-core-columns-is-layout-9d6595d7 wp-block-columns-is-layout-flex\">\n<div class=\"wp-block-column is-layout-flow wp-block-column-is-layout-flow\" style=\"flex-basis:25%\"><\/div>\n\n\n\n<div class=\"wp-block-column is-layout-flow wp-block-column-is-layout-flow\" style=\"flex-basis:50%\"><\/div>\n\n\n\n<div class=\"wp-block-column is-layout-flow wp-block-column-is-layout-flow\" style=\"flex-basis:25%\"><\/div>\n<\/div>\n","protected":false},"excerpt":{"rendered":"<p>\u00c9coS\u00e9lection Soucieux de l\u2019environnement,&nbsp;soucieux de l\u2019homme.&nbsp; C\u2019est tout d\u2019abord pour notre sant\u00e9, celle de nos semblables et celle de la plan\u00e8te que \u00c9coS\u00e9lection&nbsp;a&nbsp;d\u00e9velopp\u00e9 les meilleurs teintures et finis naturel, non toxique, facile d\u2019application et d\u2019entretien. Passionn\u00e9s du bois et du travail bien fait, \u00c9coS\u00e9lection&nbsp;a \u00e9laborer ces produitsafin de prot\u00e9ger ces merveilles faites de&nbsp;vos&nbsp;mains! Depuis 1993, [&hellip;]<\/p>\n","protected":false},"author":3,"featured_media":0,"parent":120,"menu_order":0,"comment_status":"closed","ping_status":"closed","template":"template-full-width.php","meta":{"footnotes":""},"class_list":["post-2664","page","type-page","status-publish","hentry"],"_links":{"self":[{"href":"https:\/\/martind.ca\/fr\/wp-json\/wp\/v2\/pages\/2664","targetHints":{"allow":["GET"]}}],"collection":[{"href":"https:\/\/martind.ca\/fr\/wp-json\/wp\/v2\/pages"}],"about":[{"href":"https:\/\/martind.ca\/fr\/wp-json\/wp\/v2\/types\/page"}],"author":[{"embeddable":true,"href":"https:\/\/martind.ca\/fr\/wp-json\/wp\/v2\/users\/3"}],"replies":[{"embeddable":true,"href":"https:\/\/martind.ca\/fr\/wp-json\/wp\/v2\/comments?post=2664"}],"version-history":[{"count":17,"href":"https:\/\/martind.ca\/fr\/wp-json\/wp\/v2\/pages\/2664\/revisions"}],"predecessor-version":[{"id":7219,"href":"https:\/\/martind.ca\/fr\/wp-json\/wp\/v2\/pages\/2664\/revisions\/7219"}],"up":[{"embeddable":true,"href":"https:\/\/martind.ca\/fr\/wp-json\/wp\/v2\/pages\/120"}],"wp:attachment":[{"href":"https:\/\/martind.ca\/fr\/wp-json\/wp\/v2\/media?parent=2664"}],"curies":[{"name":"wp","href":"https:\/\/api.w.org\/{rel}","templated":true}]}}