{"id":24275,"date":"2026-05-05T14:10:41","date_gmt":"2026-05-05T18:10:41","guid":{"rendered":"https:\/\/martind.ca\/?page_id=24275"},"modified":"2026-05-05T14:10:42","modified_gmt":"2026-05-05T18:10:42","slug":"skrapr","status":"publish","type":"page","link":"https:\/\/martind.ca\/fr\/products\/skrapr\/","title":{"rendered":"Skrapr"},"content":{"rendered":"\n<h2 class=\"wp-block-heading\"><strong><strong><strong>Le Skrapr<\/strong><\/strong><\/strong><\/h2>\n\n\n\n<div class=\"wp-block-group\"><div class=\"wp-block-group__inner-container is-layout-flow wp-block-group-is-layout-flow\">\n<div class=\"wp-block-columns alignfull is-layout-flex wp-container-core-columns-is-layout-9d6595d7 wp-block-columns-is-layout-flex\">\n<div class=\"wp-block-column is-layout-flow wp-block-column-is-layout-flow\">\n<div class=\"wp-block-getwid-images-slider has-arrows-inside has-dots-inside has-images-center has-fitted-images has-fixed-height\"><div class=\"wp-block-getwid-images-slider__wrapper\" data-effect=\"slide\" data-slides-show=\"1\" data-slides-show-laptop=\"1\" data-slides-show-tablet=\"1\" data-slides-show-mobile=\"1\" data-slides-scroll=\"1\" data-autoplay=\"true\" data-pause-hover=\"false\" data-autoplay-speed=\"6000\" data-infinite=\"true\" data-animation-speed=\"500\" data-center-mode=\"false\" data-variable-width=\"false\" data-arrows=\"inside\" data-dots=\"inside\" data-spacing=\"none\"><div class=\"wp-block-getwid-images-slider__item\" style=\"height:600px\"><figure><img loading=\"lazy\" decoding=\"async\" width=\"1891\" height=\"1074\" src=\"https:\/\/martind.ca\/wp-content\/uploads\/2026\/05\/Skrapr-Uses.jpg\" data-id=\"24260\" data-link=\"https:\/\/martind.ca\/?attachment_id=24260\" data-original-link=\"https:\/\/martind.ca\/wp-content\/uploads\/2026\/05\/Skrapr-Uses.jpg\" class=\"wp-block-getwid-images-slider__image wp-image-24260\" srcset=\"https:\/\/martind.ca\/wp-content\/uploads\/2026\/05\/Skrapr-Uses.jpg 1891w, https:\/\/martind.ca\/wp-content\/uploads\/2026\/05\/Skrapr-Uses-300x170.jpg 300w, https:\/\/martind.ca\/wp-content\/uploads\/2026\/05\/Skrapr-Uses-1024x582.jpg 1024w, https:\/\/martind.ca\/wp-content\/uploads\/2026\/05\/Skrapr-Uses-768x436.jpg 768w, https:\/\/martind.ca\/wp-content\/uploads\/2026\/05\/Skrapr-Uses-1536x872.jpg 1536w, https:\/\/martind.ca\/wp-content\/uploads\/2026\/05\/Skrapr-Uses-24x14.jpg 24w, https:\/\/martind.ca\/wp-content\/uploads\/2026\/05\/Skrapr-Uses-36x20.jpg 36w, https:\/\/martind.ca\/wp-content\/uploads\/2026\/05\/Skrapr-Uses-48x27.jpg 48w\" sizes=\"auto, (max-width: 1891px) 100vw, 1891px\" \/><\/figure><\/div><div class=\"wp-block-getwid-images-slider__item\" style=\"height:600px\"><figure><img loading=\"lazy\" decoding=\"async\" width=\"1707\" height=\"2560\" src=\"https:\/\/martind.ca\/wp-content\/uploads\/2026\/05\/SkraprJr-trans-scaled.png\" data-id=\"24262\" data-link=\"https:\/\/martind.ca\/?attachment_id=24262\" data-original-link=\"https:\/\/martind.ca\/wp-content\/uploads\/2026\/05\/SkraprJr-trans-scaled.png\" class=\"wp-block-getwid-images-slider__image wp-image-24262\" srcset=\"https:\/\/martind.ca\/wp-content\/uploads\/2026\/05\/SkraprJr-trans-scaled.png 1707w, https:\/\/martind.ca\/wp-content\/uploads\/2026\/05\/SkraprJr-trans-200x300.png 200w, https:\/\/martind.ca\/wp-content\/uploads\/2026\/05\/SkraprJr-trans-683x1024.png 683w, https:\/\/martind.ca\/wp-content\/uploads\/2026\/05\/SkraprJr-trans-768x1152.png 768w, https:\/\/martind.ca\/wp-content\/uploads\/2026\/05\/SkraprJr-trans-1024x1536.png 1024w, https:\/\/martind.ca\/wp-content\/uploads\/2026\/05\/SkraprJr-trans-1365x2048.png 1365w, https:\/\/martind.ca\/wp-content\/uploads\/2026\/05\/SkraprJr-trans-16x24.png 16w, https:\/\/martind.ca\/wp-content\/uploads\/2026\/05\/SkraprJr-trans-24x36.png 24w, https:\/\/martind.ca\/wp-content\/uploads\/2026\/05\/SkraprJr-trans-32x48.png 32w\" sizes=\"auto, (max-width: 1707px) 100vw, 1707px\" \/><\/figure><\/div><div class=\"wp-block-getwid-images-slider__item\" style=\"height:600px\"><figure><img loading=\"lazy\" decoding=\"async\" width=\"2560\" height=\"1707\" src=\"https:\/\/martind.ca\/wp-content\/uploads\/2026\/05\/SKRAPR-JR_Box-Open-scaled.png\" data-id=\"24264\" data-link=\"https:\/\/martind.ca\/?attachment_id=24264\" data-original-link=\"https:\/\/martind.ca\/wp-content\/uploads\/2026\/05\/SKRAPR-JR_Box-Open-scaled.png\" class=\"wp-block-getwid-images-slider__image wp-image-24264\" srcset=\"https:\/\/martind.ca\/wp-content\/uploads\/2026\/05\/SKRAPR-JR_Box-Open-scaled.png 2560w, https:\/\/martind.ca\/wp-content\/uploads\/2026\/05\/SKRAPR-JR_Box-Open-300x200.png 300w, https:\/\/martind.ca\/wp-content\/uploads\/2026\/05\/SKRAPR-JR_Box-Open-1024x683.png 1024w, https:\/\/martind.ca\/wp-content\/uploads\/2026\/05\/SKRAPR-JR_Box-Open-768x512.png 768w, https:\/\/martind.ca\/wp-content\/uploads\/2026\/05\/SKRAPR-JR_Box-Open-1536x1024.png 1536w, https:\/\/martind.ca\/wp-content\/uploads\/2026\/05\/SKRAPR-JR_Box-Open-2048x1365.png 2048w, https:\/\/martind.ca\/wp-content\/uploads\/2026\/05\/SKRAPR-JR_Box-Open-24x16.png 24w, https:\/\/martind.ca\/wp-content\/uploads\/2026\/05\/SKRAPR-JR_Box-Open-36x24.png 36w, https:\/\/martind.ca\/wp-content\/uploads\/2026\/05\/SKRAPR-JR_Box-Open-48x32.png 48w\" sizes=\"auto, (max-width: 2560px) 100vw, 2560px\" \/><\/figure><\/div><div class=\"wp-block-getwid-images-slider__item\" style=\"height:600px\"><figure><img loading=\"lazy\" decoding=\"async\" width=\"2560\" height=\"1707\" src=\"https:\/\/martind.ca\/wp-content\/uploads\/2026\/05\/skraprproIMG_1533-scaled-1.webp\" data-id=\"24266\" data-link=\"https:\/\/martind.ca\/?attachment_id=24266\" data-original-link=\"https:\/\/martind.ca\/wp-content\/uploads\/2026\/05\/skraprproIMG_1533-scaled-1.webp\" class=\"wp-block-getwid-images-slider__image wp-image-24266\" srcset=\"https:\/\/martind.ca\/wp-content\/uploads\/2026\/05\/skraprproIMG_1533-scaled-1.webp 2560w, https:\/\/martind.ca\/wp-content\/uploads\/2026\/05\/skraprproIMG_1533-scaled-1-300x200.webp 300w, https:\/\/martind.ca\/wp-content\/uploads\/2026\/05\/skraprproIMG_1533-scaled-1-1024x683.webp 1024w, https:\/\/martind.ca\/wp-content\/uploads\/2026\/05\/skraprproIMG_1533-scaled-1-768x512.webp 768w, https:\/\/martind.ca\/wp-content\/uploads\/2026\/05\/skraprproIMG_1533-scaled-1-1536x1024.webp 1536w, https:\/\/martind.ca\/wp-content\/uploads\/2026\/05\/skraprproIMG_1533-scaled-1-2048x1366.webp 2048w, https:\/\/martind.ca\/wp-content\/uploads\/2026\/05\/skraprproIMG_1533-scaled-1-24x16.webp 24w, https:\/\/martind.ca\/wp-content\/uploads\/2026\/05\/skraprproIMG_1533-scaled-1-36x24.webp 36w, https:\/\/martind.ca\/wp-content\/uploads\/2026\/05\/skraprproIMG_1533-scaled-1-48x32.webp 48w\" sizes=\"auto, (max-width: 2560px) 100vw, 2560px\" \/><\/figure><\/div><div class=\"wp-block-getwid-images-slider__item\" style=\"height:600px\"><figure><img loading=\"lazy\" decoding=\"async\" width=\"600\" height=\"1248\" src=\"https:\/\/martind.ca\/wp-content\/uploads\/2026\/05\/SkraprJr-backerboard.png\" data-id=\"24268\" data-link=\"https:\/\/martind.ca\/?attachment_id=24268\" data-original-link=\"https:\/\/martind.ca\/wp-content\/uploads\/2026\/05\/SkraprJr-backerboard.png\" class=\"wp-block-getwid-images-slider__image wp-image-24268\" srcset=\"https:\/\/martind.ca\/wp-content\/uploads\/2026\/05\/SkraprJr-backerboard.png 600w, https:\/\/martind.ca\/wp-content\/uploads\/2026\/05\/SkraprJr-backerboard-144x300.png 144w, https:\/\/martind.ca\/wp-content\/uploads\/2026\/05\/SkraprJr-backerboard-492x1024.png 492w, https:\/\/martind.ca\/wp-content\/uploads\/2026\/05\/SkraprJr-backerboard-12x24.png 12w, https:\/\/martind.ca\/wp-content\/uploads\/2026\/05\/SkraprJr-backerboard-17x36.png 17w, https:\/\/martind.ca\/wp-content\/uploads\/2026\/05\/SkraprJr-backerboard-23x48.png 23w\" sizes=\"auto, (max-width: 600px) 100vw, 600px\" \/><\/figure><\/div><div class=\"wp-block-getwid-images-slider__item\" style=\"height:600px\"><figure><img loading=\"lazy\" decoding=\"async\" width=\"1707\" height=\"2560\" src=\"https:\/\/martind.ca\/wp-content\/uploads\/2026\/05\/SkraprJr-scaled.png\" data-id=\"24270\" data-link=\"https:\/\/martind.ca\/?attachment_id=24270\" data-original-link=\"https:\/\/martind.ca\/wp-content\/uploads\/2026\/05\/SkraprJr-scaled.png\" class=\"wp-block-getwid-images-slider__image wp-image-24270\" srcset=\"https:\/\/martind.ca\/wp-content\/uploads\/2026\/05\/SkraprJr-scaled.png 1707w, https:\/\/martind.ca\/wp-content\/uploads\/2026\/05\/SkraprJr-200x300.png 200w, https:\/\/martind.ca\/wp-content\/uploads\/2026\/05\/SkraprJr-683x1024.png 683w, https:\/\/martind.ca\/wp-content\/uploads\/2026\/05\/SkraprJr-768x1152.png 768w, https:\/\/martind.ca\/wp-content\/uploads\/2026\/05\/SkraprJr-1024x1536.png 1024w, https:\/\/martind.ca\/wp-content\/uploads\/2026\/05\/SkraprJr-1365x2048.png 1365w, https:\/\/martind.ca\/wp-content\/uploads\/2026\/05\/SkraprJr-16x24.png 16w, https:\/\/martind.ca\/wp-content\/uploads\/2026\/05\/SkraprJr-24x36.png 24w, https:\/\/martind.ca\/wp-content\/uploads\/2026\/05\/SkraprJr-32x48.png 32w\" sizes=\"auto, (max-width: 1707px) 100vw, 1707px\" \/><\/figure><\/div><\/div><\/div>\n<\/div>\n\n\n\n<div class=\"wp-block-column is-layout-flow wp-block-column-is-layout-flow\"><div class=\"wp-block-image\">\n<figure class=\"aligncenter size-large\"><img loading=\"lazy\" decoding=\"async\" width=\"1024\" height=\"514\" src=\"https:\/\/martind.ca\/wp-content\/uploads\/2026\/05\/Skrapr-Logo-Trans-1024x514.png\" alt=\"\" class=\"wp-image-24258\" srcset=\"https:\/\/martind.ca\/wp-content\/uploads\/2026\/05\/Skrapr-Logo-Trans-1024x514.png 1024w, https:\/\/martind.ca\/wp-content\/uploads\/2026\/05\/Skrapr-Logo-Trans-300x151.png 300w, https:\/\/martind.ca\/wp-content\/uploads\/2026\/05\/Skrapr-Logo-Trans-768x385.png 768w, https:\/\/martind.ca\/wp-content\/uploads\/2026\/05\/Skrapr-Logo-Trans-24x12.png 24w, https:\/\/martind.ca\/wp-content\/uploads\/2026\/05\/Skrapr-Logo-Trans-36x18.png 36w, https:\/\/martind.ca\/wp-content\/uploads\/2026\/05\/Skrapr-Logo-Trans-48x24.png 48w, https:\/\/martind.ca\/wp-content\/uploads\/2026\/05\/Skrapr-Logo-Trans.png 1132w\" sizes=\"auto, (max-width: 1024px) 100vw, 1024px\" \/><\/figure>\n<\/div>\n\n\n<p>Nous avons \u00e0 c\u0153ur de proposer des produits innovants et de grande qualit\u00e9 pour la maison. Le SKrAPr allie style et fonctionnalit\u00e9 pour am\u00e9liorer votre quotidien. D\u00e9couvrez des accessoires de peinture parmi les mieux not\u00e9s ainsi que d&rsquo;autres produits con\u00e7us pour offrir une fonctionnalit\u00e9 optimale..<\/p>\n\n\n\n<div class=\"wp-block-buttons is-horizontal is-content-justification-center is-layout-flex wp-container-core-buttons-is-layout-499968f5 wp-block-buttons-is-layout-flex\">\n<div class=\"wp-block-button\"><a class=\"wp-block-button__link has-white-color has-text-color has-background wp-element-button\" href=\"https:\/\/martind.ca\/wp-content\/uploads\/2026\/05\/Skrapr-Price-List-RETAIL_Apr_29_2026.pdf\" style=\"border-radius:14px;background-color:#469b9b\">LISTE COMPLET DES PRODUITS<\/a><\/div>\n<\/div>\n\n\n\n\n<\/div>\n<\/div>\n<\/div><\/div>\n\n\n\n<p><\/p>\n\n\n\n<div class=\"wp-block-columns is-layout-flex wp-container-core-columns-is-layout-9d6595d7 wp-block-columns-is-layout-flex\">\n<div class=\"wp-block-column is-layout-flow wp-block-column-is-layout-flow\" style=\"flex-basis:25%\"><\/div>\n\n\n\n<div class=\"wp-block-column is-layout-flow wp-block-column-is-layout-flow\" style=\"flex-basis:50%\"><\/div>\n\n\n\n<div class=\"wp-block-column is-layout-flow wp-block-column-is-layout-flow\" style=\"flex-basis:25%\"><\/div>\n<\/div>\n","protected":false},"excerpt":{"rendered":"<p>Le Skrapr Nous avons \u00e0 c\u0153ur de proposer des produits innovants et de grande qualit\u00e9 pour la maison. Le SKrAPr allie style et fonctionnalit\u00e9 pour am\u00e9liorer votre quotidien. D\u00e9couvrez des accessoires de peinture parmi les mieux not\u00e9s ainsi que d&rsquo;autres produits con\u00e7us pour offrir une fonctionnalit\u00e9 optimale..<\/p>\n","protected":false},"author":3,"featured_media":0,"parent":120,"menu_order":0,"comment_status":"closed","ping_status":"closed","template":"template-full-width.php","meta":{"footnotes":""},"class_list":["post-24275","page","type-page","status-publish","hentry"],"_links":{"self":[{"href":"https:\/\/martind.ca\/fr\/wp-json\/wp\/v2\/pages\/24275","targetHints":{"allow":["GET"]}}],"collection":[{"href":"https:\/\/martind.ca\/fr\/wp-json\/wp\/v2\/pages"}],"about":[{"href":"https:\/\/martind.ca\/fr\/wp-json\/wp\/v2\/types\/page"}],"author":[{"embeddable":true,"href":"https:\/\/martind.ca\/fr\/wp-json\/wp\/v2\/users\/3"}],"replies":[{"embeddable":true,"href":"https:\/\/martind.ca\/fr\/wp-json\/wp\/v2\/comments?post=24275"}],"version-history":[{"count":1,"href":"https:\/\/martind.ca\/fr\/wp-json\/wp\/v2\/pages\/24275\/revisions"}],"predecessor-version":[{"id":24276,"href":"https:\/\/martind.ca\/fr\/wp-json\/wp\/v2\/pages\/24275\/revisions\/24276"}],"up":[{"embeddable":true,"href":"https:\/\/martind.ca\/fr\/wp-json\/wp\/v2\/pages\/120"}],"wp:attachment":[{"href":"https:\/\/martind.ca\/fr\/wp-json\/wp\/v2\/media?parent=24275"}],"curies":[{"name":"wp","href":"https:\/\/api.w.org\/{rel}","templated":true}]}}