{"id":2052,"date":"2021-05-26T11:23:12","date_gmt":"2021-05-26T11:23:12","guid":{"rendered":"https:\/\/martind.ca\/?page_id=2052"},"modified":"2025-04-14T15:06:51","modified_gmt":"2025-04-14T19:06:51","slug":"lifetime","status":"publish","type":"page","link":"https:\/\/martind.ca\/fr\/products\/lifetime\/","title":{"rendered":"LifeTime"},"content":{"rendered":"\n<h2 class=\"wp-block-heading\"><strong><strong><strong>LifeTime<\/strong><\/strong><\/strong><\/h2>\n\n\n\n<div class=\"wp-block-group\"><div class=\"wp-block-group__inner-container is-layout-flow wp-block-group-is-layout-flow\">\n<div class=\"wp-block-columns alignfull is-layout-flex wp-container-core-columns-is-layout-9d6595d7 wp-block-columns-is-layout-flex\">\n<div class=\"wp-block-column is-layout-flow wp-block-column-is-layout-flow\">\n<div class=\"wp-block-getwid-images-slider has-arrows-inside has-dots-inside has-images-center has-fitted-images has-fixed-height\"><div class=\"wp-block-getwid-images-slider__wrapper\" data-effect=\"slide\" data-slides-show=\"1\" data-slides-show-laptop=\"1\" data-slides-show-tablet=\"1\" data-slides-show-mobile=\"1\" data-slides-scroll=\"1\" data-autoplay=\"true\" data-pause-hover=\"false\" data-autoplay-speed=\"6000\" data-infinite=\"true\" data-animation-speed=\"500\" data-center-mode=\"false\" data-variable-width=\"false\" data-arrows=\"inside\" data-dots=\"inside\" data-spacing=\"none\"><div class=\"wp-block-getwid-images-slider__item\" style=\"height:600px\"><figure><img loading=\"lazy\" decoding=\"async\" width=\"900\" height=\"900\" src=\"https:\/\/martind.ca\/wp-content\/uploads\/2021\/05\/lifetime-wood-treatments-1-gal-wood-preservative-home-hardware-a.jpg\" data-id=\"2043\" data-link=\"https:\/\/martind.ca\/?attachment_id=2043\" data-original-link=\"https:\/\/martind.ca\/wp-content\/uploads\/2021\/05\/lifetime-wood-treatments-1-gal-wood-preservative-home-hardware-a.jpg\" class=\"wp-block-getwid-images-slider__image wp-image-2043\" srcset=\"https:\/\/martind.ca\/wp-content\/uploads\/2021\/05\/lifetime-wood-treatments-1-gal-wood-preservative-home-hardware-a.jpg 900w, https:\/\/martind.ca\/wp-content\/uploads\/2021\/05\/lifetime-wood-treatments-1-gal-wood-preservative-home-hardware-a-300x300.jpg 300w, https:\/\/martind.ca\/wp-content\/uploads\/2021\/05\/lifetime-wood-treatments-1-gal-wood-preservative-home-hardware-a-150x150.jpg 150w, https:\/\/martind.ca\/wp-content\/uploads\/2021\/05\/lifetime-wood-treatments-1-gal-wood-preservative-home-hardware-a-768x768.jpg 768w, https:\/\/martind.ca\/wp-content\/uploads\/2021\/05\/lifetime-wood-treatments-1-gal-wood-preservative-home-hardware-a-24x24.jpg 24w, https:\/\/martind.ca\/wp-content\/uploads\/2021\/05\/lifetime-wood-treatments-1-gal-wood-preservative-home-hardware-a-36x36.jpg 36w, https:\/\/martind.ca\/wp-content\/uploads\/2021\/05\/lifetime-wood-treatments-1-gal-wood-preservative-home-hardware-a-48x48.jpg 48w\" sizes=\"auto, (max-width: 900px) 100vw, 900px\" \/><\/figure><\/div><div class=\"wp-block-getwid-images-slider__item\" style=\"height:600px\"><figure><img loading=\"lazy\" decoding=\"async\" width=\"2560\" height=\"1700\" src=\"https:\/\/martind.ca\/wp-content\/uploads\/2021\/05\/3-displays-scaled.jpg\" data-id=\"2047\" data-link=\"https:\/\/martind.ca\/?attachment_id=2047\" data-original-link=\"https:\/\/martind.ca\/wp-content\/uploads\/2021\/05\/3-displays-scaled.jpg\" class=\"wp-block-getwid-images-slider__image wp-image-2047\" srcset=\"https:\/\/martind.ca\/wp-content\/uploads\/2021\/05\/3-displays-scaled.jpg 2560w, https:\/\/martind.ca\/wp-content\/uploads\/2021\/05\/3-displays-300x199.jpg 300w, https:\/\/martind.ca\/wp-content\/uploads\/2021\/05\/3-displays-1024x680.jpg 1024w, https:\/\/martind.ca\/wp-content\/uploads\/2021\/05\/3-displays-768x510.jpg 768w, https:\/\/martind.ca\/wp-content\/uploads\/2021\/05\/3-displays-1536x1020.jpg 1536w, https:\/\/martind.ca\/wp-content\/uploads\/2021\/05\/3-displays-2048x1360.jpg 2048w, https:\/\/martind.ca\/wp-content\/uploads\/2021\/05\/3-displays-24x16.jpg 24w, https:\/\/martind.ca\/wp-content\/uploads\/2021\/05\/3-displays-36x24.jpg 36w, https:\/\/martind.ca\/wp-content\/uploads\/2021\/05\/3-displays-48x32.jpg 48w\" sizes=\"auto, (max-width: 2560px) 100vw, 2560px\" \/><\/figure><\/div><div class=\"wp-block-getwid-images-slider__item\" style=\"height:600px\"><figure><img loading=\"lazy\" decoding=\"async\" width=\"1454\" height=\"1140\" src=\"https:\/\/martind.ca\/wp-content\/uploads\/2021\/05\/rob-irwins-bunky-at-stoney-lake.jpg\" data-id=\"2049\" data-link=\"https:\/\/martind.ca\/?attachment_id=2049\" data-original-link=\"https:\/\/martind.ca\/wp-content\/uploads\/2021\/05\/rob-irwins-bunky-at-stoney-lake.jpg\" class=\"wp-block-getwid-images-slider__image wp-image-2049\" srcset=\"https:\/\/martind.ca\/wp-content\/uploads\/2021\/05\/rob-irwins-bunky-at-stoney-lake.jpg 1454w, https:\/\/martind.ca\/wp-content\/uploads\/2021\/05\/rob-irwins-bunky-at-stoney-lake-300x235.jpg 300w, https:\/\/martind.ca\/wp-content\/uploads\/2021\/05\/rob-irwins-bunky-at-stoney-lake-1024x803.jpg 1024w, https:\/\/martind.ca\/wp-content\/uploads\/2021\/05\/rob-irwins-bunky-at-stoney-lake-768x602.jpg 768w, https:\/\/martind.ca\/wp-content\/uploads\/2021\/05\/rob-irwins-bunky-at-stoney-lake-24x19.jpg 24w, https:\/\/martind.ca\/wp-content\/uploads\/2021\/05\/rob-irwins-bunky-at-stoney-lake-36x28.jpg 36w, https:\/\/martind.ca\/wp-content\/uploads\/2021\/05\/rob-irwins-bunky-at-stoney-lake-48x38.jpg 48w\" sizes=\"auto, (max-width: 1454px) 100vw, 1454px\" \/><\/figure><\/div><div class=\"wp-block-getwid-images-slider__item\" style=\"height:600px\"><figure><img loading=\"lazy\" decoding=\"async\" width=\"900\" height=\"900\" src=\"https:\/\/martind.ca\/wp-content\/uploads\/2021\/05\/lifetime-wood-treatments-1-gal-wood-preservative-home-hardware-b.jpg\" data-id=\"2045\" data-link=\"https:\/\/martind.ca\/?attachment_id=2045\" data-original-link=\"https:\/\/martind.ca\/wp-content\/uploads\/2021\/05\/lifetime-wood-treatments-1-gal-wood-preservative-home-hardware-b.jpg\" class=\"wp-block-getwid-images-slider__image wp-image-2045\" srcset=\"https:\/\/martind.ca\/wp-content\/uploads\/2021\/05\/lifetime-wood-treatments-1-gal-wood-preservative-home-hardware-b.jpg 900w, https:\/\/martind.ca\/wp-content\/uploads\/2021\/05\/lifetime-wood-treatments-1-gal-wood-preservative-home-hardware-b-300x300.jpg 300w, https:\/\/martind.ca\/wp-content\/uploads\/2021\/05\/lifetime-wood-treatments-1-gal-wood-preservative-home-hardware-b-150x150.jpg 150w, https:\/\/martind.ca\/wp-content\/uploads\/2021\/05\/lifetime-wood-treatments-1-gal-wood-preservative-home-hardware-b-768x768.jpg 768w, https:\/\/martind.ca\/wp-content\/uploads\/2021\/05\/lifetime-wood-treatments-1-gal-wood-preservative-home-hardware-b-24x24.jpg 24w, https:\/\/martind.ca\/wp-content\/uploads\/2021\/05\/lifetime-wood-treatments-1-gal-wood-preservative-home-hardware-b-36x36.jpg 36w, https:\/\/martind.ca\/wp-content\/uploads\/2021\/05\/lifetime-wood-treatments-1-gal-wood-preservative-home-hardware-b-48x48.jpg 48w\" sizes=\"auto, (max-width: 900px) 100vw, 900px\" \/><\/figure><\/div><\/div><\/div>\n<\/div>\n\n\n\n<div class=\"wp-block-column is-layout-flow wp-block-column-is-layout-flow\"><div class=\"wp-block-image\">\n<figure class=\"aligncenter size-large is-resized\"><img loading=\"lazy\" decoding=\"async\" width=\"300\" height=\"300\" src=\"https:\/\/martind.ca\/wp-content\/uploads\/2021\/05\/Lifetime-Logo-1-300x300.jpg\" alt=\"\" class=\"wp-image-2042\" style=\"width:300px;height:300px\" srcset=\"https:\/\/martind.ca\/wp-content\/uploads\/2021\/05\/Lifetime-Logo-1-300x300.jpg 300w, https:\/\/martind.ca\/wp-content\/uploads\/2021\/05\/Lifetime-Logo-1-150x150.jpg 150w, https:\/\/martind.ca\/wp-content\/uploads\/2021\/05\/Lifetime-Logo-1-24x24.jpg 24w, https:\/\/martind.ca\/wp-content\/uploads\/2021\/05\/Lifetime-Logo-1-36x36.jpg 36w, https:\/\/martind.ca\/wp-content\/uploads\/2021\/05\/Lifetime-Logo-1-48x48.jpg 48w, https:\/\/martind.ca\/wp-content\/uploads\/2021\/05\/Lifetime-Logo-1.jpg 600w\" sizes=\"auto, (max-width: 300px) 100vw, 300px\" \/><\/figure>\n<\/div>\n\n\n<p>Pendant des ann\u00e9es, les entrepreneurs et les propri\u00e9taires ont utilis\u00e9 avec r\u00e9ticence des teintures toxiques pour prot\u00e9ger le bois, pensant qu&rsquo;il n&rsquo;y avait aucune option s\u00e9curitaire. Elle existe. Fait \u00e0 partir d&rsquo;une recette secr\u00e8te transmise depuis trois g\u00e9n\u00e9rations de menuisiers europ\u00e9ens, le traitement pour le bois Lifetime ne contient aucun produit chimique toxique ou autre poison. S\u00fbr pour les plantes, les animaux et les humains, le traitement LifeTimeMD peut \u00eatre utilis\u00e9 en contact direct avec la terre de jardin sans aucun effet nocif. En utilisant cette teinture de bois aussi \u00e9cologique qu&rsquo;\u00e9conomique, vous aidez \u00e0 prot\u00e9ger l&rsquo;environnement.<\/p>\n\n\n\n<ul class=\"wp-block-list\">\n<li>Utilis\u00e9 depuis plus de 60 ans pour le traitement de terrasses, de maisons et d&rsquo;appontements et fait \u00e0 base d&rsquo;une recette transmise par trois g\u00e9n\u00e9rations d&rsquo;artisan du bois<\/li>\n\n\n\n<li>Une seule application facile: brosser, rouler ou pulv\u00e9riser<\/li>\n\n\n\n<li>Accro\u00eet la beaut\u00e9 naturelle et le grain de tous les types de bois<\/li>\n\n\n\n<li>La couleur varie de gris \u00e0 brun l\u00e9ger \u00e0 vert olive selon le type, la texture et la s\u00e9cheresse du bois<\/li>\n\n\n\n<li>La couleur naturelle se transforme en un bel argent patine<\/li>\n\n\n\n<li>En fait, l&rsquo;alt\u00e9ration climatique naturelle caus\u00e9e par le soleil, la neige et la pluie am\u00e9liore les propri\u00e9t\u00e9s du produit<\/li>\n<\/ul>\n\n\n\n<p><strong>UTILISABLE SUR:<\/strong><\/p>\n\n\n\n<ul class=\"wp-block-list\">\n<li>Les quais<\/li>\n\n\n\n<li>Les terrasses et les cl\u00f4tures<\/li>\n\n\n\n<li>Les poteaux<\/li>\n\n\n\n<li>Les parements de maison<\/li>\n\n\n\n<li>Les traits sous pression<\/li>\n\n\n\n<li>Le bois d&rsquo;ouvre<\/li>\n\n\n\n<li>Le mobilier<\/li>\n\n\n\n<li>Les portes et les fen\u00eatres<\/li>\n\n\n\n<li>Les jardini\u00e8res<\/li>\n\n\n\n<li>Vous n&rsquo;aurez jamais \u00e0 vous pr\u00e9occuper de devoir gratter, de reteindre, de d\u00e9gradation de couleur ou d&rsquo;usure<\/li>\n\n\n\n<li>Ne repr\u00e9sente aucun risque pour les plantes, les animaux et les humains<\/li>\n\n\n\n<li>Utilisable en contact direct avec la terre de jardin<\/li>\n<\/ul>\n\n\n\n<p><strong>COUVERTURE:<\/strong><\/p>\n\n\n\n<ul class=\"wp-block-list\">\n<li>Concentr\u00e9 en poudre disponible pour : <br>&#8211; 4.5L (150-200 pi\u00b2)<br>&#8211; 22 L (750-1000 pi\u00b2)<\/li>\n<\/ul>\n\n\n\n<div class=\"wp-block-buttons alignwide is-horizontal is-content-justification-center is-layout-flex wp-container-core-buttons-is-layout-499968f5 wp-block-buttons-is-layout-flex\">\n<div class=\"wp-block-button martbutt\"><a class=\"wp-block-button__link has-white-color has-text-color has-background wp-element-button\" href=\"https:\/\/martind.ca\/wp-content\/uploads\/2021\/06\/Lifetime-Brochure-FR-1.pdf\" style=\"border-radius:14px;background-color:#469b9b\">BROCHURE<\/a><\/div>\n<\/div>\n\n\n\n<div class=\"wp-block-buttons is-horizontal is-content-justification-center is-layout-flex wp-container-core-buttons-is-layout-499968f5 wp-block-buttons-is-layout-flex\">\n<div class=\"wp-block-button\"><a class=\"wp-block-button__link has-white-color has-text-color has-background wp-element-button\" href=\"https:\/\/martind.ca\/fr\/fds\/\" style=\"border-radius:14px;background-color:#469b9b\">FICHES SIGNAL\u00c8TIQUE<\/a><\/div>\n<\/div>\n\n\n\n<div class=\"wp-block-buttons is-horizontal is-content-justification-center is-layout-flex wp-container-core-buttons-is-layout-499968f5 wp-block-buttons-is-layout-flex\">\n<div class=\"wp-block-button\"><a class=\"wp-block-button__link has-white-color has-text-color has-background wp-element-button\" href=\"https:\/\/martind.ca\/wp-content\/uploads\/2025\/04\/Paint-Sundry_Price-List-RETAIL_April-1-2025.pdf\" style=\"border-radius:14px;background-color:#469b9b\">LISTE COMPL\u00c8TE DES PRODUITS<\/a><\/div>\n<\/div>\n\n\n\n\n<\/div>\n<\/div>\n<\/div><\/div>\n\n\n\n<p><\/p>\n\n\n\n<p><\/p>\n\n\n\n<div class=\"wp-block-columns is-layout-flex wp-container-core-columns-is-layout-9d6595d7 wp-block-columns-is-layout-flex\">\n<div class=\"wp-block-column is-layout-flow wp-block-column-is-layout-flow\" style=\"flex-basis:25%\"><\/div>\n\n\n\n<div class=\"wp-block-column is-layout-flow wp-block-column-is-layout-flow\" style=\"flex-basis:50%\"><\/div>\n\n\n\n<div class=\"wp-block-column is-layout-flow wp-block-column-is-layout-flow\" style=\"flex-basis:25%\"><\/div>\n<\/div>\n","protected":false},"excerpt":{"rendered":"<p>LifeTime Pendant des ann\u00e9es, les entrepreneurs et les propri\u00e9taires ont utilis\u00e9 avec r\u00e9ticence des teintures toxiques pour prot\u00e9ger le bois, pensant qu&rsquo;il n&rsquo;y avait aucune option s\u00e9curitaire. Elle existe. Fait \u00e0 partir d&rsquo;une recette secr\u00e8te transmise depuis trois g\u00e9n\u00e9rations de menuisiers europ\u00e9ens, le traitement pour le bois Lifetime ne contient aucun produit chimique toxique ou [&hellip;]<\/p>\n","protected":false},"author":3,"featured_media":0,"parent":120,"menu_order":0,"comment_status":"closed","ping_status":"closed","template":"template-full-width.php","meta":{"footnotes":""},"class_list":["post-2052","page","type-page","status-publish","hentry"],"_links":{"self":[{"href":"https:\/\/martind.ca\/fr\/wp-json\/wp\/v2\/pages\/2052","targetHints":{"allow":["GET"]}}],"collection":[{"href":"https:\/\/martind.ca\/fr\/wp-json\/wp\/v2\/pages"}],"about":[{"href":"https:\/\/martind.ca\/fr\/wp-json\/wp\/v2\/types\/page"}],"author":[{"embeddable":true,"href":"https:\/\/martind.ca\/fr\/wp-json\/wp\/v2\/users\/3"}],"replies":[{"embeddable":true,"href":"https:\/\/martind.ca\/fr\/wp-json\/wp\/v2\/comments?post=2052"}],"version-history":[{"count":21,"href":"https:\/\/martind.ca\/fr\/wp-json\/wp\/v2\/pages\/2052\/revisions"}],"predecessor-version":[{"id":23658,"href":"https:\/\/martind.ca\/fr\/wp-json\/wp\/v2\/pages\/2052\/revisions\/23658"}],"up":[{"embeddable":true,"href":"https:\/\/martind.ca\/fr\/wp-json\/wp\/v2\/pages\/120"}],"wp:attachment":[{"href":"https:\/\/martind.ca\/fr\/wp-json\/wp\/v2\/media?parent=2052"}],"curies":[{"name":"wp","href":"https:\/\/api.w.org\/{rel}","templated":true}]}}