{"id":1501,"date":"2021-05-20T21:11:32","date_gmt":"2021-05-20T21:11:32","guid":{"rendered":"https:\/\/martind.ca\/?page_id=1501"},"modified":"2025-04-14T15:06:57","modified_gmt":"2025-04-14T19:06:57","slug":"abotex","status":"publish","type":"page","link":"https:\/\/martind.ca\/fr\/products\/abotex\/","title":{"rendered":"Abotex"},"content":{"rendered":"\n<h2 class=\"wp-block-heading\"><strong><strong><strong>Abotex<\/strong><\/strong><\/strong><\/h2>\n\n\n\n<div class=\"wp-block-group\"><div class=\"wp-block-group__inner-container is-layout-flow wp-block-group-is-layout-flow\">\n<div class=\"wp-block-columns alignfull is-layout-flex wp-container-core-columns-is-layout-9d6595d7 wp-block-columns-is-layout-flex\">\n<div class=\"wp-block-column is-layout-flow wp-block-column-is-layout-flow\">\n<div class=\"wp-block-getwid-images-slider has-arrows-inside has-dots-inside has-images-center has-fitted-images has-fixed-height\"><div class=\"wp-block-getwid-images-slider__wrapper\" data-effect=\"slide\" data-slides-show=\"1\" data-slides-show-laptop=\"1\" data-slides-show-tablet=\"1\" data-slides-show-mobile=\"1\" data-slides-scroll=\"1\" data-autoplay=\"true\" data-pause-hover=\"false\" data-autoplay-speed=\"6000\" data-infinite=\"true\" data-animation-speed=\"500\" data-center-mode=\"false\" data-variable-width=\"false\" data-arrows=\"inside\" data-dots=\"inside\" data-spacing=\"none\"><div class=\"wp-block-getwid-images-slider__item\" style=\"height:600px\"><figure><img loading=\"lazy\" decoding=\"async\" width=\"1000\" height=\"1000\" src=\"https:\/\/martind.ca\/wp-content\/uploads\/2021\/05\/abotex-lead-inspector.jpg\" data-id=\"1496\" data-link=\"https:\/\/martind.ca\/?attachment_id=1496\" data-original-link=\"https:\/\/martind.ca\/wp-content\/uploads\/2021\/05\/abotex-lead-inspector.jpg\" class=\"wp-block-getwid-images-slider__image wp-image-1496\" srcset=\"https:\/\/martind.ca\/wp-content\/uploads\/2021\/05\/abotex-lead-inspector.jpg 1000w, https:\/\/martind.ca\/wp-content\/uploads\/2021\/05\/abotex-lead-inspector-300x300.jpg 300w, https:\/\/martind.ca\/wp-content\/uploads\/2021\/05\/abotex-lead-inspector-150x150.jpg 150w, https:\/\/martind.ca\/wp-content\/uploads\/2021\/05\/abotex-lead-inspector-768x768.jpg 768w, https:\/\/martind.ca\/wp-content\/uploads\/2021\/05\/abotex-lead-inspector-24x24.jpg 24w, https:\/\/martind.ca\/wp-content\/uploads\/2021\/05\/abotex-lead-inspector-36x36.jpg 36w, https:\/\/martind.ca\/wp-content\/uploads\/2021\/05\/abotex-lead-inspector-48x48.jpg 48w\" sizes=\"auto, (max-width: 1000px) 100vw, 1000px\" \/><\/figure><\/div><\/div><\/div>\n<\/div>\n\n\n\n<div class=\"wp-block-column is-layout-flow wp-block-column-is-layout-flow\"><div class=\"wp-block-image\">\n<figure class=\"aligncenter size-large\"><img loading=\"lazy\" decoding=\"async\" width=\"340\" height=\"85\" src=\"https:\/\/martind.ca\/wp-content\/uploads\/2021\/05\/abotex-logo.png\" alt=\"\" class=\"wp-image-1485\" srcset=\"https:\/\/martind.ca\/wp-content\/uploads\/2021\/05\/abotex-logo.png 340w, https:\/\/martind.ca\/wp-content\/uploads\/2021\/05\/abotex-logo-300x75.png 300w, https:\/\/martind.ca\/wp-content\/uploads\/2021\/05\/abotex-logo-24x6.png 24w, https:\/\/martind.ca\/wp-content\/uploads\/2021\/05\/abotex-logo-36x9.png 36w, https:\/\/martind.ca\/wp-content\/uploads\/2021\/05\/abotex-logo-48x12.png 48w\" sizes=\"auto, (max-width: 340px) 100vw, 340px\" \/><\/figure>\n<\/div>\n\n\n<p>LEAD INSPECTOR\u2122 est le seul ensemble de test de plomb PREMIUM sur le march\u00e9, qui test les surfaces ainsi que l&rsquo;eau pour le plomb et vous indiquera la lib\u00e9ration approximative de plomb dans l&rsquo;\u00e9chantillon!<\/p>\n\n\n\n<p>Testez rapidement et facilement la peinture, la c\u00e9ramique, la terre, la poussi\u00e8re, les jouets et plus encore pour le plomb nocif! Les ensembles Lead Inspector sont vendus depuis 1988, ils sont pratiques, \u00e9conomiques et un kit de test de plomb fiable.<\/p>\n\n\n\n<div class=\"wp-block-buttons is-horizontal is-content-justification-center is-layout-flex wp-container-core-buttons-is-layout-499968f5 wp-block-buttons-is-layout-flex\">\n<div class=\"wp-block-button\"><a class=\"wp-block-button__link has-white-color has-text-color has-background wp-element-button\" href=\"https:\/\/martind.ca\/fr\/fds\/\" style=\"border-radius:14px;background-color:#469b9b\">SDS<\/a><\/div>\n<\/div>\n\n\n\n<div class=\"wp-block-buttons is-horizontal is-content-justification-center is-layout-flex wp-container-core-buttons-is-layout-499968f5 wp-block-buttons-is-layout-flex\">\n<div class=\"wp-block-button\"><a class=\"wp-block-button__link has-white-color has-text-color has-background wp-element-button\" href=\"https:\/\/martind.ca\/wp-content\/uploads\/2025\/04\/Paint-Sundry_Price-List-RETAIL_April-1-2025.pdf\" style=\"border-radius:14px;background-color:#469b9b\">LISTE COMPL\u00c8TE DES PRODUCTS<\/a><\/div>\n<\/div>\n\n\n<\/div>\n<\/div>\n<\/div><\/div>\n\n\n\n<p><\/p>\n\n\n\n<div class=\"wp-block-columns is-layout-flex wp-container-core-columns-is-layout-9d6595d7 wp-block-columns-is-layout-flex\">\n<div class=\"wp-block-column is-layout-flow wp-block-column-is-layout-flow\" style=\"flex-basis:25%\"><\/div>\n\n\n\n<div class=\"wp-block-column is-layout-flow wp-block-column-is-layout-flow\" style=\"flex-basis:50%\"><\/div>\n\n\n\n<div class=\"wp-block-column is-layout-flow wp-block-column-is-layout-flow\" style=\"flex-basis:25%\"><\/div>\n<\/div>\n","protected":false},"excerpt":{"rendered":"<p>Abotex LEAD INSPECTOR\u2122 est le seul ensemble de test de plomb PREMIUM sur le march\u00e9, qui test les surfaces ainsi que l&rsquo;eau pour le plomb et vous indiquera la lib\u00e9ration approximative de plomb dans l&rsquo;\u00e9chantillon! Testez rapidement et facilement la peinture, la c\u00e9ramique, la terre, la poussi\u00e8re, les jouets et plus encore pour le plomb [&hellip;]<\/p>\n","protected":false},"author":3,"featured_media":0,"parent":120,"menu_order":0,"comment_status":"closed","ping_status":"closed","template":"template-full-width.php","meta":{"footnotes":""},"class_list":["post-1501","page","type-page","status-publish","hentry"],"_links":{"self":[{"href":"https:\/\/martind.ca\/fr\/wp-json\/wp\/v2\/pages\/1501","targetHints":{"allow":["GET"]}}],"collection":[{"href":"https:\/\/martind.ca\/fr\/wp-json\/wp\/v2\/pages"}],"about":[{"href":"https:\/\/martind.ca\/fr\/wp-json\/wp\/v2\/types\/page"}],"author":[{"embeddable":true,"href":"https:\/\/martind.ca\/fr\/wp-json\/wp\/v2\/users\/3"}],"replies":[{"embeddable":true,"href":"https:\/\/martind.ca\/fr\/wp-json\/wp\/v2\/comments?post=1501"}],"version-history":[{"count":11,"href":"https:\/\/martind.ca\/fr\/wp-json\/wp\/v2\/pages\/1501\/revisions"}],"predecessor-version":[{"id":23660,"href":"https:\/\/martind.ca\/fr\/wp-json\/wp\/v2\/pages\/1501\/revisions\/23660"}],"up":[{"embeddable":true,"href":"https:\/\/martind.ca\/fr\/wp-json\/wp\/v2\/pages\/120"}],"wp:attachment":[{"href":"https:\/\/martind.ca\/fr\/wp-json\/wp\/v2\/media?parent=1501"}],"curies":[{"name":"wp","href":"https:\/\/api.w.org\/{rel}","templated":true}]}}