{"id":149,"date":"2021-03-28T12:21:03","date_gmt":"2021-03-28T12:21:03","guid":{"rendered":"https:\/\/martind.ca\/?page_id=149"},"modified":"2025-06-16T19:40:44","modified_gmt":"2025-06-16T23:40:44","slug":"dumond-chemicals","status":"publish","type":"page","link":"https:\/\/martind.ca\/fr\/products\/dumond-chemicals\/","title":{"rendered":"Dumond Chemicals"},"content":{"rendered":"\n<h2 class=\"wp-block-heading\" id=\"dumond-chemicals\"><strong>Dumond Chemicals<\/strong><\/h2>\n\n\n\n<div class=\"wp-block-group\"><div class=\"wp-block-group__inner-container is-layout-flow wp-block-group-is-layout-flow\">\n<div class=\"wp-block-columns alignfull is-layout-flex wp-container-core-columns-is-layout-9d6595d7 wp-block-columns-is-layout-flex\">\n<div class=\"wp-block-column is-layout-flow wp-block-column-is-layout-flow\">\n<div class=\"wp-block-getwid-images-slider has-arrows-inside has-dots-inside has-images-center has-fitted-images has-fixed-height\"><div class=\"wp-block-getwid-images-slider__wrapper\" data-effect=\"slide\" data-slides-show=\"1\" data-slides-show-laptop=\"1\" data-slides-show-tablet=\"1\" data-slides-show-mobile=\"1\" data-slides-scroll=\"1\" data-autoplay=\"true\" data-pause-hover=\"false\" data-autoplay-speed=\"6000\" data-infinite=\"true\" data-animation-speed=\"500\" data-center-mode=\"false\" data-variable-width=\"false\" data-arrows=\"inside\" data-dots=\"inside\" data-spacing=\"none\"><div class=\"wp-block-getwid-images-slider__item\" style=\"height:600px\"><figure><img loading=\"lazy\" decoding=\"async\" width=\"660\" height=\"660\" src=\"https:\/\/martind.ca\/wp-content\/uploads\/2021\/05\/PeelAway1.jpg\" data-id=\"2098\" data-link=\"https:\/\/martind.ca\/fr\/products\/dumond-chemicals\/peelaway1-2\/\" data-original-link=\"https:\/\/martind.ca\/wp-content\/uploads\/2021\/05\/PeelAway1.jpg\" class=\"wp-block-getwid-images-slider__image wp-image-2098\" srcset=\"https:\/\/martind.ca\/wp-content\/uploads\/2021\/05\/PeelAway1.jpg 660w, https:\/\/martind.ca\/wp-content\/uploads\/2021\/05\/PeelAway1-300x300.jpg 300w, https:\/\/martind.ca\/wp-content\/uploads\/2021\/05\/PeelAway1-150x150.jpg 150w, https:\/\/martind.ca\/wp-content\/uploads\/2021\/05\/PeelAway1-24x24.jpg 24w, https:\/\/martind.ca\/wp-content\/uploads\/2021\/05\/PeelAway1-36x36.jpg 36w, https:\/\/martind.ca\/wp-content\/uploads\/2021\/05\/PeelAway1-48x48.jpg 48w\" sizes=\"auto, (max-width: 660px) 100vw, 660px\" \/><\/figure><\/div><div class=\"wp-block-getwid-images-slider__item\" style=\"height:600px\"><figure><img loading=\"lazy\" decoding=\"async\" width=\"2048\" height=\"2048\" src=\"https:\/\/martind.ca\/wp-content\/uploads\/2021\/05\/PeelAway1_5Gal.jpg\" data-id=\"2096\" data-link=\"https:\/\/martind.ca\/fr\/products\/dumond-chemicals\/peelaway1_5gal-2\/\" data-original-link=\"https:\/\/martind.ca\/wp-content\/uploads\/2021\/05\/PeelAway1_5Gal.jpg\" class=\"wp-block-getwid-images-slider__image wp-image-2096\" srcset=\"https:\/\/martind.ca\/wp-content\/uploads\/2021\/05\/PeelAway1_5Gal.jpg 2048w, https:\/\/martind.ca\/wp-content\/uploads\/2021\/05\/PeelAway1_5Gal-300x300.jpg 300w, https:\/\/martind.ca\/wp-content\/uploads\/2021\/05\/PeelAway1_5Gal-1024x1024.jpg 1024w, https:\/\/martind.ca\/wp-content\/uploads\/2021\/05\/PeelAway1_5Gal-150x150.jpg 150w, https:\/\/martind.ca\/wp-content\/uploads\/2021\/05\/PeelAway1_5Gal-768x768.jpg 768w, https:\/\/martind.ca\/wp-content\/uploads\/2021\/05\/PeelAway1_5Gal-1536x1536.jpg 1536w, https:\/\/martind.ca\/wp-content\/uploads\/2021\/05\/PeelAway1_5Gal-24x24.jpg 24w, https:\/\/martind.ca\/wp-content\/uploads\/2021\/05\/PeelAway1_5Gal-36x36.jpg 36w, https:\/\/martind.ca\/wp-content\/uploads\/2021\/05\/PeelAway1_5Gal-48x48.jpg 48w\" sizes=\"auto, (max-width: 2048px) 100vw, 2048px\" \/><\/figure><\/div><div class=\"wp-block-getwid-images-slider__item\" style=\"height:600px\"><figure><img loading=\"lazy\" decoding=\"async\" width=\"300\" height=\"300\" src=\"https:\/\/martind.ca\/wp-content\/uploads\/2021\/05\/PeelAway7.jpg\" data-id=\"2094\" data-link=\"https:\/\/martind.ca\/fr\/products\/dumond-chemicals\/peelaway7-2\/\" data-original-link=\"https:\/\/martind.ca\/wp-content\/uploads\/2021\/05\/PeelAway7.jpg\" class=\"wp-block-getwid-images-slider__image wp-image-2094\" srcset=\"https:\/\/martind.ca\/wp-content\/uploads\/2021\/05\/PeelAway7.jpg 300w, https:\/\/martind.ca\/wp-content\/uploads\/2021\/05\/PeelAway7-150x150.jpg 150w, https:\/\/martind.ca\/wp-content\/uploads\/2021\/05\/PeelAway7-24x24.jpg 24w, https:\/\/martind.ca\/wp-content\/uploads\/2021\/05\/PeelAway7-36x36.jpg 36w, https:\/\/martind.ca\/wp-content\/uploads\/2021\/05\/PeelAway7-48x48.jpg 48w\" sizes=\"auto, (max-width: 300px) 100vw, 300px\" \/><\/figure><\/div><div class=\"wp-block-getwid-images-slider__item\" style=\"height:600px\"><figure><img loading=\"lazy\" decoding=\"async\" width=\"1293\" height=\"1239\" src=\"https:\/\/martind.ca\/wp-content\/uploads\/2021\/05\/WatchDogWipeout.jpg\" data-id=\"2086\" data-link=\"https:\/\/martind.ca\/fr\/products\/dumond-chemicals\/watchdogwipeout-2\/\" data-original-link=\"https:\/\/martind.ca\/wp-content\/uploads\/2021\/05\/WatchDogWipeout.jpg\" class=\"wp-block-getwid-images-slider__image wp-image-2086\" srcset=\"https:\/\/martind.ca\/wp-content\/uploads\/2021\/05\/WatchDogWipeout.jpg 1293w, https:\/\/martind.ca\/wp-content\/uploads\/2021\/05\/WatchDogWipeout-300x287.jpg 300w, https:\/\/martind.ca\/wp-content\/uploads\/2021\/05\/WatchDogWipeout-1024x981.jpg 1024w, https:\/\/martind.ca\/wp-content\/uploads\/2021\/05\/WatchDogWipeout-768x736.jpg 768w, https:\/\/martind.ca\/wp-content\/uploads\/2021\/05\/WatchDogWipeout-24x24.jpg 24w, https:\/\/martind.ca\/wp-content\/uploads\/2021\/05\/WatchDogWipeout-36x34.jpg 36w, https:\/\/martind.ca\/wp-content\/uploads\/2021\/05\/WatchDogWipeout-48x46.jpg 48w\" sizes=\"auto, (max-width: 1293px) 100vw, 1293px\" \/><\/figure><\/div><div class=\"wp-block-getwid-images-slider__item\" style=\"height:600px\"><figure><img loading=\"lazy\" decoding=\"async\" width=\"900\" height=\"900\" src=\"https:\/\/martind.ca\/wp-content\/uploads\/2021\/05\/PaintTestPatchKit.jpg\" data-id=\"2088\" data-link=\"https:\/\/martind.ca\/fr\/products\/dumond-chemicals\/painttestpatchkit-2\/\" data-original-link=\"https:\/\/martind.ca\/wp-content\/uploads\/2021\/05\/PaintTestPatchKit.jpg\" class=\"wp-block-getwid-images-slider__image wp-image-2088\" srcset=\"https:\/\/martind.ca\/wp-content\/uploads\/2021\/05\/PaintTestPatchKit.jpg 900w, https:\/\/martind.ca\/wp-content\/uploads\/2021\/05\/PaintTestPatchKit-300x300.jpg 300w, https:\/\/martind.ca\/wp-content\/uploads\/2021\/05\/PaintTestPatchKit-150x150.jpg 150w, https:\/\/martind.ca\/wp-content\/uploads\/2021\/05\/PaintTestPatchKit-768x768.jpg 768w, https:\/\/martind.ca\/wp-content\/uploads\/2021\/05\/PaintTestPatchKit-24x24.jpg 24w, https:\/\/martind.ca\/wp-content\/uploads\/2021\/05\/PaintTestPatchKit-36x36.jpg 36w, https:\/\/martind.ca\/wp-content\/uploads\/2021\/05\/PaintTestPatchKit-48x48.jpg 48w\" sizes=\"auto, (max-width: 900px) 100vw, 900px\" \/><\/figure><\/div><div class=\"wp-block-getwid-images-slider__item\" style=\"height:600px\"><figure><img loading=\"lazy\" decoding=\"async\" width=\"1000\" height=\"1000\" src=\"https:\/\/martind.ca\/wp-content\/uploads\/2021\/05\/PeelAwayPaper.jpg\" data-id=\"2092\" data-link=\"https:\/\/martind.ca\/fr\/products\/dumond-chemicals\/peelawaypaper-2\/\" data-original-link=\"https:\/\/martind.ca\/wp-content\/uploads\/2021\/05\/PeelAwayPaper.jpg\" class=\"wp-block-getwid-images-slider__image wp-image-2092\" srcset=\"https:\/\/martind.ca\/wp-content\/uploads\/2021\/05\/PeelAwayPaper.jpg 1000w, https:\/\/martind.ca\/wp-content\/uploads\/2021\/05\/PeelAwayPaper-300x300.jpg 300w, https:\/\/martind.ca\/wp-content\/uploads\/2021\/05\/PeelAwayPaper-150x150.jpg 150w, https:\/\/martind.ca\/wp-content\/uploads\/2021\/05\/PeelAwayPaper-768x768.jpg 768w, https:\/\/martind.ca\/wp-content\/uploads\/2021\/05\/PeelAwayPaper-24x24.jpg 24w, https:\/\/martind.ca\/wp-content\/uploads\/2021\/05\/PeelAwayPaper-36x36.jpg 36w, https:\/\/martind.ca\/wp-content\/uploads\/2021\/05\/PeelAwayPaper-48x48.jpg 48w\" sizes=\"auto, (max-width: 1000px) 100vw, 1000px\" \/><\/figure><\/div><div class=\"wp-block-getwid-images-slider__item\" style=\"height:600px\"><figure><img loading=\"lazy\" decoding=\"async\" width=\"1200\" height=\"1200\" src=\"https:\/\/martind.ca\/wp-content\/uploads\/2021\/05\/Citri-Lize.jpg\" data-id=\"2090\" data-link=\"https:\/\/martind.ca\/fr\/products\/dumond-chemicals\/citri-lize-2\/\" data-original-link=\"https:\/\/martind.ca\/wp-content\/uploads\/2021\/05\/Citri-Lize.jpg\" class=\"wp-block-getwid-images-slider__image wp-image-2090\" srcset=\"https:\/\/martind.ca\/wp-content\/uploads\/2021\/05\/Citri-Lize.jpg 1200w, https:\/\/martind.ca\/wp-content\/uploads\/2021\/05\/Citri-Lize-300x300.jpg 300w, https:\/\/martind.ca\/wp-content\/uploads\/2021\/05\/Citri-Lize-1024x1024.jpg 1024w, https:\/\/martind.ca\/wp-content\/uploads\/2021\/05\/Citri-Lize-150x150.jpg 150w, https:\/\/martind.ca\/wp-content\/uploads\/2021\/05\/Citri-Lize-768x768.jpg 768w, https:\/\/martind.ca\/wp-content\/uploads\/2021\/05\/Citri-Lize-24x24.jpg 24w, https:\/\/martind.ca\/wp-content\/uploads\/2021\/05\/Citri-Lize-36x36.jpg 36w, https:\/\/martind.ca\/wp-content\/uploads\/2021\/05\/Citri-Lize-48x48.jpg 48w\" sizes=\"auto, (max-width: 1200px) 100vw, 1200px\" \/><\/figure><\/div><div class=\"wp-block-getwid-images-slider__item\" style=\"height:600px\"><figure><img loading=\"lazy\" decoding=\"async\" width=\"1293\" height=\"1239\" src=\"https:\/\/martind.ca\/wp-content\/uploads\/2021\/05\/Catch-N-Cover.jpg\" data-id=\"2084\" data-link=\"https:\/\/martind.ca\/fr\/products\/dumond-chemicals\/catch-n-cover-2\/\" data-original-link=\"https:\/\/martind.ca\/wp-content\/uploads\/2021\/05\/Catch-N-Cover.jpg\" class=\"wp-block-getwid-images-slider__image wp-image-2084\" srcset=\"https:\/\/martind.ca\/wp-content\/uploads\/2021\/05\/Catch-N-Cover.jpg 1293w, https:\/\/martind.ca\/wp-content\/uploads\/2021\/05\/Catch-N-Cover-300x287.jpg 300w, https:\/\/martind.ca\/wp-content\/uploads\/2021\/05\/Catch-N-Cover-1024x981.jpg 1024w, https:\/\/martind.ca\/wp-content\/uploads\/2021\/05\/Catch-N-Cover-768x736.jpg 768w, https:\/\/martind.ca\/wp-content\/uploads\/2021\/05\/Catch-N-Cover-24x24.jpg 24w, https:\/\/martind.ca\/wp-content\/uploads\/2021\/05\/Catch-N-Cover-36x34.jpg 36w, https:\/\/martind.ca\/wp-content\/uploads\/2021\/05\/Catch-N-Cover-48x46.jpg 48w\" sizes=\"auto, (max-width: 1293px) 100vw, 1293px\" \/><\/figure><\/div><\/div><\/div>\n<\/div>\n\n\n\n<div class=\"wp-block-column is-layout-flow wp-block-column-is-layout-flow\">\n<figure class=\"wp-block-image\"><img decoding=\"async\" src=\"https:\/\/static.wixstatic.com\/media\/50dcda_f24ed975dee94955943bf26ec7719d71.jpg\/v1\/fill\/w_540,h_190,al_c,lg_1,q_80\/50dcda_f24ed975dee94955943bf26ec7719d71.jpg\" alt=\"\"\/><\/figure>\n\n\n\n<p>L\u2019histoire de la compagnie Dumond\u00ae Chemicals a d\u00e9but\u00e9 en 1981. La compagnie Dumond\u00ae apporte des solutions innovatrices et \u00e9cologiques, en offrant des produits dans les secteurs suivants : enl\u00e8vement de peinture, syst\u00e8mes de contr\u00f4le anti-graffitis, entretien de pierre et de ma\u00e7onnerie, \u00e9limination et encapsulation de plomb. Gr\u00e2ce aux facteurs de diff\u00e9renciation et \u00e0 l\u2019usage facile des produits, la compagnie Dumond\u00ae Chemicals offre une gamme compl\u00e8te de solutions autant pour le consommateur-bricoleur que pour le secteur professionnel, nautique et industriel.<\/p>\n\n\n\n<p>.<\/p>\n\n\n\n<div class=\"wp-block-buttons alignwide is-horizontal is-content-justification-center is-layout-flex wp-container-core-buttons-is-layout-499968f5 wp-block-buttons-is-layout-flex\">\n<div class=\"wp-block-button martbutt\"><a class=\"wp-block-button__link has-white-color has-text-color has-background wp-element-button\" href=\"https:\/\/martind.ca\/wp-content\/uploads\/2022\/02\/DUMOND-FULL-LINE-CATALOG-GREEN-COVER.pdf\" style=\"border-radius:14px;background-color:#469b9b\">BROCHURE (en anglais)<\/a><\/div>\n<\/div>\n\n\n\n<div class=\"wp-block-buttons is-horizontal is-content-justification-center is-layout-flex wp-container-core-buttons-is-layout-499968f5 wp-block-buttons-is-layout-flex\">\n<div class=\"wp-block-button\"><a class=\"wp-block-button__link has-white-color has-text-color has-background wp-element-button\" href=\"https:\/\/martind.ca\/fr\/fds\/\" style=\"border-radius:14px;background-color:#469b9b\">FICHES SIGNAL\u00c8TIQUES<\/a><\/div>\n<\/div>\n\n\n\n<div class=\"wp-block-buttons is-horizontal is-content-justification-center is-layout-flex wp-container-core-buttons-is-layout-499968f5 wp-block-buttons-is-layout-flex\">\n<div class=\"wp-block-button\"><a class=\"wp-block-button__link has-white-color has-text-color has-background wp-element-button\" href=\"https:\/\/martind.ca\/wp-content\/uploads\/2025\/06\/Dumond_Price-List-RETAIL_June-1-2025.pdf\" style=\"border-radius:14px;background-color:#469b9b\">LISTE COMPL\u00c8TE DES PRODUITS<\/a><\/div>\n<\/div>\n\n\n\n\n<\/div>\n<\/div>\n<\/div><\/div>\n\n\n\n<p><\/p>\n\n\n\n<div class=\"wp-block-columns is-layout-flex wp-container-core-columns-is-layout-9d6595d7 wp-block-columns-is-layout-flex\">\n<div class=\"wp-block-column is-layout-flow wp-block-column-is-layout-flow\" style=\"flex-basis:25%\"><\/div>\n\n\n\n<div class=\"wp-block-column is-layout-flow wp-block-column-is-layout-flow\" style=\"flex-basis:50%\"><\/div>\n\n\n\n<div class=\"wp-block-column is-layout-flow wp-block-column-is-layout-flow\" style=\"flex-basis:25%\"><\/div>\n<\/div>\n","protected":false},"excerpt":{"rendered":"<p>Dumond Chemicals L\u2019histoire de la compagnie Dumond\u00ae Chemicals a d\u00e9but\u00e9 en 1981. La compagnie Dumond\u00ae apporte des solutions innovatrices et \u00e9cologiques, en offrant des produits dans les secteurs suivants : enl\u00e8vement de peinture, syst\u00e8mes de contr\u00f4le anti-graffitis, entretien de pierre et de ma\u00e7onnerie, \u00e9limination et encapsulation de plomb. Gr\u00e2ce aux facteurs de diff\u00e9renciation et \u00e0 [&hellip;]<\/p>\n","protected":false},"author":3,"featured_media":0,"parent":120,"menu_order":0,"comment_status":"closed","ping_status":"closed","template":"template-full-width.php","meta":{"footnotes":""},"class_list":["post-149","page","type-page","status-publish","hentry"],"_links":{"self":[{"href":"https:\/\/martind.ca\/fr\/wp-json\/wp\/v2\/pages\/149","targetHints":{"allow":["GET"]}}],"collection":[{"href":"https:\/\/martind.ca\/fr\/wp-json\/wp\/v2\/pages"}],"about":[{"href":"https:\/\/martind.ca\/fr\/wp-json\/wp\/v2\/types\/page"}],"author":[{"embeddable":true,"href":"https:\/\/martind.ca\/fr\/wp-json\/wp\/v2\/users\/3"}],"replies":[{"embeddable":true,"href":"https:\/\/martind.ca\/fr\/wp-json\/wp\/v2\/comments?post=149"}],"version-history":[{"count":19,"href":"https:\/\/martind.ca\/fr\/wp-json\/wp\/v2\/pages\/149\/revisions"}],"predecessor-version":[{"id":23786,"href":"https:\/\/martind.ca\/fr\/wp-json\/wp\/v2\/pages\/149\/revisions\/23786"}],"up":[{"embeddable":true,"href":"https:\/\/martind.ca\/fr\/wp-json\/wp\/v2\/pages\/120"}],"wp:attachment":[{"href":"https:\/\/martind.ca\/fr\/wp-json\/wp\/v2\/media?parent=149"}],"curies":[{"name":"wp","href":"https:\/\/api.w.org\/{rel}","templated":true}]}}