{"id":116,"date":"2021-03-27T17:29:29","date_gmt":"2021-03-27T17:29:29","guid":{"rendered":"https:\/\/martind.ca\/?page_id=116"},"modified":"2026-03-21T12:57:40","modified_gmt":"2026-03-21T16:57:40","slug":"accueil","status":"publish","type":"page","link":"https:\/\/martind.ca\/fr\/","title":{"rendered":"Accueil"},"content":{"rendered":"\n<div class=\"wp-block-columns is-layout-flex wp-container-core-columns-is-layout-9d6595d7 wp-block-columns-is-layout-flex\">\n<div class=\"wp-block-column is-layout-flow wp-block-column-is-layout-flow\" style=\"flex-basis:40%\">\n<div class=\"wp-block-getwid-images-slider has-arrows-inside has-dots-inside has-images-center has-cropped-images\"><div class=\"wp-block-getwid-images-slider__wrapper\" data-effect=\"slide\" data-slides-show=\"1\" data-slides-show-laptop=\"1\" data-slides-show-tablet=\"1\" data-slides-show-mobile=\"1\" data-slides-scroll=\"1\" data-autoplay=\"false\" data-pause-hover=\"false\" data-autoplay-speed=\"6000\" data-infinite=\"true\" data-animation-speed=\"800\" data-center-mode=\"false\" data-variable-width=\"false\" data-arrows=\"inside\" data-dots=\"inside\" data-spacing=\"none\"><div class=\"wp-block-getwid-images-slider__item\"><figure><img loading=\"lazy\" decoding=\"async\" width=\"355\" height=\"310\" src=\"https:\/\/martind.ca\/wp-content\/uploads\/2021\/03\/logo1.jpg\" data-id=\"61\" data-link=\"https:\/\/martind.ca\/?attachment_id=61\" data-original-link=\"https:\/\/martind.ca\/wp-content\/uploads\/2021\/03\/logo1.jpg\" class=\"wp-block-getwid-images-slider__image wp-image-61\" srcset=\"https:\/\/martind.ca\/wp-content\/uploads\/2021\/03\/logo1.jpg 355w, https:\/\/martind.ca\/wp-content\/uploads\/2021\/03\/logo1-300x262.jpg 300w\" sizes=\"auto, (max-width: 355px) 100vw, 355px\" \/><\/figure><\/div><div class=\"wp-block-getwid-images-slider__item\"><figure><img loading=\"lazy\" decoding=\"async\" width=\"355\" height=\"310\" src=\"https:\/\/martind.ca\/wp-content\/uploads\/2021\/03\/whs1.jpg\" data-id=\"63\" data-link=\"https:\/\/martind.ca\/?attachment_id=63\" data-original-link=\"https:\/\/martind.ca\/wp-content\/uploads\/2021\/03\/whs1.jpg\" class=\"wp-block-getwid-images-slider__image wp-image-63\" srcset=\"https:\/\/martind.ca\/wp-content\/uploads\/2021\/03\/whs1.jpg 355w, https:\/\/martind.ca\/wp-content\/uploads\/2021\/03\/whs1-300x262.jpg 300w\" sizes=\"auto, (max-width: 355px) 100vw, 355px\" \/><\/figure><\/div><\/div><\/div>\n<\/div>\n\n\n\n<div class=\"wp-block-column is-layout-flow wp-block-column-is-layout-flow\" style=\"flex-basis:60%\">\n<h3 class=\"wp-block-heading\"><strong><strong>PROFIL CORPORATIF<\/strong><\/strong><\/h3>\n\n\n\n<p>Martin &amp; Associ\u00e9s a \u00e9t\u00e9 fond\u00e9e en 1994 et est au service de l\u2019industrie de la peinture, d\u00e9coration int\u00e9rieure et de la quincaillerie.<\/p>\n\n\n\n<p>Ce qui nous distingue est notre statut d&rsquo;agent et de distributeur ; nous permettant d&rsquo;offrir la meilleure m\u00e9thode d&rsquo;approvisionnement pour nos clients.<\/p>\n\n\n\n<p>Notre mission d&rsquo;entreprise est de fournir des produits sp\u00e9cialis\u00e9s de qualit\u00e9 pour l&rsquo;industrie de la peinture et d\u00e9coration int\u00e9rieure, \u00e0 des prix comp\u00e9titifs, offrant un environnement de croissance rentable et durable.<\/p>\n\n\n\n<p>Nous entretenons un partenariat avec nos clients et fournisseurs pour d\u00e9velopper des strat\u00e9gies gagnantes afin de faire fructifier leur entreprise efficacement.<\/p>\n\n\n\n<p>Nous cherchons constamment \u00e0 rendre Martin &amp; Associ\u00e9s synonyme de produits de qualit\u00e9 et service extraordinaire auxquels nos clients se sont habitu\u00e9s.&nbsp;Ce qui nous m\u00e8ne \u00e0 mettre la barre \u00e0 un nouveau niveau.<\/p>\n<\/div>\n<\/div>\n\n\n\n<div class=\"wp-block-buttons is-content-justification-center is-layout-flex wp-container-core-buttons-is-layout-16018d1d wp-block-buttons-is-layout-flex\">\n<div class=\"wp-block-button\"><a class=\"wp-block-button__link has-background wp-element-button\" href=\"https:\/\/martind.ca\/fr\/mon-compte\/\" style=\"background-color:#278184\">CLIQUEZ ICI POUR VOUS CONNECTER \u00c0 VOTRE COMPTE OU <br>POUR VOUS INSCRIRE EN TANT QUE NOUVEAU REVENDEUR<\/a><\/div>\n<\/div>\n\n\n\n<hr class=\"wp-block-separator has-css-opacity alignfull\"\/>\n\n\n\n<h3 class=\"wp-block-heading\">Pourquoi choisir Martin et associ\u00e9s?<\/h3>\n\n\n\n<ul class=\"wp-block-list\">\n<li>Compagnie canadienne depuis 1994<\/li>\n\n\n\n<li>Logiciel et syst\u00e8me EDI \u00e0 la fine pointe de la technologie<\/li>\n\n\n\n<li>Personnel enti\u00e8rement bilingue<\/li>\n\n\n\n<li>Entreprise ax\u00e9e sur la qualit\u00e9<\/li>\n\n\n\n<li>Capacit\u00e9s mondiales d&rsquo;approvisionnement<\/li>\n\n\n\n<li>Nous desservons le Canada de l\u2019est \u00e0 l\u2019ouest<\/li>\n\n\n\n<li>Capacit\u00e9 de marque priv\u00e9e<\/li>\n\n\n\n<li>Une compagnie de la Groupe Dover Martin<\/li>\n<\/ul>\n\n\n\n<hr class=\"wp-block-separator has-css-opacity\"\/>\n\n\n\n<div class=\"wp-block-columns is-layout-flex wp-container-core-columns-is-layout-9d6595d7 wp-block-columns-is-layout-flex\">\n<div class=\"wp-block-column is-layout-flow wp-block-column-is-layout-flow\">\n<iframe src=\"https:\/\/www.google.com\/maps\/embed?pb=!1m18!1m12!1m3!1d3059.4566536053085!2d-73.71108952344844!3d45.48556447107425!2m3!1f0!2f0!3f0!3m2!1i1024!2i768!4f13.1!3m3!1m2!1s0x4cc917b2ee2e47b7%3A0x73e3f4bbc4cb775!2sDover%20Finishing%20Products%20(DFP)%20Inc.!5e1!3m2!1sen!2sfr!4v1774112233040!5m2!1sen!2sfr\" width=\"600\" height=\"450\" style=\"border:0;\" allowfullscreen=\"\" loading=\"lazy\" referrerpolicy=\"no-referrer-when-downgrade\"><\/iframe>\n<\/div>\n\n\n\n<div class=\"wp-block-column is-layout-flow wp-block-column-is-layout-flow\" id=\"contactus\">\n<div class=\"wpcf7 no-js\" id=\"wpcf7-f66-o1\" lang=\"fr-FR\" dir=\"ltr\" data-wpcf7-id=\"66\">\n<div class=\"screen-reader-response\"><p role=\"status\" aria-live=\"polite\" aria-atomic=\"true\"><\/p> <ul><\/ul><\/div>\n<form action=\"\/fr\/wp-json\/wp\/v2\/pages\/116#wpcf7-f66-o1\" method=\"post\" class=\"wpcf7-form init\" aria-label=\"Formulaire de contact\" novalidate=\"novalidate\" data-status=\"init\">\n<div style=\"display: none;\">\n<input type=\"hidden\" name=\"_wpcf7\" value=\"66\" \/>\n<input type=\"hidden\" name=\"_wpcf7_version\" value=\"6.0.5\" \/>\n<input type=\"hidden\" name=\"_wpcf7_locale\" value=\"fr_FR\" \/>\n<input type=\"hidden\" name=\"_wpcf7_unit_tag\" value=\"wpcf7-f66-o1\" \/>\n<input type=\"hidden\" name=\"_wpcf7_container_post\" value=\"0\" \/>\n<input type=\"hidden\" name=\"_wpcf7_posted_data_hash\" value=\"\" \/>\n<\/div>\n<p><label> Votre nom<br \/>\n<span class=\"wpcf7-form-control-wrap\" data-name=\"your-name\"><input size=\"40\" maxlength=\"400\" class=\"wpcf7-form-control wpcf7-text wpcf7-validates-as-required\" aria-required=\"true\" aria-invalid=\"false\" value=\"\" type=\"text\" name=\"your-name\" \/><\/span> <\/label>\n<\/p>\n<p><label> Votre courriel<br \/>\n<span class=\"wpcf7-form-control-wrap\" data-name=\"your-email\"><input size=\"40\" maxlength=\"400\" class=\"wpcf7-form-control wpcf7-email wpcf7-validates-as-required wpcf7-text wpcf7-validates-as-email\" aria-required=\"true\" aria-invalid=\"false\" value=\"\" type=\"email\" name=\"your-email\" \/><\/span> <\/label>\n<\/p>\n<p><label> Sujet<br \/>\n<span class=\"wpcf7-form-control-wrap\" data-name=\"your-subject\"><input size=\"40\" maxlength=\"400\" class=\"wpcf7-form-control wpcf7-text wpcf7-validates-as-required\" aria-required=\"true\" aria-invalid=\"false\" value=\"\" type=\"text\" name=\"your-subject\" \/><\/span> <\/label>\n<\/p>\n<p><label> Votre message (optionel)<br \/>\n<span class=\"wpcf7-form-control-wrap\" data-name=\"your-message\"><textarea cols=\"40\" rows=\"10\" maxlength=\"2000\" class=\"wpcf7-form-control wpcf7-textarea\" aria-invalid=\"false\" name=\"your-message\"><\/textarea><\/span> <\/label><br \/>\n<span id=\"wpcf7-69e1fd941ef86-wrapper\" class=\"wpcf7-form-control-wrap email-335-wrap\" style=\"display:none !important; visibility:hidden !important;\"><input type=\"hidden\" name=\"email-335-time-start\" value=\"1776418196\"><input type=\"hidden\" name=\"email-335-time-check\" value=\"5\"><label for=\"wpcf7-69e1fd941ef86-field\" class=\"hp-message\">Veuillez laisser ce champ vide.<\/label><input id=\"wpcf7-69e1fd941ef86-field\"  class=\"wpcf7-form-control wpcf7-text\" type=\"text\" name=\"email-335\" value=\"\" size=\"40\" tabindex=\"-1\" autocomplete=\"new-password\" \/><\/span><br \/>\n<input class=\"wpcf7-form-control wpcf7-submit has-spinner\" type=\"submit\" value=\"Envoyer\" \/>\n<\/p><div class=\"wpcf7-response-output\" aria-hidden=\"true\"><\/div>\n<\/form>\n<\/div>\n\n<\/div>\n<\/div>\n","protected":false},"excerpt":{"rendered":"<p>PROFIL CORPORATIF Martin &amp; Associ\u00e9s a \u00e9t\u00e9 fond\u00e9e en 1994 et est au service de l\u2019industrie de la peinture, d\u00e9coration int\u00e9rieure et de la quincaillerie. Ce qui nous distingue est notre statut d&rsquo;agent et de distributeur ; nous permettant d&rsquo;offrir la meilleure m\u00e9thode d&rsquo;approvisionnement pour nos clients. Notre mission d&rsquo;entreprise est de fournir des produits [&hellip;]<\/p>\n","protected":false},"author":3,"featured_media":0,"parent":0,"menu_order":0,"comment_status":"closed","ping_status":"closed","template":"","meta":{"footnotes":""},"class_list":["post-116","page","type-page","status-publish","hentry"],"_links":{"self":[{"href":"https:\/\/martind.ca\/fr\/wp-json\/wp\/v2\/pages\/116","targetHints":{"allow":["GET"]}}],"collection":[{"href":"https:\/\/martind.ca\/fr\/wp-json\/wp\/v2\/pages"}],"about":[{"href":"https:\/\/martind.ca\/fr\/wp-json\/wp\/v2\/types\/page"}],"author":[{"embeddable":true,"href":"https:\/\/martind.ca\/fr\/wp-json\/wp\/v2\/users\/3"}],"replies":[{"embeddable":true,"href":"https:\/\/martind.ca\/fr\/wp-json\/wp\/v2\/comments?post=116"}],"version-history":[{"count":6,"href":"https:\/\/martind.ca\/fr\/wp-json\/wp\/v2\/pages\/116\/revisions"}],"predecessor-version":[{"id":24213,"href":"https:\/\/martind.ca\/fr\/wp-json\/wp\/v2\/pages\/116\/revisions\/24213"}],"wp:attachment":[{"href":"https:\/\/martind.ca\/fr\/wp-json\/wp\/v2\/media?parent=116"}],"curies":[{"name":"wp","href":"https:\/\/api.w.org\/{rel}","templated":true}]}}